{"id":1384,"date":"2024-04-24T14:42:39","date_gmt":"2024-04-24T14:42:39","guid":{"rendered":"https:\/\/schades.com\/de\/?page_id=1384"},"modified":"2025-03-24T12:16:01","modified_gmt":"2025-03-24T12:16:01","slug":"ecpa","status":"publish","type":"page","link":"https:\/\/schades.com\/de\/um\/ecpa\/","title":{"rendered":"ECPA"},"content":{"rendered":"<div \n\tid=\"block-3\"\n\tclass=\"strip  block-3 position-relative\"\n\tstyle=\"\"\n\t>\n\t\n\t\n\t<div \n\tid=\"block-4\"\n\tclass=\"container  block-4 position-relative\"\n\tstyle=\"\"\n\t>\n\t\n\t\n\n\n\t\t<style>\n\t\t.block-5:not(.v-middle):not(.v-bottom) > .column:not(.position-sticky) {\n\t\t\theight: 100%;\n\t\t}\n\t\t\n\t\t\t\t\t.block-5 {\n\t\t\t\theight: 56px !important;\n\t\t\t}\n\t\t\n\t\t\t\t\t@media ( min-width: 767px ) and ( max-width: 991px ) {\n\t\t\t\t.block-5 {\n\t\t\t\t\theight: 100px !important;\n\t\t\t\t}\n\t\t\t}\n\t\t\n\t\t\t\t\t@media ( min-width: 992px ) and ( max-width: 1199px ) {\n\t\t\t\t.block-5 {\n\t\t\t\t\theight: 100px !important;\n\t\t\t\t}\n\t\t\t}\n\t\t\n\t\t\t\t\t@media ( min-width: 1200px ) {\n\t\t\t\t.block-5 {\n\t\t\t\t\theight: 100px !important;\n\t\t\t\t}\n\t\t\t}\n\t\t\t<\/style>\n<div \n\tid=\"block-5\"\n\tclass=\"row  block-5 height-mobile height-tablet height-medium height-large position-relative\"\n\tstyle=\"\"\n\t>\n\t\n\t\n\t\t\t\n\t\n\t\n<\/div>\t\t\n\t\n\t\n<\/div>\t\t\n\t\n\t\n<\/div>\n\n<div \n\tid=\"block-153\"\n\tclass=\"strip  block-153 position-relative\"\n\tstyle=\"margin-bottom:50px;\"\n\t>\n\t\n\t\n\t<div \n\tid=\"block-154\"\n\tclass=\"container  block-154 container-fluid position-relative\"\n\tstyle=\"\"\n\t>\n\t\n\t\n\n\n\n\n\t<div \n\tid=\"block-155\"\n\tclass=\"row  block-155 position-relative\"\n\tstyle=\"\"\n\t>\n\t\n\t\n\n\n\t<div \n\tid=\"block-156\"\n\tclass=\"core-paragraph  block-156 position-relative\"\n\tstyle=\"\"\n\t>\n\t\n\t\n<p><\/p>\n\n\t\t\t\n\t\n\t\n<\/div>\t\t\n\t\n\t\n<\/div><div \n\tid=\"block-158\"\n\tclass=\"row  block-158 v-middle position-relative\"\n\tstyle=\"\"\n\t>\n\t\n\t\n\n\n\n\n\n\n\t<div \n\tid=\"block-159\"\n\tclass=\"column  block-159 col-sm-6 col-md-6 col-lg-6 position-relative cc-curved-image-container cc-curved-image-container--left cc-with-spiral\"\n\tstyle=\"padding-left:0px;padding-right:0px;\"\n\t>\n\t\n\t\n\n\n\t<div \n\tid=\"block-160\"\n\tclass=\"core-image  block-160 position-relative\"\n\tstyle=\"\"\n\t>\n\t\n\t\n<figure class=\"wp-block-image size-full\"><img data-src=\"https:\/\/schades.com\/wp-content\/uploads\/2025\/03\/imageECPA4.jpg\" alt=\"\" class=\"wp-image-3178 lazy\"\/><\/figure>\n\n\t\t\t\n\t\n\t\n<\/div>\t\t\n\t\n\t\n<\/div><div \n\tid=\"block-162\"\n\tclass=\"column  block-162 col-md-1 col-lg-1 position-relative hidden-xs hidden-sm hidden-md\"\n\tstyle=\"\"\n\t>\n\t\n\t\n\n\n\t<div \n\tid=\"block-163\"\n\tclass=\"core-paragraph  block-163 position-relative\"\n\tstyle=\"\"\n\t>\n\t\n\t\n<p><\/p>\n\n\t\t\t\n\t\n\t\n<\/div>\t\t\n\t\n\t\n<\/div><div \n\tid=\"block-165\"\n\tclass=\"column  block-165 col-xs-12 col-sm-6 col-md-6 col-lg-5 position-relative\"\n\tstyle=\"\"\n\t>\n\t\n\t\n\n\n\t<div \n\tid=\"block-166\"\n\tclass=\"row  block-166 position-relative\"\n\tstyle=\"\"\n\t>\n\t\n\t\n\n\n\n\n\n\n\n\n\t<div \n\tid=\"block-167\"\n\tclass=\"core-spacer  block-167 position-relative\"\n\tstyle=\"\"\n\t>\n\t\n\t\n<div style=\"height:24px\" aria-hidden=\"true\" class=\"wp-block-spacer\"><\/div>\n\n\t\t\t\n\t\n\t\n<\/div><div \n\tid=\"block-169\"\n\tclass=\"column  block-169 col-xs-12 col-sm-11 col-md-11 col-lg-11 position-relative\"\n\tstyle=\"padding-top:30px;padding-bottom:30px;\"\n\t>\n\t\n\t\n\n\n\n\n\n\n\n\n\n\n\n\n\n\n\n\n\n\n\t<div \n\tid=\"block-170\"\n\tclass=\"core-heading  block-170 position-relative\"\n\tstyle=\"\"\n\t>\n\t\n\t\n<h1 class=\"wp-block-heading has-primary-color has-text-color has-link-color\">European Converted Paper Association<\/h1>\n\n\t\t\t\n\t\n\t\n<\/div><div \n\tid=\"block-172\"\n\tclass=\"core-image  block-172 position-relative\"\n\tstyle=\"\"\n\t>\n\t\n\t\n<figure class=\"wp-block-image size-full\"><img data-src=\"https:\/\/schades.com\/wp-content\/uploads\/2025\/03\/logoECPA-Custom-1.jpg\" alt=\"\" class=\"wp-image-3189 lazy\"\/><\/figure>\n\n\t\t\t\n\t\n\t\n<\/div><div \n\tid=\"block-174\"\n\tclass=\"core-separator  block-174 position-relative\"\n\tstyle=\"\"\n\t>\n\t\n\t\n<hr class=\"wp-block-separator has-alpha-channel-opacity\"\/>\n\n\t\t\t\n\t\n\t\n<\/div><div \n\tid=\"block-176\"\n\tclass=\"core-paragraph  block-176 position-relative\"\n\tstyle=\"\"\n\t>\n\t\n\t\n<p>Der europ\u00e4ische Verband f\u00fcr Papierverarbeitung ECPA (European Converted Paper Association) ist die gemeinsame Stimme der europ\u00e4ischen Papierindustrie. Als Vertreter eines vielf\u00e4ltigen Netzwerks aus Herstellern und Lieferanten widmet sich die ECPA der Unterst\u00fctzung von Unternehmen mit hochwertigen L\u00f6sungen f\u00fcr Funktionspapier.<\/p>\n\n\t\t\t\n\t\n\t\n<\/div><div \n\tid=\"block-178\"\n\tclass=\"core-paragraph  block-178 position-relative\"\n\tstyle=\"\"\n\t>\n\t\n\t\n<p><strong>Mission<\/strong><\/p>\n\n\t\t\t\n\t\n\t\n<\/div><div \n\tid=\"block-180\"\n\tclass=\"core-paragraph  block-180 position-relative\"\n\tstyle=\"\"\n\t>\n\t\n\t\n<p>Ziel der ECPA ist es, Interessenvertreter der Branche unter einer gemeinsamen Mission zu vereinen: den Wert von Papierbelegen als unverzichtbares Instrument f\u00fcr Transparenz, Sicherheit und Verbrauchervertrauen zu f\u00f6rdern.<\/p>\n\n\t\t\t\n\t\n\t\n<\/div><div \n\tid=\"block-182\"\n\tclass=\"core-paragraph  block-182 position-relative\"\n\tstyle=\"\"\n\t>\n\t\n\t\n<p><strong>Interessenvertretung und Vorteile<\/strong><\/p>\n\n\t\t\t\n\t\n\t\n<\/div><div \n\tid=\"block-184\"\n\tclass=\"core-paragraph  block-184 position-relative\"\n\tstyle=\"\"\n\t>\n\t\n\t\n<p>Die ECPA setzt sich f\u00fcr die Vorteile von Papierbelegen ein, die f\u00fcr eine korrekte Preisauszeichnung, eine \u00fcbersichtliche Dokumentation und die Einhaltung der Verbraucherschutzgesetze unerl\u00e4sslich sind. Durch das Vertreten der Interessen iherer Mitglieder auf europ\u00e4ischer Ebene f\u00f6rdert die ECPA den konstruktiven Dialog mit politischen Entscheidungstr\u00e4gern, Regulierungsbeh\u00f6rden und anderen Interessengruppen, um eine Zukunft zu gestalten, in der Papierprodukte ein fester Bestandteil des modernen Handels bleiben.<\/p>\n\n\t\t\t\n\t\n\t\n<\/div><div \n\tid=\"block-186\"\n\tclass=\"core-paragraph  block-186 position-relative\"\n\tstyle=\"\"\n\t>\n\t\n\t\n<p>Weitere Informationen finden Sie auf der ECPA-Website.<\/p>\n\n\t\t\t\n\t\n\t\n<\/div>\t\t\n\t\n\t\n<\/div><div \n\tid=\"block-188\"\n\tclass=\"column  block-188 col-xs-1 col-sm-1 col-md-1 col-lg-1 position-relative hidden-xs\"\n\tstyle=\"\"\n\t>\n\t\n\t\n\t\t\t\n\t\n\t\n<\/div><div \n\tid=\"block-190\"\n\tclass=\"column  block-190 position-relative col-xs-12 cc_btn-align\"\n\tstyle=\"padding-left:0px;padding-right:0px;\"\n\t>\n\t\n\t\n\n\n\t\n\t\n\t\n\t\t\n\t\t<a\n\t\t\tclass=\"button  block-191 position-relative has-link\"\n\t\t\tstyle=\"\"\n\t\t\thref=\"https:\/\/ecpaassociation.eu\/\"\n\t\t\t\t\t\t\t\t\t\t\t\t\t\t\t\t\t>\n\t\t\t\n\t\t\tecpaassociation.eu\n\t\t\t\t\t<\/a>\n\n\t\n\t\t\n\t\n\t\n<\/div>\t\t\n\t\n\t\n<\/div>\t\t\n\t\n\t\n<\/div>\t\t\n\t\n\t\n<\/div>\t\t\n\t\n\t\n<\/div>\t\t\n\t\n\t\n<\/div>","protected":false},"excerpt":{"rendered":"","protected":false},"author":1,"featured_media":0,"parent":5,"menu_order":0,"comment_status":"closed","ping_status":"closed","template":"","meta":{"_acf_changed":false,"footnotes":""},"class_list":["post-1384","page","type-page","status-publish","hentry"],"acf":[],"yoast_head":"<!-- This site is optimized with the Yoast SEO plugin v27.3 - https:\/\/yoast.com\/product\/yoast-seo-wordpress\/ -->\n<title>ECPA - Schades Germany<\/title>\n<meta name=\"robots\" content=\"index, follow, max-snippet:-1, max-image-preview:large, max-video-preview:-1\" \/>\n<link rel=\"canonical\" href=\"https:\/\/schades.com\/de\/um\/ecpa\/\" \/>\n<meta property=\"og:locale\" content=\"de_DE\" \/>\n<meta property=\"og:type\" content=\"article\" \/>\n<meta property=\"og:title\" content=\"ECPA - Schades Germany\" \/>\n<meta property=\"og:url\" content=\"https:\/\/schades.com\/de\/um\/ecpa\/\" \/>\n<meta property=\"og:site_name\" content=\"Schades Germany\" \/>\n<meta property=\"article:modified_time\" content=\"2025-03-24T12:16:01+00:00\" \/>\n<meta property=\"og:image\" content=\"https:\/\/schades.com\/wp-content\/uploads\/2025\/03\/imageECPA4.jpg\" \/>\n<meta name=\"twitter:card\" content=\"summary_large_image\" \/>\n<meta name=\"twitter:label1\" content=\"Gesch\u00e4tzte Lesezeit\" \/>\n\t<meta name=\"twitter:data1\" content=\"2\u00a0Minuten\" \/>\n<script type=\"application\/ld+json\" class=\"yoast-schema-graph\">{\"@context\":\"https:\\\/\\\/schema.org\",\"@graph\":[{\"@type\":\"WebPage\",\"@id\":\"https:\\\/\\\/schades.com\\\/de\\\/um\\\/ecpa\\\/\",\"url\":\"https:\\\/\\\/schades.com\\\/de\\\/um\\\/ecpa\\\/\",\"name\":\"ECPA - Schades Germany\",\"isPartOf\":{\"@id\":\"\\\/#website\"},\"primaryImageOfPage\":{\"@id\":\"https:\\\/\\\/schades.com\\\/de\\\/um\\\/ecpa\\\/#primaryimage\"},\"image\":{\"@id\":\"https:\\\/\\\/schades.com\\\/de\\\/um\\\/ecpa\\\/#primaryimage\"},\"thumbnailUrl\":\"https:\\\/\\\/schades.com\\\/wp-content\\\/uploads\\\/2025\\\/03\\\/imageECPA4.jpg\",\"datePublished\":\"2024-04-24T14:42:39+00:00\",\"dateModified\":\"2025-03-24T12:16:01+00:00\",\"breadcrumb\":{\"@id\":\"https:\\\/\\\/schades.com\\\/de\\\/um\\\/ecpa\\\/#breadcrumb\"},\"inLanguage\":\"de\",\"potentialAction\":[{\"@type\":\"ReadAction\",\"target\":[\"https:\\\/\\\/schades.com\\\/de\\\/um\\\/ecpa\\\/\"]}]},{\"@type\":\"ImageObject\",\"inLanguage\":\"de\",\"@id\":\"https:\\\/\\\/schades.com\\\/de\\\/um\\\/ecpa\\\/#primaryimage\",\"url\":\"https:\\\/\\\/schades.com\\\/wp-content\\\/uploads\\\/2025\\\/03\\\/imageECPA4.jpg\",\"contentUrl\":\"https:\\\/\\\/schades.com\\\/wp-content\\\/uploads\\\/2025\\\/03\\\/imageECPA4.jpg\"},{\"@type\":\"BreadcrumbList\",\"@id\":\"https:\\\/\\\/schades.com\\\/de\\\/um\\\/ecpa\\\/#breadcrumb\",\"itemListElement\":[{\"@type\":\"ListItem\",\"position\":1,\"name\":\"Home\",\"item\":\"https:\\\/\\\/schades.com\\\/de\\\/\"},{\"@type\":\"ListItem\",\"position\":2,\"name\":\"Um\",\"item\":\"https:\\\/\\\/schades.com\\\/de\\\/um\\\/\"},{\"@type\":\"ListItem\",\"position\":3,\"name\":\"ECPA\"}]},{\"@type\":\"WebSite\",\"@id\":\"\\\/#website\",\"url\":\"\\\/\",\"name\":\"Schades Germany\",\"description\":\"\",\"potentialAction\":[{\"@type\":\"SearchAction\",\"target\":{\"@type\":\"EntryPoint\",\"urlTemplate\":\"\\\/?s={search_term_string}\"},\"query-input\":{\"@type\":\"PropertyValueSpecification\",\"valueRequired\":true,\"valueName\":\"search_term_string\"}}],\"inLanguage\":\"de\"}]}<\/script>\n<!-- \/ Yoast SEO plugin. -->","yoast_head_json":{"title":"ECPA - Schades Germany","robots":{"index":"index","follow":"follow","max-snippet":"max-snippet:-1","max-image-preview":"max-image-preview:large","max-video-preview":"max-video-preview:-1"},"canonical":"https:\/\/schades.com\/de\/um\/ecpa\/","og_locale":"de_DE","og_type":"article","og_title":"ECPA - Schades Germany","og_url":"https:\/\/schades.com\/de\/um\/ecpa\/","og_site_name":"Schades Germany","article_modified_time":"2025-03-24T12:16:01+00:00","og_image":[{"url":"https:\/\/schades.com\/wp-content\/uploads\/2025\/03\/imageECPA4.jpg","type":"","width":"","height":""}],"twitter_card":"summary_large_image","twitter_misc":{"Gesch\u00e4tzte Lesezeit":"2\u00a0Minuten"},"schema":{"@context":"https:\/\/schema.org","@graph":[{"@type":"WebPage","@id":"https:\/\/schades.com\/de\/um\/ecpa\/","url":"https:\/\/schades.com\/de\/um\/ecpa\/","name":"ECPA - Schades Germany","isPartOf":{"@id":"\/#website"},"primaryImageOfPage":{"@id":"https:\/\/schades.com\/de\/um\/ecpa\/#primaryimage"},"image":{"@id":"https:\/\/schades.com\/de\/um\/ecpa\/#primaryimage"},"thumbnailUrl":"https:\/\/schades.com\/wp-content\/uploads\/2025\/03\/imageECPA4.jpg","datePublished":"2024-04-24T14:42:39+00:00","dateModified":"2025-03-24T12:16:01+00:00","breadcrumb":{"@id":"https:\/\/schades.com\/de\/um\/ecpa\/#breadcrumb"},"inLanguage":"de","potentialAction":[{"@type":"ReadAction","target":["https:\/\/schades.com\/de\/um\/ecpa\/"]}]},{"@type":"ImageObject","inLanguage":"de","@id":"https:\/\/schades.com\/de\/um\/ecpa\/#primaryimage","url":"https:\/\/schades.com\/wp-content\/uploads\/2025\/03\/imageECPA4.jpg","contentUrl":"https:\/\/schades.com\/wp-content\/uploads\/2025\/03\/imageECPA4.jpg"},{"@type":"BreadcrumbList","@id":"https:\/\/schades.com\/de\/um\/ecpa\/#breadcrumb","itemListElement":[{"@type":"ListItem","position":1,"name":"Home","item":"https:\/\/schades.com\/de\/"},{"@type":"ListItem","position":2,"name":"Um","item":"https:\/\/schades.com\/de\/um\/"},{"@type":"ListItem","position":3,"name":"ECPA"}]},{"@type":"WebSite","@id":"\/#website","url":"\/","name":"Schades Germany","description":"","potentialAction":[{"@type":"SearchAction","target":{"@type":"EntryPoint","urlTemplate":"\/?s={search_term_string}"},"query-input":{"@type":"PropertyValueSpecification","valueRequired":true,"valueName":"search_term_string"}}],"inLanguage":"de"}]}},"_links":{"self":[{"href":"https:\/\/schades.com\/de\/wp-json\/wp\/v2\/pages\/1384","targetHints":{"allow":["GET"]}}],"collection":[{"href":"https:\/\/schades.com\/de\/wp-json\/wp\/v2\/pages"}],"about":[{"href":"https:\/\/schades.com\/de\/wp-json\/wp\/v2\/types\/page"}],"author":[{"embeddable":true,"href":"https:\/\/schades.com\/de\/wp-json\/wp\/v2\/users\/1"}],"replies":[{"embeddable":true,"href":"https:\/\/schades.com\/de\/wp-json\/wp\/v2\/comments?post=1384"}],"version-history":[{"count":2,"href":"https:\/\/schades.com\/de\/wp-json\/wp\/v2\/pages\/1384\/revisions"}],"predecessor-version":[{"id":2486,"href":"https:\/\/schades.com\/de\/wp-json\/wp\/v2\/pages\/1384\/revisions\/2486"}],"up":[{"embeddable":true,"href":"https:\/\/schades.com\/de\/wp-json\/wp\/v2\/pages\/5"}],"wp:attachment":[{"href":"https:\/\/schades.com\/de\/wp-json\/wp\/v2\/media?parent=1384"}],"curies":[{"name":"wp","href":"https:\/\/api.w.org\/{rel}","templated":true}]}}