{"id":807,"date":"2024-04-03T14:05:37","date_gmt":"2024-04-03T14:05:37","guid":{"rendered":"https:\/\/schades.com\/de\/?page_id=807"},"modified":"2024-11-14T17:29:03","modified_gmt":"2024-11-14T17:29:03","slug":"cookie-richtlinie","status":"publish","type":"page","link":"https:\/\/schades.com\/de\/cookie-richtlinie\/","title":{"rendered":"Cookie-Richtlinie"},"content":{"rendered":"<div \n\tid=\"block-3\"\n\tclass=\"strip  block-3 position-relative\"\n\tstyle=\"\"\n\t>\n\t\n\t\n\t<div \n\tid=\"block-4\"\n\tclass=\"container  block-4 position-relative\"\n\tstyle=\"\"\n\t>\n\t\n\t\r\n\r\n\n\t\t<style>\n\t\t.block-5:not(.v-middle):not(.v-bottom) > .column:not(.position-sticky) {\n\t\t\theight: 100%;\n\t\t}\n\t\t\n\t\t\t\t\t.block-5 {\n\t\t\t\theight: 100px !important;\n\t\t\t}\n\t\t\n\t\t\t\t\t@media ( min-width: 767px ) and ( max-width: 991px ) {\n\t\t\t\t.block-5 {\n\t\t\t\t\theight: 200px !important;\n\t\t\t\t}\n\t\t\t}\n\t\t\n\t\t\t\t\t@media ( min-width: 992px ) and ( max-width: 1199px ) {\n\t\t\t\t.block-5 {\n\t\t\t\t\theight: 200px !important;\n\t\t\t\t}\n\t\t\t}\n\t\t\n\t\t\t\t\t@media ( min-width: 1200px ) {\n\t\t\t\t.block-5 {\n\t\t\t\t\theight: 170px !important;\n\t\t\t\t}\n\t\t\t}\n\t\t\t<\/style>\n<div \n\tid=\"block-5\"\n\tclass=\"row  block-5 height-mobile height-tablet height-medium height-large position-relative\"\n\tstyle=\"\"\n\t>\n\t\n\t\n\t\t\t\n\t\n\t\n<\/div>\t\t\n\t\n\t\n<\/div>\t\t\n\t\n\t\n<\/div>\r\n<div \n\tid=\"block-326\"\n\tclass=\"strip  block-326 position-relative\"\n\tstyle=\"\"\n\t>\n\t\n\t\n\t<div \n\tid=\"block-327\"\n\tclass=\"container  block-327 position-relative\"\n\tstyle=\"\"\n\t>\n\t\n\t\r\n\r\n\n\t<div \n\tid=\"block-328\"\n\tclass=\"row  block-328 position-relative\"\n\tstyle=\"\"\n\t>\n\t\n\t\r\n\r\n\r\n\n\t<div \n\tid=\"block-329\"\n\tclass=\"column  block-329 position-relative col-xs-12\"\n\tstyle=\"margin-bottom:30px;\"\n\t>\n\t\n\t\r\n\r\n\n\t<div \n\tid=\"block-330\"\n\tclass=\"core-heading  block-330 position-relative\"\n\tstyle=\"\"\n\t>\n\t\n\t\r\n<h1 class=\"wp-block-heading\">Cookie-Richtlinie<\/h1>\r\n\n\t\t\t\n\t\n\t\n<\/div>\t\t\n\t\n\t\n<\/div><div \n\tid=\"block-332\"\n\tclass=\"column  block-332 position-relative col-xs-12\"\n\tstyle=\"margin-bottom:50px;\"\n\t>\n\t\n\t\r\n\r\n\r\n\r\n\r\n\r\n\r\n\r\n\r\n\r\n\r\n\r\n\r\n\r\n\r\n\r\n\r\n\r\n\r\n\r\n\r\n\r\n\r\n\r\n\r\n\r\n\r\n\r\n\r\n\r\n\r\n\r\n\r\n\r\n\r\n\r\n\r\n\r\n\r\n\r\n\r\n\r\n\r\n\r\n\r\n\r\n\r\n\r\n\r\n\r\n\r\n\r\n\n\t<div \n\tid=\"block-333\"\n\tclass=\"core-paragraph  block-333 position-relative\"\n\tstyle=\"\"\n\t>\n\t\n\t\r\n<p>Unsere Website verwendet <strong>Cookies<\/strong> , um Sie von anderen Benutzern unserer Website zu unterscheiden. Dies hilft uns dabei, Ihnen beim Surfen auf unserer Website ein gutes Erlebnis zu bieten und erm\u00f6glicht es uns auch, unsere Website zu verbessern.<\/p>\r\n\n\t\t\t\n\t\n\t\n<\/div><div \n\tid=\"block-335\"\n\tclass=\"core-paragraph  block-335 position-relative\"\n\tstyle=\"\"\n\t>\n\t\n\t\r\n<p>Ein <strong>Cookie<\/strong> ist eine kleine Datei aus Buchstaben und Zahlen, die wir mit Ihrem Einverst\u00e4ndnis in Ihrem Browser oder auf der Festplatte Ihres Computers speichern.<\/p>\r\n\n\t\t\t\n\t\n\t\n<\/div><div \n\tid=\"block-337\"\n\tclass=\"core-paragraph  block-337 position-relative\"\n\tstyle=\"\"\n\t>\n\t\n\t\r\n<p><strong>Cookies<\/strong> enthalten Informationen, die auf die Festplatte Ihres Computers \u00fcbertragen werden.<\/p>\r\n\n\t\t\t\n\t\n\t\n<\/div><div \n\tid=\"block-339\"\n\tclass=\"core-paragraph  block-339 position-relative\"\n\tstyle=\"\"\n\t>\n\t\n\t\r\n<p>Wir verwenden folgende <strong>Cookies<\/strong> :<\/p>\r\n\n\t\t\t\n\t\n\t\n<\/div><div \n\tid=\"block-341\"\n\tclass=\"core-paragraph  block-341 position-relative\"\n\tstyle=\"\"\n\t>\n\t\n\t\r\n<p><strong>Unbedingt erforderliche Cookies.<\/strong> Dies sind <strong>Cookies<\/strong> , die f\u00fcr den Betrieb unserer Website erforderlich sind. Dazu geh\u00f6ren beispielsweise <strong>Cookies<\/strong> , die es Ihnen erm\u00f6glichen, sich in sichere Bereiche unserer Website einzuloggen, einen Einkaufswagen zu verwenden oder E-Billing-Dienste in Anspruch zu nehmen.<\/p>\r\n\n\t\t\t\n\t\n\t\n<\/div><div \n\tid=\"block-343\"\n\tclass=\"core-paragraph  block-343 position-relative\"\n\tstyle=\"\"\n\t>\n\t\n\t\r\n<p><strong>Analytische oder Leistungs-Cookies.<\/strong> Diese erm\u00f6glichen es uns, die Anzahl der Besucher zu erkennen und zu z\u00e4hlen und zu sehen, wie sich Besucher auf unserer Website bewegen, wenn sie diese nutzen. Dies hilft uns, die Funktionsweise unserer Website zu verbessern, indem wir beispielsweise sicherstellen, dass Benutzer leicht finden, wonach sie suchen.<\/p>\r\n\n\t\t\t\n\t\n\t\n<\/div><div \n\tid=\"block-345\"\n\tclass=\"core-paragraph  block-345 position-relative\"\n\tstyle=\"\"\n\t>\n\t\n\t\r\n<p><strong>Funktionscookies.<\/strong> Diese werden verwendet, um Sie wiederzuerkennen, wenn Sie auf unsere Website zur\u00fcckkehren. Auf diese Weise k\u00f6nnen wir unsere Inhalte f\u00fcr Sie personalisieren, Sie mit Namen begr\u00fc\u00dfen und Ihre Pr\u00e4ferenzen speichern.<\/p>\r\n\n\t\t\t\n\t\n\t\n<\/div><div \n\tid=\"block-347\"\n\tclass=\"core-paragraph  block-347 position-relative\"\n\tstyle=\"\"\n\t>\n\t\n\t\r\n<p><strong>Targeting-Cookies.<\/strong> Diese <strong>Cookies<\/strong> zeichnen Ihren Besuch auf unserer Website, die von Ihnen besuchten Seiten und die von Ihnen angeklickten Links auf. Wir verwenden diese Informationen, um unsere Website und die darauf angezeigte Werbung Ihren Interessen entsprechend zu gestalten. Zu diesem Zweck k\u00f6nnen wir diese Informationen auch an Dritte weitergeben.<\/p>\r\n\n\t\t\t\n\t\n\t\n<\/div><div \n\tid=\"block-349\"\n\tclass=\"core-paragraph  block-349 position-relative\"\n\tstyle=\"\"\n\t>\n\t\n\t\r\n<p>Nachfolgend finden Sie weitere Informationen zu den einzelnen von uns verwendeten <strong>Cookies<\/strong> und den Zwecken, f\u00fcr die wir sie verwenden:<\/p>\r\n\n\t\t\t\n\t\n\t\n<\/div><div \n\tid=\"block-351\"\n\tclass=\"core-paragraph  block-351 position-relative\"\n\tstyle=\"\"\n\t>\n\t\n\t\r\n<p><strong>Name des Cookies<\/strong><\/p>\r\n\n\t\t\t\n\t\n\t\n<\/div><div \n\tid=\"block-353\"\n\tclass=\"core-paragraph  block-353 position-relative\"\n\tstyle=\"\"\n\t>\n\t\n\t\r\n<p>Cookie-Richtlinie f\u00fcr Google Analytics<\/p>\r\n\n\t\t\t\n\t\n\t\n<\/div><div \n\tid=\"block-355\"\n\tclass=\"core-paragraph  block-355 position-relative\"\n\tstyle=\"\"\n\t>\n\t\n\t\r\n<p>Name des Cookies: _ga<\/p>\r\n\n\t\t\t\n\t\n\t\n<\/div><div \n\tid=\"block-357\"\n\tclass=\"core-paragraph  block-357 position-relative\"\n\tstyle=\"\"\n\t>\n\t\n\t\r\n<p>Dieses Cookie wird f\u00fcr die Verfolgung und Aufzeichnung von Daten von Google Analytics verwendet und hat eine Laufzeit von 2 Jahren.<\/p>\r\n\n\t\t\t\n\t\n\t\n<\/div><div \n\tid=\"block-359\"\n\tclass=\"core-paragraph  block-359 position-relative\"\n\tstyle=\"\"\n\t>\n\t\n\t\r\n<p>Zweck des Cookies:<\/p>\r\n\n\t\t\t\n\t\n\t\n<\/div><div \n\tid=\"block-361\"\n\tclass=\"core-paragraph  block-361 position-relative\"\n\tstyle=\"\"\n\t>\n\t\n\t\r\n<p>Dieses Cookie wird f\u00fcr folgende Zwecke verwendet:<\/p>\r\n\n\t\t\t\n\t\n\t\n<\/div><div \n\tid=\"block-363\"\n\tclass=\"core-paragraph  block-363 position-relative\"\n\tstyle=\"\"\n\t>\n\t\n\t\r\n<p>(a) Sch\u00e4tzen Sie die Gr\u00f6\u00dfe unseres Publikums und unser Nutzungsmuster.<\/p>\r\n\n\t\t\t\n\t\n\t\n<\/div><div \n\tid=\"block-365\"\n\tclass=\"core-paragraph  block-365 position-relative\"\n\tstyle=\"\"\n\t>\n\t\n\t\r\n<p>(b) Sie wiederzuerkennen, wenn Sie auf unsere Website zur\u00fcckkehren.<\/p>\r\n\n\t\t\t\n\t\n\t\n<\/div><div \n\tid=\"block-367\"\n\tclass=\"core-paragraph  block-367 position-relative\"\n\tstyle=\"\"\n\t>\n\t\n\t\r\n<p>(c) Erm\u00f6glichen Sie uns, Daten dar\u00fcber zu sammeln, wie Sie unsere Website nutzen, um Ihr Browser-Erlebnis zu verbessern.<\/p>\r\n\n\t\t\t\n\t\n\t\n<\/div><div \n\tid=\"block-369\"\n\tclass=\"core-paragraph  block-369 position-relative\"\n\tstyle=\"\"\n\t>\n\t\n\t\r\n<p>Zu den von diesem Cookie gesammelten Informationen geh\u00f6ren unter anderem die Anzahl der Besuche auf unserer Website, die aufgerufenen Seiten und die Verweildauer auf unserer Website. Diese Informationen werden verwendet, um den Inhalt und die Struktur unserer Website zu verbessern und Ihnen ein pers\u00f6nlicheres Surferlebnis zu bieten.<\/p>\r\n\n\t\t\t\n\t\n\t\n<\/div><div \n\tid=\"block-371\"\n\tclass=\"core-paragraph  block-371 position-relative\"\n\tstyle=\"\"\n\t>\n\t\n\t\r\n<p>Cookie-Richtlinie f\u00fcr Facebook-Werbung:<\/p>\r\n\n\t\t\t\n\t\n\t\n<\/div><div \n\tid=\"block-373\"\n\tclass=\"core-paragraph  block-373 position-relative\"\n\tstyle=\"\"\n\t>\n\t\n\t\r\n<p>Name des Cookies: Facebook Pixel<\/p>\r\n\n\t\t\t\n\t\n\t\n<\/div><div \n\tid=\"block-375\"\n\tclass=\"core-paragraph  block-375 position-relative\"\n\tstyle=\"\"\n\t>\n\t\n\t\r\n<p>Zweck und Dauer:<\/p>\r\n\n\t\t\t\n\t\n\t\n<\/div><div \n\tid=\"block-377\"\n\tclass=\"core-paragraph  block-377 position-relative\"\n\tstyle=\"\"\n\t>\n\t\n\t\r\n<p>Dieses Cookie wird von Facebook Ads verwendet, um Informationen \u00fcber Ihre Nutzung unserer Website zu sammeln. Die durch dieses Cookie gesammelten Informationen werden verwendet, um Ihnen gezielte Werbung auf Facebook und den Websites seiner Partner zu liefern. Das Cookie hat eine Laufzeit von 90 Tagen.<\/p>\r\n\n\t\t\t\n\t\n\t\n<\/div><div \n\tid=\"block-379\"\n\tclass=\"core-paragraph  block-379 position-relative\"\n\tstyle=\"\"\n\t>\n\t\n\t\r\n<p>Dieses Cookie wird f\u00fcr folgende Zwecke verwendet:<\/p>\r\n\n\t\t\t\n\t\n\t\n<\/div><div \n\tid=\"block-381\"\n\tclass=\"core-paragraph  block-381 position-relative\"\n\tstyle=\"\"\n\t>\n\t\n\t\r\n<p>(a) Bereitstellung gezielter Werbung auf Facebook und den Websites seiner Partner.<\/p>\r\n\n\t\t\t\n\t\n\t\n<\/div><div \n\tid=\"block-383\"\n\tclass=\"core-paragraph  block-383 position-relative\"\n\tstyle=\"\"\n\t>\n\t\n\t\r\n<p>(b) Conversions von Facebook-Anzeigen verfolgen.<\/p>\r\n\n\t\t\t\n\t\n\t\n<\/div><div \n\tid=\"block-385\"\n\tclass=\"core-paragraph  block-385 position-relative\"\n\tstyle=\"\"\n\t>\n\t\n\t\r\n<p>Indem Sie unsere Website nutzen, stimmen Sie der Verwendung des Facebook-Pixel-Cookies durch Facebook Ads zu.<\/p>\r\n\n\t\t\t\n\t\n\t\n<\/div><div \n\tid=\"block-387\"\n\tclass=\"core-paragraph  block-387 position-relative\"\n\tstyle=\"\"\n\t>\n\t\n\t\r\n<p>Cookie-Richtlinie f\u00fcr TikTok-Werbung:<\/p>\r\n\n\t\t\t\n\t\n\t\n<\/div><div \n\tid=\"block-389\"\n\tclass=\"core-paragraph  block-389 position-relative\"\n\tstyle=\"\"\n\t>\n\t\n\t\r\n<p>Name des Cookies: TikTok Pixel<\/p>\r\n\n\t\t\t\n\t\n\t\n<\/div><div \n\tid=\"block-391\"\n\tclass=\"core-paragraph  block-391 position-relative\"\n\tstyle=\"\"\n\t>\n\t\n\t\r\n<p>Zweck und Dauer:<\/p>\r\n\n\t\t\t\n\t\n\t\n<\/div><div \n\tid=\"block-393\"\n\tclass=\"core-paragraph  block-393 position-relative\"\n\tstyle=\"\"\n\t>\n\t\n\t\r\n<p>Dieses Cookie wird von TikTok Ads verwendet, um Informationen \u00fcber Ihre Nutzung unserer Website zu sammeln. Die durch dieses Cookie gesammelten Informationen werden verwendet, um Ihnen gezielte Werbung auf der TikTok-App und den Websites ihrer Partner bereitzustellen. Das Cookie hat eine Laufzeit von 90 Tagen.<\/p>\r\n\n\t\t\t\n\t\n\t\n<\/div><div \n\tid=\"block-395\"\n\tclass=\"core-paragraph  block-395 position-relative\"\n\tstyle=\"\"\n\t>\n\t\n\t\r\n<p>Dieses Cookie wird f\u00fcr folgende Zwecke verwendet:<\/p>\r\n\n\t\t\t\n\t\n\t\n<\/div><div \n\tid=\"block-397\"\n\tclass=\"core-paragraph  block-397 position-relative\"\n\tstyle=\"\"\n\t>\n\t\n\t\r\n<p>(a) Bereitstellung zielgerichteter Werbung auf der TikTok-App und den Websites ihrer Partner.<\/p>\r\n\n\t\t\t\n\t\n\t\n<\/div><div \n\tid=\"block-399\"\n\tclass=\"core-paragraph  block-399 position-relative\"\n\tstyle=\"\"\n\t>\n\t\n\t\r\n<p>(b) Conversions von TikTok-Anzeigen verfolgen.<\/p>\r\n\n\t\t\t\n\t\n\t\n<\/div><div \n\tid=\"block-401\"\n\tclass=\"core-paragraph  block-401 position-relative\"\n\tstyle=\"\"\n\t>\n\t\n\t\r\n<p>Indem Sie unsere Website nutzen, stimmen Sie der Verwendung des TikTok-Pixel-Cookies durch TikTok Ads zu.<\/p>\r\n\n\t\t\t\n\t\n\t\n<\/div><div \n\tid=\"block-403\"\n\tclass=\"core-paragraph  block-403 position-relative\"\n\tstyle=\"\"\n\t>\n\t\n\t\r\n<p>Durch die Nutzung unserer Website stimmen Sie der Verwendung dieses Cookies f\u00fcr diese Zwecke zu. Wenn Sie mit der Verwendung dieses Cookies nicht einverstanden sind, k\u00f6nnen Sie die Verwendung von Cookies in Ihren Browsereinstellungen deaktivieren.<\/p>\r\n\n\t\t\t\n\t\n\t\n<\/div><div \n\tid=\"block-405\"\n\tclass=\"core-paragraph  block-405 position-relative\"\n\tstyle=\"\"\n\t>\n\t\n\t\r\n<p>Bitte beachten Sie, dass Dritte, wie Werbenetzwerke und Anbieter externer Dienste wie Web-Traffic-Analysedienste, m\u00f6glicherweise auch Cookies verwenden, \u00fcber die wir keine Kontrolle haben. Diese Cookies von Drittanbietern k\u00f6nnen Analyse-Cookies, Leistungs-Cookies oder Targeting-Cookies umfassen.<\/p>\r\n\n\t\t\t\n\t\n\t\n<\/div><div \n\tid=\"block-407\"\n\tclass=\"core-paragraph  block-407 position-relative\"\n\tstyle=\"\"\n\t>\n\t\n\t\r\n<p>Wir geben die durch <strong>Cookies<\/strong> gesammelten Informationen nicht an Dritte weiter.<\/p>\r\n\n\t\t\t\n\t\n\t\n<\/div><div \n\tid=\"block-409\"\n\tclass=\"core-paragraph  block-409 position-relative\"\n\tstyle=\"\"\n\t>\n\t\n\t\r\n<p>Sie k\u00f6nnen ausw\u00e4hlen, welche Analyse-, Funktions- und Targeting <strong>-Cookies<\/strong> wir setzen d\u00fcrfen, indem Sie auf die folgende(n) Schaltfl\u00e4che(n) klicken:<\/p>\r\n\n\t\t\t\n\t\n\t\n<\/div><div \n\tid=\"block-411\"\n\tclass=\"core-paragraph  block-411 position-relative\"\n\tstyle=\"\"\n\t>\n\t\n\t\r\n<p>Unbedingt erforderliche <strong>Cookies<\/strong> <strong>AUS<\/strong><\/p>\r\n\n\t\t\t\n\t\n\t\n<\/div><div \n\tid=\"block-413\"\n\tclass=\"core-paragraph  block-413 position-relative\"\n\tstyle=\"\"\n\t>\n\t\n\t\r\n<p>Analytische oder Leistungs <strong>-Cookies<\/strong> <strong>AUS<\/strong><\/p>\r\n\n\t\t\t\n\t\n\t\n<\/div><div \n\tid=\"block-415\"\n\tclass=\"core-paragraph  block-415 position-relative\"\n\tstyle=\"\"\n\t>\n\t\n\t\r\n<p><strong>Funktionscookies<\/strong> <strong>AUS<\/strong><\/p>\r\n\n\t\t\t\n\t\n\t\n<\/div><div \n\tid=\"block-417\"\n\tclass=\"core-paragraph  block-417 position-relative\"\n\tstyle=\"\"\n\t>\n\t\n\t\r\n<p>Targeting <strong>Cookies<\/strong> <strong>AUS<\/strong><\/p>\r\n\n\t\t\t\n\t\n\t\n<\/div><div \n\tid=\"block-419\"\n\tclass=\"core-paragraph  block-419 position-relative\"\n\tstyle=\"\"\n\t>\n\t\n\t\r\n<p>Wenn Sie jedoch in Ihren Browsereinstellungen alle <strong>Cookies<\/strong> (einschlie\u00dflich unbedingt erforderlicher <strong>Cookies<\/strong> ) blockieren, k\u00f6nnen Sie m\u00f6glicherweise nicht auf alle oder Teile unserer Website zugreifen.<\/p>\r\n\n\t\t\t\n\t\n\t\n<\/div><div \n\tid=\"block-421\"\n\tclass=\"core-paragraph  block-421 position-relative\"\n\tstyle=\"\"\n\t>\n\t\n\t\r\n<p><a href=\"https:\/\/uk.practicallaw.thomsonreuters.com\/Document\/I908b99ae555111e9adfea82903531a62\/View\/FullText.html?navigationPath=Search%2Fv1%2Fresults%2Fnavigation%2Fi0ad62af0000001831cde4ae648cd41df%3Fppcid%3Da8fe59026e454bf0b4dee9370304809f%26Nav%3DKNOWHOW_UK%26fragmentIdentifier%3DI908b99ae555111e9adfea82903531a62%26parentRank%3D0%26startIndex%3D1%26contextData%3D%2528sc.Search%2529%26transitionType%3DSearchItem&amp;listSource=Search&amp;listPageSource=36da2b9e832aca19b84ce4f168082bf6&amp;list=KNOWHOW_UK&amp;rank=1&amp;sessionScopeId=8d39f90807acd655ea1a5b313e24c93dd4c453f7fa3180a7728db956b798305e&amp;ppcid=a8fe59026e454bf0b4dee9370304809f&amp;originationContext=Search%20Result&amp;transitionType=SearchItem&amp;contextData=(sc.Search)&amp;comp=pluk&amp;navId=4113A989801747BC11C3690630419F5C&amp;view=hidealldraftingnotes\"><\/a><\/p>\r\n\n\t\t\t\n\t\n\t\n<\/div><div \n\tid=\"block-423\"\n\tclass=\"core-paragraph  block-423 position-relative\"\n\tstyle=\"\"\n\t>\n\t\n\t\r\n<p>Mit Ausnahme der unbedingt erforderlichen <strong>Cookies<\/strong> verlieren alle <strong>Cookies<\/strong> nach [2 Jahren] ihre G\u00fcltigkeit.<\/p>\r\n\n\t\t\t\n\t\n\t\n<\/div><div \n\tid=\"block-425\"\n\tclass=\"core-heading  block-425 position-relative\"\n\tstyle=\"\"\n\t>\n\t\n\t\r\n<h4 class=\"wp-block-heading\">Mehr Informationen.<\/h4>\r\n\n\t\t\t\n\t\n\t\n<\/div><div \n\tid=\"block-427\"\n\tclass=\"core-paragraph  block-427 position-relative\"\n\tstyle=\"\"\n\t>\n\t\n\t\r\n<p>Wir hoffen, dass dies die Dinge f\u00fcr Sie gekl\u00e4rt hat. Und wie bereits erw\u00e4hnt, ist es normalerweise sicherer, Cookies aktiviert zu lassen, falls sie mit einer der Funktionen interagieren, die Sie auf unserer Site verwenden, falls Sie nicht sicher sind, ob Sie etwas ben\u00f6tigen oder nicht.<\/p>\r\n\n\t\t\t\n\t\n\t\n<\/div><div \n\tid=\"block-429\"\n\tclass=\"core-paragraph  block-429 position-relative\"\n\tstyle=\"\"\n\t>\n\t\n\t\r\n<p>Wenn Sie jedoch noch weitere Informationen ben\u00f6tigen, k\u00f6nnen Sie uns \u00fcber eine unserer bevorzugten Kontaktmethoden erreichen:<\/p>\r\n\n\t\t\t\n\t\n\t\n<\/div><div \n\tid=\"block-431\"\n\tclass=\"core-list  block-431 position-relative\"\n\tstyle=\"\"\n\t>\n\t\n\t\r\n<ul><\/ul>\r\n\n\t<div \n\tid=\"block-432\"\n\tclass=\"core-list-item  block-432 position-relative\"\n\tstyle=\"\"\n\t>\n\t\n\t\r\n<li><\/li>\r\n\n\t\t\t\n\t\n\t\n<\/div>\t\t\n\t\n\t\n<\/div><div \n\tid=\"block-434\"\n\tclass=\"core-paragraph  block-434 position-relative\"\n\tstyle=\"\"\n\t>\n\t\n\t\r\n<p>E-Mail: <a href=\"mailto:info@schades.com\">schades@schades.com<\/a><\/p>\r\n\n\t\t\t\n\t\n\t\n<\/div>\t\t\n\t\n\t\n<\/div>\t\t\n\t\n\t\n<\/div>\t\t\n\t\n\t\n<\/div>\t\t\n\t\n\t\n<\/div>\r\n","protected":false},"excerpt":{"rendered":"","protected":false},"author":1,"featured_media":0,"parent":0,"menu_order":0,"comment_status":"closed","ping_status":"closed","template":"","meta":{"_acf_changed":false,"footnotes":""},"class_list":["post-807","page","type-page","status-publish","hentry"],"acf":[],"yoast_head":"<!-- This site is optimized with the Yoast SEO plugin v27.3 - https:\/\/yoast.com\/product\/yoast-seo-wordpress\/ -->\n<title>Cookie Richtlinie | Schades Group<\/title>\n<meta name=\"description\" content=\"Our cookie policy. The cookies collected by Schades and how we use this data.\" \/>\n<meta name=\"robots\" content=\"index, follow, max-snippet:-1, max-image-preview:large, max-video-preview:-1\" \/>\n<link rel=\"canonical\" href=\"https:\/\/schades.com\/de\/cookie-richtlinie\/\" \/>\n<meta property=\"og:locale\" content=\"de_DE\" \/>\n<meta property=\"og:type\" content=\"article\" \/>\n<meta property=\"og:title\" content=\"Cookie Richtlinie | Schades Group\" \/>\n<meta property=\"og:description\" content=\"Our cookie policy. The cookies collected by Schades and how we use this data.\" \/>\n<meta property=\"og:url\" content=\"https:\/\/schades.com\/de\/cookie-richtlinie\/\" \/>\n<meta property=\"og:site_name\" content=\"Schades Germany\" \/>\n<meta property=\"article:modified_time\" content=\"2024-11-14T17:29:03+00:00\" \/>\n<meta name=\"twitter:card\" content=\"summary_large_image\" \/>\n<meta name=\"twitter:label1\" content=\"Gesch\u00e4tzte Lesezeit\" \/>\n\t<meta name=\"twitter:data1\" content=\"5\u00a0Minuten\" \/>\n<script type=\"application\/ld+json\" class=\"yoast-schema-graph\">{\"@context\":\"https:\\\/\\\/schema.org\",\"@graph\":[{\"@type\":\"WebPage\",\"@id\":\"https:\\\/\\\/schades.com\\\/de\\\/cookie-richtlinie\\\/\",\"url\":\"https:\\\/\\\/schades.com\\\/de\\\/cookie-richtlinie\\\/\",\"name\":\"Cookie Richtlinie | Schades Group\",\"isPartOf\":{\"@id\":\"\\\/#website\"},\"datePublished\":\"2024-04-03T14:05:37+00:00\",\"dateModified\":\"2024-11-14T17:29:03+00:00\",\"description\":\"Our cookie policy. The cookies collected by Schades and how we use this data.\",\"breadcrumb\":{\"@id\":\"https:\\\/\\\/schades.com\\\/de\\\/cookie-richtlinie\\\/#breadcrumb\"},\"inLanguage\":\"de\",\"potentialAction\":[{\"@type\":\"ReadAction\",\"target\":[\"https:\\\/\\\/schades.com\\\/de\\\/cookie-richtlinie\\\/\"]}]},{\"@type\":\"BreadcrumbList\",\"@id\":\"https:\\\/\\\/schades.com\\\/de\\\/cookie-richtlinie\\\/#breadcrumb\",\"itemListElement\":[{\"@type\":\"ListItem\",\"position\":1,\"name\":\"Home\",\"item\":\"https:\\\/\\\/schades.com\\\/de\\\/\"},{\"@type\":\"ListItem\",\"position\":2,\"name\":\"Cookie-Richtlinie\"}]},{\"@type\":\"WebSite\",\"@id\":\"\\\/#website\",\"url\":\"\\\/\",\"name\":\"Schades Germany\",\"description\":\"\",\"potentialAction\":[{\"@type\":\"SearchAction\",\"target\":{\"@type\":\"EntryPoint\",\"urlTemplate\":\"\\\/?s={search_term_string}\"},\"query-input\":{\"@type\":\"PropertyValueSpecification\",\"valueRequired\":true,\"valueName\":\"search_term_string\"}}],\"inLanguage\":\"de\"}]}<\/script>\n<!-- \/ Yoast SEO plugin. -->","yoast_head_json":{"title":"Cookie Richtlinie | Schades Group","description":"Our cookie policy. The cookies collected by Schades and how we use this data.","robots":{"index":"index","follow":"follow","max-snippet":"max-snippet:-1","max-image-preview":"max-image-preview:large","max-video-preview":"max-video-preview:-1"},"canonical":"https:\/\/schades.com\/de\/cookie-richtlinie\/","og_locale":"de_DE","og_type":"article","og_title":"Cookie Richtlinie | Schades Group","og_description":"Our cookie policy. The cookies collected by Schades and how we use this data.","og_url":"https:\/\/schades.com\/de\/cookie-richtlinie\/","og_site_name":"Schades Germany","article_modified_time":"2024-11-14T17:29:03+00:00","twitter_card":"summary_large_image","twitter_misc":{"Gesch\u00e4tzte Lesezeit":"5\u00a0Minuten"},"schema":{"@context":"https:\/\/schema.org","@graph":[{"@type":"WebPage","@id":"https:\/\/schades.com\/de\/cookie-richtlinie\/","url":"https:\/\/schades.com\/de\/cookie-richtlinie\/","name":"Cookie Richtlinie | Schades Group","isPartOf":{"@id":"\/#website"},"datePublished":"2024-04-03T14:05:37+00:00","dateModified":"2024-11-14T17:29:03+00:00","description":"Our cookie policy. The cookies collected by Schades and how we use this data.","breadcrumb":{"@id":"https:\/\/schades.com\/de\/cookie-richtlinie\/#breadcrumb"},"inLanguage":"de","potentialAction":[{"@type":"ReadAction","target":["https:\/\/schades.com\/de\/cookie-richtlinie\/"]}]},{"@type":"BreadcrumbList","@id":"https:\/\/schades.com\/de\/cookie-richtlinie\/#breadcrumb","itemListElement":[{"@type":"ListItem","position":1,"name":"Home","item":"https:\/\/schades.com\/de\/"},{"@type":"ListItem","position":2,"name":"Cookie-Richtlinie"}]},{"@type":"WebSite","@id":"\/#website","url":"\/","name":"Schades Germany","description":"","potentialAction":[{"@type":"SearchAction","target":{"@type":"EntryPoint","urlTemplate":"\/?s={search_term_string}"},"query-input":{"@type":"PropertyValueSpecification","valueRequired":true,"valueName":"search_term_string"}}],"inLanguage":"de"}]}},"_links":{"self":[{"href":"https:\/\/schades.com\/de\/wp-json\/wp\/v2\/pages\/807","targetHints":{"allow":["GET"]}}],"collection":[{"href":"https:\/\/schades.com\/de\/wp-json\/wp\/v2\/pages"}],"about":[{"href":"https:\/\/schades.com\/de\/wp-json\/wp\/v2\/types\/page"}],"author":[{"embeddable":true,"href":"https:\/\/schades.com\/de\/wp-json\/wp\/v2\/users\/1"}],"replies":[{"embeddable":true,"href":"https:\/\/schades.com\/de\/wp-json\/wp\/v2\/comments?post=807"}],"version-history":[{"count":11,"href":"https:\/\/schades.com\/de\/wp-json\/wp\/v2\/pages\/807\/revisions"}],"predecessor-version":[{"id":1999,"href":"https:\/\/schades.com\/de\/wp-json\/wp\/v2\/pages\/807\/revisions\/1999"}],"wp:attachment":[{"href":"https:\/\/schades.com\/de\/wp-json\/wp\/v2\/media?parent=807"}],"curies":[{"name":"wp","href":"https:\/\/api.w.org\/{rel}","templated":true}]}}