{"id":1384,"date":"2024-04-24T14:42:39","date_gmt":"2024-04-24T14:42:39","guid":{"rendered":"https:\/\/schades.com\/sp\/?page_id=1384"},"modified":"2025-05-29T09:03:00","modified_gmt":"2025-05-29T09:03:00","slug":"ecpa","status":"publish","type":"page","link":"https:\/\/schades.com\/es\/acerca-de\/ecpa\/","title":{"rendered":"ECPA"},"content":{"rendered":"<div \n\tid=\"block-3\"\n\tclass=\"strip  block-3 position-relative\"\n\tstyle=\"\"\n\t>\n\t\n\t\n\t<div \n\tid=\"block-4\"\n\tclass=\"container  block-4 position-relative\"\n\tstyle=\"\"\n\t>\n\t\n\t\n\n\n\t\t<style>\n\t\t.block-5:not(.v-middle):not(.v-bottom) > .column:not(.position-sticky) {\n\t\t\theight: 100%;\n\t\t}\n\t\t\n\t\t\t\t\t.block-5 {\n\t\t\t\theight: 56px !important;\n\t\t\t}\n\t\t\n\t\t\t\t\t@media ( min-width: 767px ) and ( max-width: 991px ) {\n\t\t\t\t.block-5 {\n\t\t\t\t\theight: 100px !important;\n\t\t\t\t}\n\t\t\t}\n\t\t\n\t\t\t\t\t@media ( min-width: 992px ) and ( max-width: 1199px ) {\n\t\t\t\t.block-5 {\n\t\t\t\t\theight: 100px !important;\n\t\t\t\t}\n\t\t\t}\n\t\t\n\t\t\t\t\t@media ( min-width: 1200px ) {\n\t\t\t\t.block-5 {\n\t\t\t\t\theight: 100px !important;\n\t\t\t\t}\n\t\t\t}\n\t\t\t<\/style>\n<div \n\tid=\"block-5\"\n\tclass=\"row  block-5 height-mobile height-tablet height-medium height-large position-relative\"\n\tstyle=\"\"\n\t>\n\t\n\t\n\t\t\t\n\t\n\t\n<\/div>\t\t\n\t\n\t\n<\/div>\t\t\n\t\n\t\n<\/div>\n\n<div \n\tid=\"block-153\"\n\tclass=\"strip  block-153 position-relative\"\n\tstyle=\"margin-bottom:50px;\"\n\t>\n\t\n\t\n\t<div \n\tid=\"block-154\"\n\tclass=\"container  block-154 container-fluid position-relative\"\n\tstyle=\"\"\n\t>\n\t\n\t\n\n\n\n\n\t<div \n\tid=\"block-155\"\n\tclass=\"row  block-155 position-relative\"\n\tstyle=\"\"\n\t>\n\t\n\t\n\n\n\t<div \n\tid=\"block-156\"\n\tclass=\"core-paragraph  block-156 position-relative\"\n\tstyle=\"\"\n\t>\n\t\n\t\n<p><\/p>\n\n\t\t\t\n\t\n\t\n<\/div>\t\t\n\t\n\t\n<\/div><div \n\tid=\"block-158\"\n\tclass=\"row  block-158 v-middle position-relative\"\n\tstyle=\"\"\n\t>\n\t\n\t\n\n\n\n\n\n\n\t<div \n\tid=\"block-159\"\n\tclass=\"column  block-159 col-sm-6 col-md-6 col-lg-6 position-relative cc-curved-image-container cc-curved-image-container--left cc-with-spiral\"\n\tstyle=\"padding-left:0px;padding-right:0px;\"\n\t>\n\t\n\t\n\n\n\t<div \n\tid=\"block-160\"\n\tclass=\"core-image  block-160 position-relative\"\n\tstyle=\"\"\n\t>\n\t\n\t\n<figure class=\"wp-block-image size-full\"><img data-src=\"https:\/\/schades.com\/wp-content\/uploads\/2025\/03\/imageECPA4.jpg\" alt=\"\" class=\"wp-image-3178 lazy\"\/><\/figure>\n\n\t\t\t\n\t\n\t\n<\/div>\t\t\n\t\n\t\n<\/div><div \n\tid=\"block-162\"\n\tclass=\"column  block-162 col-md-1 col-lg-1 position-relative hidden-xs hidden-sm hidden-md\"\n\tstyle=\"\"\n\t>\n\t\n\t\n\n\n\t<div \n\tid=\"block-163\"\n\tclass=\"core-paragraph  block-163 position-relative\"\n\tstyle=\"\"\n\t>\n\t\n\t\n<p><\/p>\n\n\t\t\t\n\t\n\t\n<\/div>\t\t\n\t\n\t\n<\/div><div \n\tid=\"block-165\"\n\tclass=\"column  block-165 col-xs-12 col-sm-6 col-md-6 col-lg-5 position-relative\"\n\tstyle=\"\"\n\t>\n\t\n\t\n\n\n\t<div \n\tid=\"block-166\"\n\tclass=\"row  block-166 position-relative\"\n\tstyle=\"\"\n\t>\n\t\n\t\n\n\n\n\n\n\n\n\n\t<div \n\tid=\"block-167\"\n\tclass=\"core-spacer  block-167 position-relative\"\n\tstyle=\"\"\n\t>\n\t\n\t\n<div style=\"height:24px\" aria-hidden=\"true\" class=\"wp-block-spacer\"><\/div>\n\n\t\t\t\n\t\n\t\n<\/div><div \n\tid=\"block-169\"\n\tclass=\"column  block-169 col-xs-12 col-sm-11 col-md-11 col-lg-11 position-relative\"\n\tstyle=\"padding-top:30px;padding-bottom:30px;\"\n\t>\n\t\n\t\n\n\n\n\n\n\n\n\n\n\n\n\n\n\n\n\n\n\n\t<div \n\tid=\"block-170\"\n\tclass=\"core-heading  block-170 position-relative\"\n\tstyle=\"\"\n\t>\n\t\n\t\n<h1 class=\"wp-block-heading has-primary-color has-text-color has-link-color\">European Converted Paper Association<\/h1>\n\n\t\t\t\n\t\n\t\n<\/div><div \n\tid=\"block-172\"\n\tclass=\"core-image  block-172 position-relative\"\n\tstyle=\"\"\n\t>\n\t\n\t\n<figure class=\"wp-block-image size-full\"><img data-src=\"https:\/\/schades.com\/wp-content\/uploads\/2025\/03\/logoECPA-Custom-1.jpg\" alt=\"\" class=\"wp-image-3189 lazy\"\/><\/figure>\n\n\t\t\t\n\t\n\t\n<\/div><div \n\tid=\"block-174\"\n\tclass=\"core-separator  block-174 position-relative\"\n\tstyle=\"\"\n\t>\n\t\n\t\n<hr class=\"wp-block-separator has-alpha-channel-opacity\"\/>\n\n\t\t\t\n\t\n\t\n<\/div><div \n\tid=\"block-176\"\n\tclass=\"core-paragraph  block-176 position-relative\"\n\tstyle=\"\"\n\t>\n\t\n\t\n<p>La European Converted Paper Association (ECPA, por sus siglas en ingl\u00e9s) es la voz colectiva de la industria del papel transformado en Europa. Representando una red diversa de fabricantes y proveedores, ECPA est\u00e1 dedicada a apoyar a las empresas con soluciones de papel funcional de alta calidad.<\/p>\n\n\t\t\t\n\t\n\t\n<\/div><div \n\tid=\"block-178\"\n\tclass=\"core-paragraph  block-178 position-relative\"\n\tstyle=\"\"\n\t>\n\t\n\t\n<p><strong>Misi\u00f3n<\/strong><\/p>\n\n\t\t\t\n\t\n\t\n<\/div><div \n\tid=\"block-180\"\n\tclass=\"core-paragraph  block-180 position-relative\"\n\tstyle=\"\"\n\t>\n\t\n\t\n<p>ECPA tiene como objetivo unir a los actores de la industria bajo una misi\u00f3n com\u00fan: promover el valor de los recibos en papel como herramientas indispensables para la transparencia, la seguridad y la confianza del consumidor.<\/p>\n\n\t\t\t\n\t\n\t\n<\/div><div \n\tid=\"block-182\"\n\tclass=\"core-paragraph  block-182 position-relative\"\n\tstyle=\"\"\n\t>\n\t\n\t\n<p><strong>Defensa y Beneficios<\/strong><\/p>\n\n\t\t\t\n\t\n\t\n<\/div><div \n\tid=\"block-184\"\n\tclass=\"core-paragraph  block-184 position-relative\"\n\tstyle=\"\"\n\t>\n\t\n\t\n<p>ECPA defiende los beneficios de los recibos en papel, que son esenciales para garantizar precios precisos, un registro claro y el cumplimiento de la legislaci\u00f3n sobre derechos del consumidor. Al representar los intereses de sus miembros a nivel europeo, ECPA fomenta un di\u00e1logo constructivo con responsables pol\u00edticos, reguladores y otros actores para moldear un futuro en el que los productos de papel sigan siendo parte integral del comercio moderno.<\/p>\n\n\t\t\t\n\t\n\t\n<\/div><div \n\tid=\"block-186\"\n\tclass=\"core-paragraph  block-186 position-relative\"\n\tstyle=\"\"\n\t>\n\t\n\t\n<p>Para m\u00e1s informaci\u00f3n, visita el sitio web de ECPA.<\/p>\n\n\t\t\t\n\t\n\t\n<\/div>\t\t\n\t\n\t\n<\/div><div \n\tid=\"block-188\"\n\tclass=\"column  block-188 col-xs-1 col-sm-1 col-md-1 col-lg-1 position-relative hidden-xs\"\n\tstyle=\"\"\n\t>\n\t\n\t\n\t\t\t\n\t\n\t\n<\/div><div \n\tid=\"block-190\"\n\tclass=\"column  block-190 position-relative col-xs-12 cc_btn-align\"\n\tstyle=\"padding-left:0px;padding-right:0px;\"\n\t>\n\t\n\t\n\n\n\t\n\t\n\t\n\t\t\n\t\t<a\n\t\t\tclass=\"button  block-191 position-relative has-link\"\n\t\t\tstyle=\"\"\n\t\t\thref=\"https:\/\/ecpaassociation.eu\/\"\n\t\t\t\t\t\t\t\t\t\t\t\t\t\t\t\t\t>\n\t\t\t\n\t\t\tecpaassociation.eu\n\t\t\t\t\t<\/a>\n\n\t\n\t\t\n\t\n\t\n<\/div>\t\t\n\t\n\t\n<\/div>\t\t\n\t\n\t\n<\/div>\t\t\n\t\n\t\n<\/div>\t\t\n\t\n\t\n<\/div>\t\t\n\t\n\t\n<\/div>","protected":false},"excerpt":{"rendered":"","protected":false},"author":1,"featured_media":0,"parent":5,"menu_order":0,"comment_status":"closed","ping_status":"closed","template":"","meta":{"_acf_changed":false,"footnotes":""},"class_list":["post-1384","page","type-page","status-publish","hentry"],"acf":[],"yoast_head":"<!-- This site is optimized with the Yoast SEO plugin v27.3 - https:\/\/yoast.com\/product\/yoast-seo-wordpress\/ -->\n<title>ECPA | Schades Group<\/title>\n<meta name=\"robots\" content=\"index, follow, max-snippet:-1, max-image-preview:large, max-video-preview:-1\" \/>\n<link rel=\"canonical\" href=\"https:\/\/schades.com\/es\/acerca-de\/ecpa\/\" \/>\n<meta property=\"og:locale\" content=\"es_ES\" \/>\n<meta property=\"og:type\" content=\"article\" \/>\n<meta property=\"og:title\" content=\"ECPA | Schades Group\" \/>\n<meta property=\"og:url\" content=\"https:\/\/schades.com\/es\/acerca-de\/ecpa\/\" \/>\n<meta property=\"og:site_name\" content=\"Schades Spain\" \/>\n<meta property=\"article:modified_time\" content=\"2025-05-29T09:03:00+00:00\" \/>\n<meta property=\"og:image\" content=\"https:\/\/schades.com\/wp-content\/uploads\/2025\/03\/imageECPA4.jpg\" \/>\n<meta name=\"twitter:card\" content=\"summary_large_image\" \/>\n<meta name=\"twitter:label1\" content=\"Tiempo de lectura\" \/>\n\t<meta name=\"twitter:data1\" content=\"2 minutos\" \/>\n<script type=\"application\/ld+json\" class=\"yoast-schema-graph\">{\"@context\":\"https:\\\/\\\/schema.org\",\"@graph\":[{\"@type\":\"WebPage\",\"@id\":\"https:\\\/\\\/schades.com\\\/es\\\/acerca-de\\\/ecpa\\\/\",\"url\":\"https:\\\/\\\/schades.com\\\/es\\\/acerca-de\\\/ecpa\\\/\",\"name\":\"ECPA | Schades Group\",\"isPartOf\":{\"@id\":\"https:\\\/\\\/schades.com\\\/es\\\/#website\"},\"primaryImageOfPage\":{\"@id\":\"https:\\\/\\\/schades.com\\\/es\\\/acerca-de\\\/ecpa\\\/#primaryimage\"},\"image\":{\"@id\":\"https:\\\/\\\/schades.com\\\/es\\\/acerca-de\\\/ecpa\\\/#primaryimage\"},\"thumbnailUrl\":\"https:\\\/\\\/schades.com\\\/wp-content\\\/uploads\\\/2025\\\/03\\\/imageECPA4.jpg\",\"datePublished\":\"2024-04-24T14:42:39+00:00\",\"dateModified\":\"2025-05-29T09:03:00+00:00\",\"breadcrumb\":{\"@id\":\"https:\\\/\\\/schades.com\\\/es\\\/acerca-de\\\/ecpa\\\/#breadcrumb\"},\"inLanguage\":\"es\",\"potentialAction\":[{\"@type\":\"ReadAction\",\"target\":[\"https:\\\/\\\/schades.com\\\/es\\\/acerca-de\\\/ecpa\\\/\"]}]},{\"@type\":\"ImageObject\",\"inLanguage\":\"es\",\"@id\":\"https:\\\/\\\/schades.com\\\/es\\\/acerca-de\\\/ecpa\\\/#primaryimage\",\"url\":\"https:\\\/\\\/schades.com\\\/wp-content\\\/uploads\\\/2025\\\/03\\\/imageECPA4.jpg\",\"contentUrl\":\"https:\\\/\\\/schades.com\\\/wp-content\\\/uploads\\\/2025\\\/03\\\/imageECPA4.jpg\"},{\"@type\":\"BreadcrumbList\",\"@id\":\"https:\\\/\\\/schades.com\\\/es\\\/acerca-de\\\/ecpa\\\/#breadcrumb\",\"itemListElement\":[{\"@type\":\"ListItem\",\"position\":1,\"name\":\"Home\",\"item\":\"https:\\\/\\\/schades.com\\\/es\\\/\"},{\"@type\":\"ListItem\",\"position\":2,\"name\":\"Acerca de\",\"item\":\"https:\\\/\\\/schades.com\\\/es\\\/acerca-de\\\/\"},{\"@type\":\"ListItem\",\"position\":3,\"name\":\"ECPA\"}]},{\"@type\":\"WebSite\",\"@id\":\"https:\\\/\\\/schades.com\\\/es\\\/#website\",\"url\":\"https:\\\/\\\/schades.com\\\/es\\\/\",\"name\":\"Schades Spain\",\"description\":\"\",\"potentialAction\":[{\"@type\":\"SearchAction\",\"target\":{\"@type\":\"EntryPoint\",\"urlTemplate\":\"https:\\\/\\\/schades.com\\\/es\\\/?s={search_term_string}\"},\"query-input\":{\"@type\":\"PropertyValueSpecification\",\"valueRequired\":true,\"valueName\":\"search_term_string\"}}],\"inLanguage\":\"es\"}]}<\/script>\n<!-- \/ Yoast SEO plugin. -->","yoast_head_json":{"title":"ECPA | Schades Group","robots":{"index":"index","follow":"follow","max-snippet":"max-snippet:-1","max-image-preview":"max-image-preview:large","max-video-preview":"max-video-preview:-1"},"canonical":"https:\/\/schades.com\/es\/acerca-de\/ecpa\/","og_locale":"es_ES","og_type":"article","og_title":"ECPA | Schades Group","og_url":"https:\/\/schades.com\/es\/acerca-de\/ecpa\/","og_site_name":"Schades Spain","article_modified_time":"2025-05-29T09:03:00+00:00","og_image":[{"url":"https:\/\/schades.com\/wp-content\/uploads\/2025\/03\/imageECPA4.jpg","type":"","width":"","height":""}],"twitter_card":"summary_large_image","twitter_misc":{"Tiempo de lectura":"2 minutos"},"schema":{"@context":"https:\/\/schema.org","@graph":[{"@type":"WebPage","@id":"https:\/\/schades.com\/es\/acerca-de\/ecpa\/","url":"https:\/\/schades.com\/es\/acerca-de\/ecpa\/","name":"ECPA | Schades Group","isPartOf":{"@id":"https:\/\/schades.com\/es\/#website"},"primaryImageOfPage":{"@id":"https:\/\/schades.com\/es\/acerca-de\/ecpa\/#primaryimage"},"image":{"@id":"https:\/\/schades.com\/es\/acerca-de\/ecpa\/#primaryimage"},"thumbnailUrl":"https:\/\/schades.com\/wp-content\/uploads\/2025\/03\/imageECPA4.jpg","datePublished":"2024-04-24T14:42:39+00:00","dateModified":"2025-05-29T09:03:00+00:00","breadcrumb":{"@id":"https:\/\/schades.com\/es\/acerca-de\/ecpa\/#breadcrumb"},"inLanguage":"es","potentialAction":[{"@type":"ReadAction","target":["https:\/\/schades.com\/es\/acerca-de\/ecpa\/"]}]},{"@type":"ImageObject","inLanguage":"es","@id":"https:\/\/schades.com\/es\/acerca-de\/ecpa\/#primaryimage","url":"https:\/\/schades.com\/wp-content\/uploads\/2025\/03\/imageECPA4.jpg","contentUrl":"https:\/\/schades.com\/wp-content\/uploads\/2025\/03\/imageECPA4.jpg"},{"@type":"BreadcrumbList","@id":"https:\/\/schades.com\/es\/acerca-de\/ecpa\/#breadcrumb","itemListElement":[{"@type":"ListItem","position":1,"name":"Home","item":"https:\/\/schades.com\/es\/"},{"@type":"ListItem","position":2,"name":"Acerca de","item":"https:\/\/schades.com\/es\/acerca-de\/"},{"@type":"ListItem","position":3,"name":"ECPA"}]},{"@type":"WebSite","@id":"https:\/\/schades.com\/es\/#website","url":"https:\/\/schades.com\/es\/","name":"Schades Spain","description":"","potentialAction":[{"@type":"SearchAction","target":{"@type":"EntryPoint","urlTemplate":"https:\/\/schades.com\/es\/?s={search_term_string}"},"query-input":{"@type":"PropertyValueSpecification","valueRequired":true,"valueName":"search_term_string"}}],"inLanguage":"es"}]}},"_links":{"self":[{"href":"https:\/\/schades.com\/es\/wp-json\/wp\/v2\/pages\/1384","targetHints":{"allow":["GET"]}}],"collection":[{"href":"https:\/\/schades.com\/es\/wp-json\/wp\/v2\/pages"}],"about":[{"href":"https:\/\/schades.com\/es\/wp-json\/wp\/v2\/types\/page"}],"author":[{"embeddable":true,"href":"https:\/\/schades.com\/es\/wp-json\/wp\/v2\/users\/1"}],"replies":[{"embeddable":true,"href":"https:\/\/schades.com\/es\/wp-json\/wp\/v2\/comments?post=1384"}],"version-history":[{"count":2,"href":"https:\/\/schades.com\/es\/wp-json\/wp\/v2\/pages\/1384\/revisions"}],"predecessor-version":[{"id":2600,"href":"https:\/\/schades.com\/es\/wp-json\/wp\/v2\/pages\/1384\/revisions\/2600"}],"up":[{"embeddable":true,"href":"https:\/\/schades.com\/es\/wp-json\/wp\/v2\/pages\/5"}],"wp:attachment":[{"href":"https:\/\/schades.com\/es\/wp-json\/wp\/v2\/media?parent=1384"}],"curies":[{"name":"wp","href":"https:\/\/api.w.org\/{rel}","templated":true}]}}