{"id":36,"date":"2024-01-04T16:50:55","date_gmt":"2024-01-04T16:50:55","guid":{"rendered":"https:\/\/schades.com\/sp\/become-a-reseller\/"},"modified":"2025-07-11T13:17:31","modified_gmt":"2025-07-11T13:17:31","slug":"conviertase-en-distribuidor","status":"publish","type":"page","link":"https:\/\/schades.com\/es\/conviertase-en-distribuidor\/","title":{"rendered":"Convi\u00e9rtase en distribuidor"},"content":{"rendered":"<div \n\tid=\"block-143\"\n\tclass=\"strip  block-143 position-relative lazy has-background-image\"\n\tstyle=\"padding-top:60px;padding-bottom:60px;margin-top:60px;\"\n\t>\n\t\n\t<style>\n\t\t#background-colour-143 {\n\t\t\tbackground-color: 0;\n\t\t\topacity: 1;\n\t\t\tborder-radius: 0px;;\n\t\t\t\ttransition: all 0.25s ease-in-out;\n\t\t}\n\t\t\n\t\t\t<\/style>\n\n\t\n\t\t\t<div\n\t\t\tid=\"background-image-143\"\n\t\t\tclass=\"background-image lazy\"\n\t\t\tdata-src=\"https:\/\/schades.com\/sp\/wp-content\/uploads\/sites\/5\/2024\/01\/emblem-shadow-outer-min.png\"\n\t\t\tstyle=\"\n\t\t\t\tbackground-size: cover;\t\t\t\tbackground-position: top center;\t\t\t\t\t\t\t\topacity:1;\n\t\t\t\"\n\t\t><\/div>\n\t\n\t\n\t\n\t\n\t\n\n\t\n\t<div \n\tid=\"block-144\"\n\tclass=\"container  block-144 container-fluid position-relative\"\n\tstyle=\"\"\n\t>\n\t\n\t\n\n\n\t<div \n\tid=\"block-145\"\n\tclass=\"row  block-145 position-relative\"\n\tstyle=\"\"\n\t>\n\t\n\t\n\n\n\n\n\n\n\t<div \n\tid=\"block-146\"\n\tclass=\"column  block-146 col-sm-2 col-md-3 col-lg-4 position-relative hidden-xs\"\n\tstyle=\"\"\n\t>\n\t\n\t\n\n\n\t<div \n\tid=\"block-147\"\n\tclass=\"core-paragraph  block-147 position-relative\"\n\tstyle=\"\"\n\t>\n\t\n\t\n<p><\/p>\n\n\t\t\t\n\t\n\t\n<\/div>\t\t\n\t\n\t\n<\/div><div \n\tid=\"block-149\"\n\tclass=\"column  block-149 h-center col-sm-8 col-md-6 col-lg-4 position-relative\"\n\tstyle=\"padding-top:30px;padding-bottom:60px;\"\n\t>\n\t\n\t\n\n\n\n\n\n\n\t<div \n\tid=\"block-150\"\n\tclass=\"core-image  block-150 position-relative cc-title-emblem\"\n\tstyle=\"\"\n\t>\n\t\n\t\n<figure class=\"wp-block-image size-full is-resized cc-title-emblem\"><img width=\"128\" height=\"128\" data-src=\"https:\/\/schades.com\/sp\/wp-content\/uploads\/sites\/5\/2024\/01\/emblem-colour.png\" alt=\"\" class=\"wp-image-186 lazy\" style=\"width:50px\"\/><\/figure>\n\n\t\t\t\n\t\n\t\n<\/div><div \n\tid=\"block-152\"\n\tclass=\"core-heading  block-152 position-relative\"\n\tstyle=\"\"\n\t>\n\t\n\t\n<h1 class=\"wp-block-heading has-secondary-color has-text-color has-link-color\">Convi\u00e9rtase en distribuidor<\/h1>\n\n\t\t\t\n\t\n\t\n<\/div><div \n\tid=\"block-154\"\n\tclass=\"core-paragraph  block-154 position-relative\"\n\tstyle=\"\"\n\t>\n\t\n\t\n<p>Las palabras no lo dicen todo; nuestro personal est\u00e1 encantado de atenderle. Por favor, contacte con uno en su zona y comprender\u00e1 lo que queremos decir.<\/p>\n\n\t\t\t\n\t\n\t\n<\/div>\t\t\n\t\n\t\n<\/div><div \n\tid=\"block-156\"\n\tclass=\"column  block-156 col-sm-2 col-md-3 col-lg-4 position-relative hidden-xs\"\n\tstyle=\"\"\n\t>\n\t\n\t\n\n\n\t<div \n\tid=\"block-157\"\n\tclass=\"core-paragraph  block-157 position-relative\"\n\tstyle=\"\"\n\t>\n\t\n\t\n<p><\/p>\n\n\t\t\t\n\t\n\t\n<\/div>\t\t\n\t\n\t\n<\/div>\t\t\n\t\n\t\n<\/div>\t\t\n\t\n\t\n<\/div><div \n\tid=\"block-159\"\n\tclass=\"container  block-159 container-fluid position-relative\"\n\tstyle=\"\"\n\t>\n\t\n\t\n\n\n\n\n\t<div \n\tid=\"block-160\"\n\tclass=\"row  block-160 position-relative\"\n\tstyle=\"\"\n\t>\n\t\n\t\n\t\t\t\n\t\n\t\n<\/div><div \n\tid=\"block-162\"\n\tclass=\"row  block-162 v-middle position-relative\"\n\tstyle=\"\"\n\t>\n\t\n\t\n\n\n\n\n\n\n\t<div \n\tid=\"block-163\"\n\tclass=\"column  block-163 col-md-1 col-lg-1 position-relative hidden-xs hidden-sm hidden-md\"\n\tstyle=\"\"\n\t>\n\t\n\t\n\n\n\t<div \n\tid=\"block-164\"\n\tclass=\"core-paragraph  block-164 position-relative\"\n\tstyle=\"\"\n\t>\n\t\n\t\n<p><\/p>\n\n\t\t\t\n\t\n\t\n<\/div>\t\t\n\t\n\t\n<\/div><div \n\tid=\"block-166\"\n\tclass=\"column  block-166 col-xs-12 col-sm-6 col-md-6 col-lg-5 position-relative\"\n\tstyle=\"\"\n\t>\n\t\n\t\n\n\n\t<div \n\tid=\"block-167\"\n\tclass=\"row  block-167 position-relative\"\n\tstyle=\"\"\n\t>\n\t\n\t\n\n\n\n\n\n\n\n\n\t<div \n\tid=\"block-168\"\n\tclass=\"column  block-168 col-xs-12 col-sm-11 col-md-11 col-lg-11 position-relative\"\n\tstyle=\"padding-top:30px;padding-bottom:30px;\"\n\t>\n\t\n\t\n\n\n\n\n\n\n\n\n\n\n\t<div \n\tid=\"block-169\"\n\tclass=\"core-heading  block-169 position-relative\"\n\tstyle=\"\"\n\t>\n\t\n\t\n<h2 class=\"wp-block-heading has-primary-color has-text-color has-link-color\">Juntos somos m\u00e1s fuertes<\/h2>\n\n\t\t\t\n\t\n\t\n<\/div><div \n\tid=\"block-171\"\n\tclass=\"core-separator  block-171 position-relative\"\n\tstyle=\"\"\n\t>\n\t\n\t\n<hr class=\"wp-block-separator has-alpha-channel-opacity\"\/>\n\n\t\t\t\n\t\n\t\n<\/div><div \n\tid=\"block-173\"\n\tclass=\"core-paragraph  block-173 position-relative\"\n\tstyle=\"\"\n\t>\n\t\n\t\n<p>El acceso al consumidor de rollos de papel t\u00e9rmico para el punto de venta, etiquetas linerless o autoadhesivas se realiza a trav\u00e9s de m\u00faltiples canales. En algunos casos, los grandes minoristas compran directamente al fabricante (como Schades Group), en otros a trav\u00e9s de un consolidador, pero cuando se trata de minoristas locales m\u00e1s peque\u00f1os, como tiendas de ropa, pubs, restaurantes u hoteles, la compra se realiza a trav\u00e9s de otro tipo de canal de venta.<\/p>\n\n\t\t\t\n\t\n\t\n<\/div><div \n\tid=\"block-175\"\n\tclass=\"core-paragraph  block-175 position-relative\"\n\tstyle=\"\"\n\t>\n\t\n\t\n<p>Este canal puede ser una papeler\u00eda, una tienda online o una empresa mayorista, pero para todos ellos se trata de servir al usuario final.<\/p>\n\n\t\t\t\n\t\n\t\n<\/div><div \n\tid=\"block-177\"\n\tclass=\"core-paragraph  block-177 position-relative\"\n\tstyle=\"\"\n\t>\n\t\n\t\n<p>Schades Group presta servicios a todo tipo de canales de venta, pero siempre buscamos establecer relaciones con distribuidores. Si es su caso, p\u00f3ngase en contacto con nuestro equipo de ventas local.<\/p>\n\n\t\t\t\n\t\n\t\n<\/div>\t\t\n\t\n\t\n<\/div><div \n\tid=\"block-179\"\n\tclass=\"column  block-179 col-xs-1 col-sm-1 col-md-1 col-lg-1 position-relative hidden-xs\"\n\tstyle=\"\"\n\t>\n\t\n\t\n\t\t\t\n\t\n\t\n<\/div><div \n\tid=\"block-181\"\n\tclass=\"column  block-181 position-relative col-xs-12 cc_btn-align\"\n\tstyle=\"padding-left:0px;padding-right:0px;\"\n\t>\n\t\n\t\n\n\n\t\n\t\n\t\n\t\t\n\t\t<a\n\t\t\tclass=\"button  block-182 position-relative has-link\"\n\t\t\tstyle=\"\"\n\t\t\thref=\"https:\/\/schades.com\/es\/contacto\/\"\n\t\t\t\t\t\t\t\t\t\t\t\t\t\t\t\t\t>\n\t\t\t\n\t\t\tCont\u00e1ctenos\n\t\t\t\t\t<\/a>\n\n\t\n\t\t\n\t\n\t\n<\/div>\t<style>\n\t\t.block-183:not(.v-middle):not(.v-bottom) > .column:not(.position-sticky) {\n\t\t\theight: 100%;\n\t\t}\n\t\t\n\t\t\t\t\t.block-183 {\n\t\t\t\theight: 30px !important;\n\t\t\t}\n\t\t\n\t\t\n\t\t\n\t\t\t<\/style>\n<div \n\tid=\"block-183\"\n\tclass=\"column  block-183 height-mobile position-relative hidden-sm hidden-md hidden-lg col-xs-12\"\n\tstyle=\"\"\n\t>\n\t\n\t\n\t\t\t\n\t\n\t\n<\/div>\t\t\n\t\n\t\n<\/div>\t\t\n\t\n\t\n<\/div><div \n\tid=\"block-185\"\n\tclass=\"column  block-185 col-sm-6 col-md-6 col-lg-6 position-relative cc-curved-image-container cc-curved-image-container--right cc-with-spiral\"\n\tstyle=\"padding-left:0px;padding-right:0px;\"\n\t>\n\t\n\t\n\n\n\t<div \n\tid=\"block-186\"\n\tclass=\"core-image  block-186 position-relative\"\n\tstyle=\"\"\n\t>\n\t\n\t\n<figure class=\"wp-block-image size-full\"><img width=\"1200\" height=\"800\" data-src=\"https:\/\/schades.com\/sp\/wp-content\/uploads\/sites\/5\/2024\/04\/Become-a-reseller-web.jpg\" alt=\"\" class=\"wp-image-908 lazy\" srcset=\"https:\/\/schades.com\/es\/wp-content\/uploads\/sites\/5\/2024\/04\/Become-a-reseller-web.jpg 1200w, https:\/\/schades.com\/es\/wp-content\/uploads\/sites\/5\/2024\/04\/Become-a-reseller-web-300x200.jpg 300w, https:\/\/schades.com\/es\/wp-content\/uploads\/sites\/5\/2024\/04\/Become-a-reseller-web-1024x683.jpg 1024w, https:\/\/schades.com\/es\/wp-content\/uploads\/sites\/5\/2024\/04\/Become-a-reseller-web-768x512.jpg 768w\" sizes=\"(max-width: 1200px) 100vw, 1200px\" \/><\/figure>\n\n\t\t\t\n\t\n\t\n<\/div>\t\t\n\t\n\t\n<\/div>\t\t\n\t\n\t\n<\/div>\t\t\n\t\n\t\n<\/div>\t\t\n\t\n\t\n<\/div>","protected":false},"excerpt":{"rendered":"","protected":false},"author":1,"featured_media":908,"parent":0,"menu_order":0,"comment_status":"closed","ping_status":"closed","template":"","meta":{"_acf_changed":false,"footnotes":""},"class_list":["post-36","page","type-page","status-publish","has-post-thumbnail","hentry"],"acf":[],"yoast_head":"<!-- This site is optimized with the Yoast SEO plugin v27.3 - https:\/\/yoast.com\/product\/yoast-seo-wordpress\/ -->\n<title>\u00danase a nuestro equipo local de ventas | Schades Group<\/title>\n<meta name=\"description\" content=\"Con\u00e9ctese con el usuario final y opere en m\u00faltiples industrias, convi\u00e9rtase en distribuidor de rollos de papel y etiquetas hoy mismo.\" \/>\n<meta name=\"robots\" content=\"index, follow, max-snippet:-1, max-image-preview:large, max-video-preview:-1\" \/>\n<link rel=\"canonical\" href=\"https:\/\/schades.com\/es\/conviertase-en-distribuidor\/\" \/>\n<meta property=\"og:locale\" content=\"es_ES\" \/>\n<meta property=\"og:type\" content=\"article\" \/>\n<meta property=\"og:title\" content=\"\u00danase a nuestro equipo local de ventas | Schades Group\" \/>\n<meta property=\"og:description\" content=\"Con\u00e9ctese con el usuario final y opere en m\u00faltiples industrias, convi\u00e9rtase en distribuidor de rollos de papel y etiquetas hoy mismo.\" \/>\n<meta property=\"og:url\" content=\"https:\/\/schades.com\/es\/conviertase-en-distribuidor\/\" \/>\n<meta property=\"og:site_name\" content=\"Schades Spain\" \/>\n<meta property=\"article:modified_time\" content=\"2025-07-11T13:17:31+00:00\" \/>\n<meta property=\"og:image\" content=\"https:\/\/schades.com\/es\/wp-content\/uploads\/sites\/5\/2024\/04\/Become-a-reseller-web.jpg\" \/>\n\t<meta property=\"og:image:width\" content=\"1200\" \/>\n\t<meta property=\"og:image:height\" content=\"800\" \/>\n\t<meta property=\"og:image:type\" content=\"image\/jpeg\" \/>\n<meta name=\"twitter:card\" content=\"summary_large_image\" \/>\n<meta name=\"twitter:label1\" content=\"Tiempo de lectura\" \/>\n\t<meta name=\"twitter:data1\" content=\"2 minutos\" \/>\n<script type=\"application\/ld+json\" class=\"yoast-schema-graph\">{\"@context\":\"https:\\\/\\\/schema.org\",\"@graph\":[{\"@type\":\"WebPage\",\"@id\":\"https:\\\/\\\/schades.com\\\/es\\\/conviertase-en-distribuidor\\\/\",\"url\":\"https:\\\/\\\/schades.com\\\/es\\\/conviertase-en-distribuidor\\\/\",\"name\":\"\u00danase a nuestro equipo local de ventas | Schades Group\",\"isPartOf\":{\"@id\":\"https:\\\/\\\/schades.com\\\/es\\\/#website\"},\"primaryImageOfPage\":{\"@id\":\"https:\\\/\\\/schades.com\\\/es\\\/conviertase-en-distribuidor\\\/#primaryimage\"},\"image\":{\"@id\":\"https:\\\/\\\/schades.com\\\/es\\\/conviertase-en-distribuidor\\\/#primaryimage\"},\"thumbnailUrl\":\"https:\\\/\\\/schades.com\\\/es\\\/wp-content\\\/uploads\\\/sites\\\/5\\\/2024\\\/04\\\/Become-a-reseller-web.jpg\",\"datePublished\":\"2024-01-04T16:50:55+00:00\",\"dateModified\":\"2025-07-11T13:17:31+00:00\",\"description\":\"Con\u00e9ctese con el usuario final y opere en m\u00faltiples industrias, convi\u00e9rtase en distribuidor de rollos de papel y etiquetas hoy mismo.\",\"breadcrumb\":{\"@id\":\"https:\\\/\\\/schades.com\\\/es\\\/conviertase-en-distribuidor\\\/#breadcrumb\"},\"inLanguage\":\"es\",\"potentialAction\":[{\"@type\":\"ReadAction\",\"target\":[\"https:\\\/\\\/schades.com\\\/es\\\/conviertase-en-distribuidor\\\/\"]}]},{\"@type\":\"ImageObject\",\"inLanguage\":\"es\",\"@id\":\"https:\\\/\\\/schades.com\\\/es\\\/conviertase-en-distribuidor\\\/#primaryimage\",\"url\":\"https:\\\/\\\/schades.com\\\/es\\\/wp-content\\\/uploads\\\/sites\\\/5\\\/2024\\\/04\\\/Become-a-reseller-web.jpg\",\"contentUrl\":\"https:\\\/\\\/schades.com\\\/es\\\/wp-content\\\/uploads\\\/sites\\\/5\\\/2024\\\/04\\\/Become-a-reseller-web.jpg\",\"width\":1200,\"height\":800},{\"@type\":\"BreadcrumbList\",\"@id\":\"https:\\\/\\\/schades.com\\\/es\\\/conviertase-en-distribuidor\\\/#breadcrumb\",\"itemListElement\":[{\"@type\":\"ListItem\",\"position\":1,\"name\":\"Home\",\"item\":\"https:\\\/\\\/schades.com\\\/es\\\/\"},{\"@type\":\"ListItem\",\"position\":2,\"name\":\"Convi\u00e9rtase en distribuidor\"}]},{\"@type\":\"WebSite\",\"@id\":\"https:\\\/\\\/schades.com\\\/es\\\/#website\",\"url\":\"https:\\\/\\\/schades.com\\\/es\\\/\",\"name\":\"Schades Spain\",\"description\":\"\",\"potentialAction\":[{\"@type\":\"SearchAction\",\"target\":{\"@type\":\"EntryPoint\",\"urlTemplate\":\"https:\\\/\\\/schades.com\\\/es\\\/?s={search_term_string}\"},\"query-input\":{\"@type\":\"PropertyValueSpecification\",\"valueRequired\":true,\"valueName\":\"search_term_string\"}}],\"inLanguage\":\"es\"}]}<\/script>\n<!-- \/ Yoast SEO plugin. -->","yoast_head_json":{"title":"\u00danase a nuestro equipo local de ventas | Schades Group","description":"Con\u00e9ctese con el usuario final y opere en m\u00faltiples industrias, convi\u00e9rtase en distribuidor de rollos de papel y etiquetas hoy mismo.","robots":{"index":"index","follow":"follow","max-snippet":"max-snippet:-1","max-image-preview":"max-image-preview:large","max-video-preview":"max-video-preview:-1"},"canonical":"https:\/\/schades.com\/es\/conviertase-en-distribuidor\/","og_locale":"es_ES","og_type":"article","og_title":"\u00danase a nuestro equipo local de ventas | Schades Group","og_description":"Con\u00e9ctese con el usuario final y opere en m\u00faltiples industrias, convi\u00e9rtase en distribuidor de rollos de papel y etiquetas hoy mismo.","og_url":"https:\/\/schades.com\/es\/conviertase-en-distribuidor\/","og_site_name":"Schades Spain","article_modified_time":"2025-07-11T13:17:31+00:00","og_image":[{"width":1200,"height":800,"url":"https:\/\/schades.com\/es\/wp-content\/uploads\/sites\/5\/2024\/04\/Become-a-reseller-web.jpg","type":"image\/jpeg"}],"twitter_card":"summary_large_image","twitter_misc":{"Tiempo de lectura":"2 minutos"},"schema":{"@context":"https:\/\/schema.org","@graph":[{"@type":"WebPage","@id":"https:\/\/schades.com\/es\/conviertase-en-distribuidor\/","url":"https:\/\/schades.com\/es\/conviertase-en-distribuidor\/","name":"\u00danase a nuestro equipo local de ventas | Schades Group","isPartOf":{"@id":"https:\/\/schades.com\/es\/#website"},"primaryImageOfPage":{"@id":"https:\/\/schades.com\/es\/conviertase-en-distribuidor\/#primaryimage"},"image":{"@id":"https:\/\/schades.com\/es\/conviertase-en-distribuidor\/#primaryimage"},"thumbnailUrl":"https:\/\/schades.com\/es\/wp-content\/uploads\/sites\/5\/2024\/04\/Become-a-reseller-web.jpg","datePublished":"2024-01-04T16:50:55+00:00","dateModified":"2025-07-11T13:17:31+00:00","description":"Con\u00e9ctese con el usuario final y opere en m\u00faltiples industrias, convi\u00e9rtase en distribuidor de rollos de papel y etiquetas hoy mismo.","breadcrumb":{"@id":"https:\/\/schades.com\/es\/conviertase-en-distribuidor\/#breadcrumb"},"inLanguage":"es","potentialAction":[{"@type":"ReadAction","target":["https:\/\/schades.com\/es\/conviertase-en-distribuidor\/"]}]},{"@type":"ImageObject","inLanguage":"es","@id":"https:\/\/schades.com\/es\/conviertase-en-distribuidor\/#primaryimage","url":"https:\/\/schades.com\/es\/wp-content\/uploads\/sites\/5\/2024\/04\/Become-a-reseller-web.jpg","contentUrl":"https:\/\/schades.com\/es\/wp-content\/uploads\/sites\/5\/2024\/04\/Become-a-reseller-web.jpg","width":1200,"height":800},{"@type":"BreadcrumbList","@id":"https:\/\/schades.com\/es\/conviertase-en-distribuidor\/#breadcrumb","itemListElement":[{"@type":"ListItem","position":1,"name":"Home","item":"https:\/\/schades.com\/es\/"},{"@type":"ListItem","position":2,"name":"Convi\u00e9rtase en distribuidor"}]},{"@type":"WebSite","@id":"https:\/\/schades.com\/es\/#website","url":"https:\/\/schades.com\/es\/","name":"Schades Spain","description":"","potentialAction":[{"@type":"SearchAction","target":{"@type":"EntryPoint","urlTemplate":"https:\/\/schades.com\/es\/?s={search_term_string}"},"query-input":{"@type":"PropertyValueSpecification","valueRequired":true,"valueName":"search_term_string"}}],"inLanguage":"es"}]}},"_links":{"self":[{"href":"https:\/\/schades.com\/es\/wp-json\/wp\/v2\/pages\/36","targetHints":{"allow":["GET"]}}],"collection":[{"href":"https:\/\/schades.com\/es\/wp-json\/wp\/v2\/pages"}],"about":[{"href":"https:\/\/schades.com\/es\/wp-json\/wp\/v2\/types\/page"}],"author":[{"embeddable":true,"href":"https:\/\/schades.com\/es\/wp-json\/wp\/v2\/users\/1"}],"replies":[{"embeddable":true,"href":"https:\/\/schades.com\/es\/wp-json\/wp\/v2\/comments?post=36"}],"version-history":[{"count":15,"href":"https:\/\/schades.com\/es\/wp-json\/wp\/v2\/pages\/36\/revisions"}],"predecessor-version":[{"id":2772,"href":"https:\/\/schades.com\/es\/wp-json\/wp\/v2\/pages\/36\/revisions\/2772"}],"wp:featuredmedia":[{"embeddable":true,"href":"https:\/\/schades.com\/es\/wp-json\/wp\/v2\/media\/908"}],"wp:attachment":[{"href":"https:\/\/schades.com\/es\/wp-json\/wp\/v2\/media?parent=36"}],"curies":[{"name":"wp","href":"https:\/\/api.w.org\/{rel}","templated":true}]}}