{"id":807,"date":"2024-04-03T14:05:37","date_gmt":"2024-04-03T14:05:37","guid":{"rendered":"https:\/\/schades.com\/sp\/?page_id=807"},"modified":"2025-05-30T13:36:50","modified_gmt":"2025-05-30T13:36:50","slug":"politica-de-cookies","status":"publish","type":"page","link":"https:\/\/schades.com\/es\/politica-de-cookies\/","title":{"rendered":"Pol\u00edtica de cookies"},"content":{"rendered":"<div \n\tid=\"block-3\"\n\tclass=\"strip  block-3 position-relative\"\n\tstyle=\"\"\n\t>\n\t\n\t\n\t<div \n\tid=\"block-4\"\n\tclass=\"container  block-4 position-relative\"\n\tstyle=\"\"\n\t>\n\t\n\t\r\n\r\n\n\t\t<style>\n\t\t.block-5:not(.v-middle):not(.v-bottom) > .column:not(.position-sticky) {\n\t\t\theight: 100%;\n\t\t}\n\t\t\n\t\t\t\t\t.block-5 {\n\t\t\t\theight: 100px !important;\n\t\t\t}\n\t\t\n\t\t\t\t\t@media ( min-width: 767px ) and ( max-width: 991px ) {\n\t\t\t\t.block-5 {\n\t\t\t\t\theight: 200px !important;\n\t\t\t\t}\n\t\t\t}\n\t\t\n\t\t\t\t\t@media ( min-width: 992px ) and ( max-width: 1199px ) {\n\t\t\t\t.block-5 {\n\t\t\t\t\theight: 200px !important;\n\t\t\t\t}\n\t\t\t}\n\t\t\n\t\t\t\t\t@media ( min-width: 1200px ) {\n\t\t\t\t.block-5 {\n\t\t\t\t\theight: 170px !important;\n\t\t\t\t}\n\t\t\t}\n\t\t\t<\/style>\n<div \n\tid=\"block-5\"\n\tclass=\"row  block-5 height-mobile height-tablet height-medium height-large position-relative\"\n\tstyle=\"\"\n\t>\n\t\n\t\n\t\t\t\n\t\n\t\n<\/div>\t\t\n\t\n\t\n<\/div>\t\t\n\t\n\t\n<\/div>\r\n<div \n\tid=\"block-326\"\n\tclass=\"strip  block-326 position-relative\"\n\tstyle=\"\"\n\t>\n\t\n\t\n\t<div \n\tid=\"block-327\"\n\tclass=\"container  block-327 position-relative\"\n\tstyle=\"\"\n\t>\n\t\n\t\r\n\r\n\n\t<div \n\tid=\"block-328\"\n\tclass=\"row  block-328 position-relative\"\n\tstyle=\"\"\n\t>\n\t\n\t\r\n\r\n\r\n\n\t<div \n\tid=\"block-329\"\n\tclass=\"column  block-329 position-relative col-xs-12\"\n\tstyle=\"margin-bottom:30px;\"\n\t>\n\t\n\t\r\n\r\n\n\t<div \n\tid=\"block-330\"\n\tclass=\"core-heading  block-330 position-relative\"\n\tstyle=\"\"\n\t>\n\t\n\t\r\n<h1 class=\"wp-block-heading\">Pol\u00edtica de cookies<\/h1>\r\n\n\t\t\t\n\t\n\t\n<\/div>\t\t\n\t\n\t\n<\/div><div \n\tid=\"block-332\"\n\tclass=\"column  block-332 position-relative col-xs-12\"\n\tstyle=\"margin-bottom:50px;\"\n\t>\n\t\n\t\r\n\r\n\r\n\r\n\r\n\r\n\r\n\r\n\r\n\r\n\r\n\r\n\r\n\r\n\r\n\r\n\r\n\r\n\r\n\r\n\r\n\r\n\r\n\r\n\r\n\r\n\r\n\r\n\r\n\r\n\r\n\r\n\r\n\r\n\r\n\r\n\r\n\r\n\r\n\r\n\r\n\r\n\r\n\r\n\r\n\r\n\r\n\r\n\r\n\r\n\r\n\r\n\n\t<div \n\tid=\"block-333\"\n\tclass=\"core-paragraph  block-333 position-relative\"\n\tstyle=\"\"\n\t>\n\t\n\t\r\n<p>Nuestro sitio web utiliza <strong>cookies<\/strong> para distinguirlo de otros usuarios de nuestro sitio web. Esto nos ayuda a brindarle una buena experiencia cuando navega por nuestro sitio web y tambi\u00e9n nos permite mejorarlo.<\/p>\r\n\n\t\t\t\n\t\n\t\n<\/div><div \n\tid=\"block-335\"\n\tclass=\"core-paragraph  block-335 position-relative\"\n\tstyle=\"\"\n\t>\n\t\n\t\r\n<p>Una <strong>cookie<\/strong> es un peque\u00f1o archivo de letras y n\u00fameros que almacenamos en su navegador o en el disco duro de su computadora si est\u00e1 de acuerdo.<\/p>\r\n\n\t\t\t\n\t\n\t\n<\/div><div \n\tid=\"block-337\"\n\tclass=\"core-paragraph  block-337 position-relative\"\n\tstyle=\"\"\n\t>\n\t\n\t\r\n<p><strong>Las cookies<\/strong> contienen informaci\u00f3n que se transfiere al disco duro de su computadora.<\/p>\r\n\n\t\t\t\n\t\n\t\n<\/div><div \n\tid=\"block-339\"\n\tclass=\"core-paragraph  block-339 position-relative\"\n\tstyle=\"\"\n\t>\n\t\n\t\r\n<p>Utilizamos las siguientes <strong>cookies<\/strong> :<\/p>\r\n\n\t\t\t\n\t\n\t\n<\/div><div \n\tid=\"block-341\"\n\tclass=\"core-paragraph  block-341 position-relative\"\n\tstyle=\"\"\n\t>\n\t\n\t\r\n<p><strong>Cookies estrictamente necesarias.<\/strong> Estas son <strong>cookies<\/strong> necesarias para el funcionamiento de nuestro sitio web. Incluyen, por ejemplo, <strong>cookies<\/strong> que le permiten iniciar sesi\u00f3n en \u00e1reas seguras de nuestro sitio web, utilizar un carrito de compras o utilizar servicios de facturaci\u00f3n electr\u00f3nica.<\/p>\r\n\n\t\t\t\n\t\n\t\n<\/div><div \n\tid=\"block-343\"\n\tclass=\"core-paragraph  block-343 position-relative\"\n\tstyle=\"\"\n\t>\n\t\n\t\r\n<p><strong>Cookies anal\u00edticas o de rendimiento.<\/strong> Estos nos permiten reconocer y contar el n\u00famero de visitantes y ver c\u00f3mo los visitantes se mueven por nuestro sitio web cuando lo utilizan. Esto nos ayuda a mejorar el funcionamiento de nuestro sitio web, por ejemplo, garantizando que los usuarios encuentren f\u00e1cilmente lo que buscan.<\/p>\r\n\n\t\t\t\n\t\n\t\n<\/div><div \n\tid=\"block-345\"\n\tclass=\"core-paragraph  block-345 position-relative\"\n\tstyle=\"\"\n\t>\n\t\n\t\r\n<p><strong>Cookies de funcionalidad.<\/strong> Estos se utilizan para reconocerlo cuando regresa a nuestro sitio web. Esto nos permite personalizar nuestro contenido para usted, saludarlo por su nombre y recordar sus preferencias.<\/p>\r\n\n\t\t\t\n\t\n\t\n<\/div><div \n\tid=\"block-347\"\n\tclass=\"core-paragraph  block-347 position-relative\"\n\tstyle=\"\"\n\t>\n\t\n\t\r\n<p><strong>Cookies de orientaci\u00f3n.<\/strong> Estas <strong>cookies<\/strong> registran su visita a nuestro sitio web, las p\u00e1ginas que ha visitado y los enlaces que ha seguido. Utilizaremos esta informaci\u00f3n para hacer que nuestro sitio web y la publicidad que se muestra en \u00e9l sean m\u00e1s relevantes para sus intereses. Tambi\u00e9n podemos compartir esta informaci\u00f3n con terceros para este prop\u00f3sito.<\/p>\r\n\n\t\t\t\n\t\n\t\n<\/div><div \n\tid=\"block-349\"\n\tclass=\"core-paragraph  block-349 position-relative\"\n\tstyle=\"\"\n\t>\n\t\n\t\r\n<p>Puede encontrar m\u00e1s informaci\u00f3n sobre las <strong>cookies<\/strong> individuales que utilizamos y los fines para los que las utilizamos a continuaci\u00f3n:<\/p>\r\n\n\t\t\t\n\t\n\t\n<\/div><div \n\tid=\"block-351\"\n\tclass=\"core-paragraph  block-351 position-relative\"\n\tstyle=\"\"\n\t>\n\t\n\t\r\n<p><strong>Nombre de la galleta<\/strong><\/p>\r\n\n\t\t\t\n\t\n\t\n<\/div><div \n\tid=\"block-353\"\n\tclass=\"core-paragraph  block-353 position-relative\"\n\tstyle=\"\"\n\t>\n\t\n\t\r\n<p>Pol\u00edtica de cookies para Google Analytics<\/p>\r\n\n\t\t\t\n\t\n\t\n<\/div><div \n\tid=\"block-355\"\n\tclass=\"core-paragraph  block-355 position-relative\"\n\tstyle=\"\"\n\t>\n\t\n\t\r\n<p>Nombre de la galleta: _ga<\/p>\r\n\n\t\t\t\n\t\n\t\n<\/div><div \n\tid=\"block-357\"\n\tclass=\"core-paragraph  block-357 position-relative\"\n\tstyle=\"\"\n\t>\n\t\n\t\r\n<p>Esta cookie se utiliza para el seguimiento y registro de datos de Google Analytics y su duraci\u00f3n es de 2 a\u00f1os.<\/p>\r\n\n\t\t\t\n\t\n\t\n<\/div><div \n\tid=\"block-359\"\n\tclass=\"core-paragraph  block-359 position-relative\"\n\tstyle=\"\"\n\t>\n\t\n\t\r\n<p>Finalidad de la cookie:<\/p>\r\n\n\t\t\t\n\t\n\t\n<\/div><div \n\tid=\"block-361\"\n\tclass=\"core-paragraph  block-361 position-relative\"\n\tstyle=\"\"\n\t>\n\t\n\t\r\n<p>Esta cookie se utiliza para:<\/p>\r\n\n\t\t\t\n\t\n\t\n<\/div><div \n\tid=\"block-363\"\n\tclass=\"core-paragraph  block-363 position-relative\"\n\tstyle=\"\"\n\t>\n\t\n\t\r\n<p>(a) Calcule el tama\u00f1o de nuestra audiencia y el patr\u00f3n de uso.<\/p>\r\n\n\t\t\t\n\t\n\t\n<\/div><div \n\tid=\"block-365\"\n\tclass=\"core-paragraph  block-365 position-relative\"\n\tstyle=\"\"\n\t>\n\t\n\t\r\n<p>(b) Reconocerlo cuando regrese a nuestro sitio.<\/p>\r\n\n\t\t\t\n\t\n\t\n<\/div><div \n\tid=\"block-367\"\n\tclass=\"core-paragraph  block-367 position-relative\"\n\tstyle=\"\"\n\t>\n\t\n\t\r\n<p>(c) Permitirnos recopilar datos sobre c\u00f3mo utiliza nuestro sitio para mejorar su experiencia de navegaci\u00f3n.<\/p>\r\n\n\t\t\t\n\t\n\t\n<\/div><div \n\tid=\"block-369\"\n\tclass=\"core-paragraph  block-369 position-relative\"\n\tstyle=\"\"\n\t>\n\t\n\t\r\n<p>La informaci\u00f3n recopilada por esta cookie incluye, entre otros, el n\u00famero de visitas a nuestro sitio, las p\u00e1ginas visitadas y el tiempo transcurrido en nuestro sitio. Esta informaci\u00f3n se utiliza para mejorar el contenido y la estructura de nuestro sitio y para brindarle una experiencia de navegaci\u00f3n m\u00e1s personalizada.<\/p>\r\n\n\t\t\t\n\t\n\t\n<\/div><div \n\tid=\"block-371\"\n\tclass=\"core-paragraph  block-371 position-relative\"\n\tstyle=\"\"\n\t>\n\t\n\t\r\n<p>Pol\u00edtica de cookies de anuncios de Facebook:<\/p>\r\n\n\t\t\t\n\t\n\t\n<\/div><div \n\tid=\"block-373\"\n\tclass=\"core-paragraph  block-373 position-relative\"\n\tstyle=\"\"\n\t>\n\t\n\t\r\n<p>Nombre de la cookie: P\u00edxel de Facebook<\/p>\r\n\n\t\t\t\n\t\n\t\n<\/div><div \n\tid=\"block-375\"\n\tclass=\"core-paragraph  block-375 position-relative\"\n\tstyle=\"\"\n\t>\n\t\n\t\r\n<p>Objeto y Duraci\u00f3n:<\/p>\r\n\n\t\t\t\n\t\n\t\n<\/div><div \n\tid=\"block-377\"\n\tclass=\"core-paragraph  block-377 position-relative\"\n\tstyle=\"\"\n\t>\n\t\n\t\r\n<p>Esta cookie es utilizada por Facebook Ads para recopilar informaci\u00f3n sobre su uso de nuestro sitio web. La informaci\u00f3n recopilada por esta cookie se utiliza para mostrarle anuncios personalizados en los sitios web de Facebook y sus socios. La cookie tiene una duraci\u00f3n de 90 d\u00edas.<\/p>\r\n\n\t\t\t\n\t\n\t\n<\/div><div \n\tid=\"block-379\"\n\tclass=\"core-paragraph  block-379 position-relative\"\n\tstyle=\"\"\n\t>\n\t\n\t\r\n<p>Esta cookie se utiliza para:<\/p>\r\n\n\t\t\t\n\t\n\t\n<\/div><div \n\tid=\"block-381\"\n\tclass=\"core-paragraph  block-381 position-relative\"\n\tstyle=\"\"\n\t>\n\t\n\t\r\n<p>(a) Ofrecerle anuncios dirigidos en Facebook y en los sitios web de sus socios.<\/p>\r\n\n\t\t\t\n\t\n\t\n<\/div><div \n\tid=\"block-383\"\n\tclass=\"core-paragraph  block-383 position-relative\"\n\tstyle=\"\"\n\t>\n\t\n\t\r\n<p>(b) Realizar un seguimiento de las conversiones de los anuncios de Facebook.<\/p>\r\n\n\t\t\t\n\t\n\t\n<\/div><div \n\tid=\"block-385\"\n\tclass=\"core-paragraph  block-385 position-relative\"\n\tstyle=\"\"\n\t>\n\t\n\t\r\n<p>Al utilizar nuestro sitio web, usted acepta el uso de la cookie de Facebook Pixel por parte de Facebook Ads.<\/p>\r\n\n\t\t\t\n\t\n\t\n<\/div><div \n\tid=\"block-387\"\n\tclass=\"core-paragraph  block-387 position-relative\"\n\tstyle=\"\"\n\t>\n\t\n\t\r\n<p>Pol\u00edtica de cookies de anuncios de TikTok:<\/p>\r\n\n\t\t\t\n\t\n\t\n<\/div><div \n\tid=\"block-389\"\n\tclass=\"core-paragraph  block-389 position-relative\"\n\tstyle=\"\"\n\t>\n\t\n\t\r\n<p>Nombre de la cookie: P\u00edxel de TikTok<\/p>\r\n\n\t\t\t\n\t\n\t\n<\/div><div \n\tid=\"block-391\"\n\tclass=\"core-paragraph  block-391 position-relative\"\n\tstyle=\"\"\n\t>\n\t\n\t\r\n<p>Objeto y Duraci\u00f3n:<\/p>\r\n\n\t\t\t\n\t\n\t\n<\/div><div \n\tid=\"block-393\"\n\tclass=\"core-paragraph  block-393 position-relative\"\n\tstyle=\"\"\n\t>\n\t\n\t\r\n<p>TikTok Ads utiliza esta cookie para recopilar informaci\u00f3n sobre su uso de nuestro sitio web. La informaci\u00f3n recopilada por esta cookie se utiliza para mostrarle anuncios dirigidos en la aplicaci\u00f3n TikTok y los sitios web de sus socios. La cookie tiene una duraci\u00f3n de 90 d\u00edas.<\/p>\r\n\n\t\t\t\n\t\n\t\n<\/div><div \n\tid=\"block-395\"\n\tclass=\"core-paragraph  block-395 position-relative\"\n\tstyle=\"\"\n\t>\n\t\n\t\r\n<p>Esta cookie se utiliza para:<\/p>\r\n\n\t\t\t\n\t\n\t\n<\/div><div \n\tid=\"block-397\"\n\tclass=\"core-paragraph  block-397 position-relative\"\n\tstyle=\"\"\n\t>\n\t\n\t\r\n<p>(a) Entregarle anuncios dirigidos en la aplicaci\u00f3n TikTok y en los sitios web de sus socios.<\/p>\r\n\n\t\t\t\n\t\n\t\n<\/div><div \n\tid=\"block-399\"\n\tclass=\"core-paragraph  block-399 position-relative\"\n\tstyle=\"\"\n\t>\n\t\n\t\r\n<p>(b) Realice un seguimiento de las conversiones de los anuncios de TikTok.<\/p>\r\n\n\t\t\t\n\t\n\t\n<\/div><div \n\tid=\"block-401\"\n\tclass=\"core-paragraph  block-401 position-relative\"\n\tstyle=\"\"\n\t>\n\t\n\t\r\n<p>Al utilizar nuestro sitio web, usted acepta el uso de la cookie TikTok Pixel por parte de TikTok Ads.<\/p>\r\n\n\t\t\t\n\t\n\t\n<\/div><div \n\tid=\"block-403\"\n\tclass=\"core-paragraph  block-403 position-relative\"\n\tstyle=\"\"\n\t>\n\t\n\t\r\n<p>Al utilizar nuestro sitio, usted acepta el uso de esta cookie para estos fines. Si no acepta el uso de esta cookie, puede optar por no hacerlo deshabilitando las cookies en la configuraci\u00f3n de su navegador.<\/p>\r\n\n\t\t\t\n\t\n\t\n<\/div><div \n\tid=\"block-405\"\n\tclass=\"core-paragraph  block-405 position-relative\"\n\tstyle=\"\"\n\t>\n\t\n\t\r\n<p>Tenga en cuenta que terceros, como redes de publicidad y proveedores de servicios externos como servicios de an\u00e1lisis de tr\u00e1fico web, tambi\u00e9n pueden utilizar cookies sobre las que no tenemos control. Estas cookies de terceros pueden incluir cookies anal\u00edticas, cookies de rendimiento o cookies de orientaci\u00f3n.<\/p>\r\n\n\t\t\t\n\t\n\t\n<\/div><div \n\tid=\"block-407\"\n\tclass=\"core-paragraph  block-407 position-relative\"\n\tstyle=\"\"\n\t>\n\t\n\t\r\n<p>No compartimos la informaci\u00f3n recopilada por las <strong>cookies<\/strong> con terceros.<\/p>\r\n\n\t\t\t\n\t\n\t\n<\/div><div \n\tid=\"block-409\"\n\tclass=\"core-paragraph  block-409 position-relative\"\n\tstyle=\"\"\n\t>\n\t\n\t\r\n<p>Puede elegir qu\u00e9 <strong>cookies<\/strong> anal\u00edticas, de funcionalidad y de orientaci\u00f3n podemos configurar haciendo clic en el(los) bot\u00f3n(es):<\/p>\r\n\n\t\t\t\n\t\n\t\n<\/div><div \n\tid=\"block-411\"\n\tclass=\"core-paragraph  block-411 position-relative\"\n\tstyle=\"\"\n\t>\n\t\n\t\r\n<p><strong>Cookies<\/strong> estrictamente esenciales <strong>desactivadas<\/strong><\/p>\r\n\n\t\t\t\n\t\n\t\n<\/div><div \n\tid=\"block-413\"\n\tclass=\"core-paragraph  block-413 position-relative\"\n\tstyle=\"\"\n\t>\n\t\n\t\r\n<p><strong>Cookies<\/strong> anal\u00edticas o de rendimiento <strong>desactivadas<\/strong><\/p>\r\n\n\t\t\t\n\t\n\t\n<\/div><div \n\tid=\"block-415\"\n\tclass=\"core-paragraph  block-415 position-relative\"\n\tstyle=\"\"\n\t>\n\t\n\t\r\n<p><strong>Cookies<\/strong> de funcionalidad <strong>DESACTIVADAS<\/strong><\/p>\r\n\n\t\t\t\n\t\n\t\n<\/div><div \n\tid=\"block-417\"\n\tclass=\"core-paragraph  block-417 position-relative\"\n\tstyle=\"\"\n\t>\n\t\n\t\r\n<p><strong>Cookies<\/strong> de orientaci\u00f3n <strong>desactivadas<\/strong><\/p>\r\n\n\t\t\t\n\t\n\t\n<\/div><div \n\tid=\"block-419\"\n\tclass=\"core-paragraph  block-419 position-relative\"\n\tstyle=\"\"\n\t>\n\t\n\t\r\n<p>Sin embargo, si utiliza la configuraci\u00f3n de su navegador para bloquear todas <strong>las cookies<\/strong> (incluidas <strong>las cookies<\/strong> esenciales), es posible que no pueda acceder a todo o parte de nuestro sitio web.<\/p>\r\n\n\t\t\t\n\t\n\t\n<\/div><div \n\tid=\"block-421\"\n\tclass=\"core-paragraph  block-421 position-relative\"\n\tstyle=\"\"\n\t>\n\t\n\t\r\n<p><a href=\"https:\/\/uk.practicallaw.thomsonreuters.com\/Document\/I908b99ae555111e9adfea82903531a62\/View\/FullText.html?navigationPath=Search%2Fv1%2Fresults%2Fnavigation%2Fi0ad62af0000001831cde4ae648cd41df%3Fppcid%3Da8fe59026e454bf0b4dee9370304809f%26Nav%3DKNOWHOW_UK%26fragmentIdentifier%3DI908b99ae555111e9adfea82903531a62%26parentRank%3D0%26startIndex%3D1%26contextData%3D%2528sc.Search%2529%26transitionType%3DSearchItem&amp;listSource=Search&amp;listPageSource=36da2b9e832aca19b84ce4f168082bf6&amp;list=KNOWHOW_UK&amp;rank=1&amp;sessionScopeId=8d39f90807acd655ea1a5b313e24c93dd4c453f7fa3180a7728db956b798305e&amp;ppcid=a8fe59026e454bf0b4dee9370304809f&amp;originationContext=Search%20Result&amp;transitionType=SearchItem&amp;contextData=(sc.Search)&amp;comp=pluk&amp;navId=4113A989801747BC11C3690630419F5C&amp;view=hidealldraftingnotes\"><\/a><\/p>\r\n\n\t\t\t\n\t\n\t\n<\/div><div \n\tid=\"block-423\"\n\tclass=\"core-paragraph  block-423 position-relative\"\n\tstyle=\"\"\n\t>\n\t\n\t\r\n<p>Excepto <strong>las cookies<\/strong> esenciales, todas <strong>las cookies<\/strong> caducan despu\u00e9s de [2 a\u00f1os].<\/p>\r\n\n\t\t\t\n\t\n\t\n<\/div><div \n\tid=\"block-425\"\n\tclass=\"core-heading  block-425 position-relative\"\n\tstyle=\"\"\n\t>\n\t\n\t\r\n<h4 class=\"wp-block-heading\">M\u00e1s informaci\u00f3n.<\/h4>\r\n\n\t\t\t\n\t\n\t\n<\/div><div \n\tid=\"block-427\"\n\tclass=\"core-paragraph  block-427 position-relative\"\n\tstyle=\"\"\n\t>\n\t\n\t\r\n<p>Esperamos que esto le haya aclarado las cosas y, como se mencion\u00f3 anteriormente, si hay algo que no est\u00e1 seguro de necesitar o no, generalmente es m\u00e1s seguro dejar las cookies habilitadas en caso de que interact\u00fae con una de las funciones que utiliza en nuestro sitio.<\/p>\r\n\n\t\t\t\n\t\n\t\n<\/div><div \n\tid=\"block-429\"\n\tclass=\"core-paragraph  block-429 position-relative\"\n\tstyle=\"\"\n\t>\n\t\n\t\r\n<p>Sin embargo, si todav\u00eda est\u00e1 buscando m\u00e1s informaci\u00f3n, puede contactarnos a trav\u00e9s de uno de nuestros m\u00e9todos de contacto preferidos:<\/p>\r\n\n\t\t\t\n\t\n\t\n<\/div><div \n\tid=\"block-431\"\n\tclass=\"core-list  block-431 position-relative\"\n\tstyle=\"\"\n\t>\n\t\n\t\r\n<ul><\/ul>\r\n\n\t<div \n\tid=\"block-432\"\n\tclass=\"core-list-item  block-432 position-relative\"\n\tstyle=\"\"\n\t>\n\t\n\t\r\n<li><\/li>\r\n\n\t\t\t\n\t\n\t\n<\/div>\t\t\n\t\n\t\n<\/div><div \n\tid=\"block-434\"\n\tclass=\"core-paragraph  block-434 position-relative\"\n\tstyle=\"\"\n\t>\n\t\n\t\r\n<p>Correo electr\u00f3nico: <a href=\"mailto:info@schades.com\">schades@schades.com<\/a><\/p>\r\n\n\t\t\t\n\t\n\t\n<\/div>\t\t\n\t\n\t\n<\/div>\t\t\n\t\n\t\n<\/div>\t\t\n\t\n\t\n<\/div>\t\t\n\t\n\t\n<\/div>\r\n","protected":false},"excerpt":{"rendered":"","protected":false},"author":1,"featured_media":0,"parent":0,"menu_order":0,"comment_status":"closed","ping_status":"closed","template":"","meta":{"_acf_changed":false,"footnotes":""},"class_list":["post-807","page","type-page","status-publish","hentry"],"acf":[],"yoast_head":"<!-- This site is optimized with the Yoast SEO plugin v27.3 - https:\/\/yoast.com\/product\/yoast-seo-wordpress\/ -->\n<title>Cookie Policy | Schades<\/title>\n<meta name=\"description\" content=\"Our cookie policy. The cookies collected by Schades and how we use this data.\" \/>\n<meta name=\"robots\" content=\"index, follow, max-snippet:-1, max-image-preview:large, max-video-preview:-1\" \/>\n<link rel=\"canonical\" href=\"https:\/\/schades.com\/es\/politica-de-cookies\/\" \/>\n<meta property=\"og:locale\" content=\"es_ES\" \/>\n<meta property=\"og:type\" content=\"article\" \/>\n<meta property=\"og:title\" content=\"Cookie Policy | Schades\" \/>\n<meta property=\"og:description\" content=\"Our cookie policy. The cookies collected by Schades and how we use this data.\" \/>\n<meta property=\"og:url\" content=\"https:\/\/schades.com\/es\/politica-de-cookies\/\" \/>\n<meta property=\"og:site_name\" content=\"Schades Spain\" \/>\n<meta property=\"article:modified_time\" content=\"2025-05-30T13:36:50+00:00\" \/>\n<meta name=\"twitter:card\" content=\"summary_large_image\" \/>\n<meta name=\"twitter:label1\" content=\"Tiempo de lectura\" \/>\n\t<meta name=\"twitter:data1\" content=\"4 minutos\" \/>\n<script type=\"application\/ld+json\" class=\"yoast-schema-graph\">{\"@context\":\"https:\\\/\\\/schema.org\",\"@graph\":[{\"@type\":\"WebPage\",\"@id\":\"https:\\\/\\\/schades.com\\\/es\\\/politica-de-cookies\\\/\",\"url\":\"https:\\\/\\\/schades.com\\\/es\\\/politica-de-cookies\\\/\",\"name\":\"Cookie Policy | Schades\",\"isPartOf\":{\"@id\":\"https:\\\/\\\/schades.com\\\/es\\\/#website\"},\"datePublished\":\"2024-04-03T14:05:37+00:00\",\"dateModified\":\"2025-05-30T13:36:50+00:00\",\"description\":\"Our cookie policy. The cookies collected by Schades and how we use this data.\",\"breadcrumb\":{\"@id\":\"https:\\\/\\\/schades.com\\\/es\\\/politica-de-cookies\\\/#breadcrumb\"},\"inLanguage\":\"es\",\"potentialAction\":[{\"@type\":\"ReadAction\",\"target\":[\"https:\\\/\\\/schades.com\\\/es\\\/politica-de-cookies\\\/\"]}]},{\"@type\":\"BreadcrumbList\",\"@id\":\"https:\\\/\\\/schades.com\\\/es\\\/politica-de-cookies\\\/#breadcrumb\",\"itemListElement\":[{\"@type\":\"ListItem\",\"position\":1,\"name\":\"Home\",\"item\":\"https:\\\/\\\/schades.com\\\/es\\\/\"},{\"@type\":\"ListItem\",\"position\":2,\"name\":\"Pol\u00edtica de cookies\"}]},{\"@type\":\"WebSite\",\"@id\":\"https:\\\/\\\/schades.com\\\/es\\\/#website\",\"url\":\"https:\\\/\\\/schades.com\\\/es\\\/\",\"name\":\"Schades Spain\",\"description\":\"\",\"potentialAction\":[{\"@type\":\"SearchAction\",\"target\":{\"@type\":\"EntryPoint\",\"urlTemplate\":\"https:\\\/\\\/schades.com\\\/es\\\/?s={search_term_string}\"},\"query-input\":{\"@type\":\"PropertyValueSpecification\",\"valueRequired\":true,\"valueName\":\"search_term_string\"}}],\"inLanguage\":\"es\"}]}<\/script>\n<!-- \/ Yoast SEO plugin. -->","yoast_head_json":{"title":"Cookie Policy | Schades","description":"Our cookie policy. The cookies collected by Schades and how we use this data.","robots":{"index":"index","follow":"follow","max-snippet":"max-snippet:-1","max-image-preview":"max-image-preview:large","max-video-preview":"max-video-preview:-1"},"canonical":"https:\/\/schades.com\/es\/politica-de-cookies\/","og_locale":"es_ES","og_type":"article","og_title":"Cookie Policy | Schades","og_description":"Our cookie policy. The cookies collected by Schades and how we use this data.","og_url":"https:\/\/schades.com\/es\/politica-de-cookies\/","og_site_name":"Schades Spain","article_modified_time":"2025-05-30T13:36:50+00:00","twitter_card":"summary_large_image","twitter_misc":{"Tiempo de lectura":"4 minutos"},"schema":{"@context":"https:\/\/schema.org","@graph":[{"@type":"WebPage","@id":"https:\/\/schades.com\/es\/politica-de-cookies\/","url":"https:\/\/schades.com\/es\/politica-de-cookies\/","name":"Cookie Policy | Schades","isPartOf":{"@id":"https:\/\/schades.com\/es\/#website"},"datePublished":"2024-04-03T14:05:37+00:00","dateModified":"2025-05-30T13:36:50+00:00","description":"Our cookie policy. The cookies collected by Schades and how we use this data.","breadcrumb":{"@id":"https:\/\/schades.com\/es\/politica-de-cookies\/#breadcrumb"},"inLanguage":"es","potentialAction":[{"@type":"ReadAction","target":["https:\/\/schades.com\/es\/politica-de-cookies\/"]}]},{"@type":"BreadcrumbList","@id":"https:\/\/schades.com\/es\/politica-de-cookies\/#breadcrumb","itemListElement":[{"@type":"ListItem","position":1,"name":"Home","item":"https:\/\/schades.com\/es\/"},{"@type":"ListItem","position":2,"name":"Pol\u00edtica de cookies"}]},{"@type":"WebSite","@id":"https:\/\/schades.com\/es\/#website","url":"https:\/\/schades.com\/es\/","name":"Schades Spain","description":"","potentialAction":[{"@type":"SearchAction","target":{"@type":"EntryPoint","urlTemplate":"https:\/\/schades.com\/es\/?s={search_term_string}"},"query-input":{"@type":"PropertyValueSpecification","valueRequired":true,"valueName":"search_term_string"}}],"inLanguage":"es"}]}},"_links":{"self":[{"href":"https:\/\/schades.com\/es\/wp-json\/wp\/v2\/pages\/807","targetHints":{"allow":["GET"]}}],"collection":[{"href":"https:\/\/schades.com\/es\/wp-json\/wp\/v2\/pages"}],"about":[{"href":"https:\/\/schades.com\/es\/wp-json\/wp\/v2\/types\/page"}],"author":[{"embeddable":true,"href":"https:\/\/schades.com\/es\/wp-json\/wp\/v2\/users\/1"}],"replies":[{"embeddable":true,"href":"https:\/\/schades.com\/es\/wp-json\/wp\/v2\/comments?post=807"}],"version-history":[{"count":11,"href":"https:\/\/schades.com\/es\/wp-json\/wp\/v2\/pages\/807\/revisions"}],"predecessor-version":[{"id":2449,"href":"https:\/\/schades.com\/es\/wp-json\/wp\/v2\/pages\/807\/revisions\/2449"}],"wp:attachment":[{"href":"https:\/\/schades.com\/es\/wp-json\/wp\/v2\/media?parent=807"}],"curies":[{"name":"wp","href":"https:\/\/api.w.org\/{rel}","templated":true}]}}