{"id":1384,"date":"2024-04-24T14:42:39","date_gmt":"2024-04-24T14:42:39","guid":{"rendered":"https:\/\/schades.com\/fr\/?page_id=1384"},"modified":"2025-03-24T12:33:25","modified_gmt":"2025-03-24T12:33:25","slug":"ecpa","status":"publish","type":"page","link":"https:\/\/schades.com\/fr\/a-propos\/ecpa\/","title":{"rendered":"ECPA"},"content":{"rendered":"<div \n\tid=\"block-3\"\n\tclass=\"strip  block-3 position-relative\"\n\tstyle=\"\"\n\t>\n\t\n\t\n\t<div \n\tid=\"block-4\"\n\tclass=\"container  block-4 position-relative\"\n\tstyle=\"\"\n\t>\n\t\n\t\n\n\n\t\t<style>\n\t\t.block-5:not(.v-middle):not(.v-bottom) > .column:not(.position-sticky) {\n\t\t\theight: 100%;\n\t\t}\n\t\t\n\t\t\t\t\t.block-5 {\n\t\t\t\theight: 56px !important;\n\t\t\t}\n\t\t\n\t\t\t\t\t@media ( min-width: 767px ) and ( max-width: 991px ) {\n\t\t\t\t.block-5 {\n\t\t\t\t\theight: 100px !important;\n\t\t\t\t}\n\t\t\t}\n\t\t\n\t\t\t\t\t@media ( min-width: 992px ) and ( max-width: 1199px ) {\n\t\t\t\t.block-5 {\n\t\t\t\t\theight: 100px !important;\n\t\t\t\t}\n\t\t\t}\n\t\t\n\t\t\t\t\t@media ( min-width: 1200px ) {\n\t\t\t\t.block-5 {\n\t\t\t\t\theight: 100px !important;\n\t\t\t\t}\n\t\t\t}\n\t\t\t<\/style>\n<div \n\tid=\"block-5\"\n\tclass=\"row  block-5 height-mobile height-tablet height-medium height-large position-relative\"\n\tstyle=\"\"\n\t>\n\t\n\t\n\t\t\t\n\t\n\t\n<\/div>\t\t\n\t\n\t\n<\/div>\t\t\n\t\n\t\n<\/div>\n\n<div \n\tid=\"block-153\"\n\tclass=\"strip  block-153 position-relative\"\n\tstyle=\"margin-bottom:50px;\"\n\t>\n\t\n\t\n\t<div \n\tid=\"block-154\"\n\tclass=\"container  block-154 container-fluid position-relative\"\n\tstyle=\"\"\n\t>\n\t\n\t\n\n\n\n\n\t<div \n\tid=\"block-155\"\n\tclass=\"row  block-155 position-relative\"\n\tstyle=\"\"\n\t>\n\t\n\t\n\n\n\t<div \n\tid=\"block-156\"\n\tclass=\"core-paragraph  block-156 position-relative\"\n\tstyle=\"\"\n\t>\n\t\n\t\n<p><\/p>\n\n\t\t\t\n\t\n\t\n<\/div>\t\t\n\t\n\t\n<\/div><div \n\tid=\"block-158\"\n\tclass=\"row  block-158 v-middle position-relative\"\n\tstyle=\"\"\n\t>\n\t\n\t\n\n\n\n\n\n\n\t<div \n\tid=\"block-159\"\n\tclass=\"column  block-159 col-sm-6 col-md-6 col-lg-6 position-relative cc-curved-image-container cc-curved-image-container--left cc-with-spiral\"\n\tstyle=\"padding-left:0px;padding-right:0px;\"\n\t>\n\t\n\t\n\n\n\t<div \n\tid=\"block-160\"\n\tclass=\"core-image  block-160 position-relative\"\n\tstyle=\"\"\n\t>\n\t\n\t\n<figure class=\"wp-block-image size-full\"><img data-src=\"https:\/\/schades.com\/wp-content\/uploads\/2025\/03\/imageECPA4.jpg\" alt=\"\" class=\"wp-image-3178 lazy\"\/><\/figure>\n\n\t\t\t\n\t\n\t\n<\/div>\t\t\n\t\n\t\n<\/div><div \n\tid=\"block-162\"\n\tclass=\"column  block-162 col-md-1 col-lg-1 position-relative hidden-xs hidden-sm hidden-md\"\n\tstyle=\"\"\n\t>\n\t\n\t\n\n\n\t<div \n\tid=\"block-163\"\n\tclass=\"core-paragraph  block-163 position-relative\"\n\tstyle=\"\"\n\t>\n\t\n\t\n<p><\/p>\n\n\t\t\t\n\t\n\t\n<\/div>\t\t\n\t\n\t\n<\/div><div \n\tid=\"block-165\"\n\tclass=\"column  block-165 col-xs-12 col-sm-6 col-md-6 col-lg-5 position-relative\"\n\tstyle=\"\"\n\t>\n\t\n\t\n\n\n\t<div \n\tid=\"block-166\"\n\tclass=\"row  block-166 position-relative\"\n\tstyle=\"\"\n\t>\n\t\n\t\n\n\n\n\n\n\n\n\n\t<div \n\tid=\"block-167\"\n\tclass=\"core-spacer  block-167 position-relative\"\n\tstyle=\"\"\n\t>\n\t\n\t\n<div style=\"height:24px\" aria-hidden=\"true\" class=\"wp-block-spacer\"><\/div>\n\n\t\t\t\n\t\n\t\n<\/div><div \n\tid=\"block-169\"\n\tclass=\"column  block-169 col-xs-12 col-sm-11 col-md-11 col-lg-11 position-relative\"\n\tstyle=\"padding-top:30px;padding-bottom:30px;\"\n\t>\n\t\n\t\n\n\n\n\n\n\n\n\n\n\n\n\n\n\n\n\n\n\n\t<div \n\tid=\"block-170\"\n\tclass=\"core-heading  block-170 position-relative\"\n\tstyle=\"\"\n\t>\n\t\n\t\n<h1 class=\"wp-block-heading has-primary-color has-text-color has-link-color\">European Converted Paper Association<\/h1>\n\n\t\t\t\n\t\n\t\n<\/div><div \n\tid=\"block-172\"\n\tclass=\"core-image  block-172 position-relative\"\n\tstyle=\"\"\n\t>\n\t\n\t\n<figure class=\"wp-block-image size-full\"><img data-src=\"https:\/\/schades.com\/wp-content\/uploads\/2025\/03\/logoECPA-Custom-1.jpg\" alt=\"\" class=\"wp-image-3189 lazy\"\/><\/figure>\n\n\t\t\t\n\t\n\t\n<\/div><div \n\tid=\"block-174\"\n\tclass=\"core-separator  block-174 position-relative\"\n\tstyle=\"\"\n\t>\n\t\n\t\n<hr class=\"wp-block-separator has-alpha-channel-opacity\"\/>\n\n\t\t\t\n\t\n\t\n<\/div><div \n\tid=\"block-176\"\n\tclass=\"core-paragraph  block-176 position-relative\"\n\tstyle=\"\"\n\t>\n\t\n\t\n<p>L&rsquo;European Converted Paper Association (ECPA) est l&rsquo;entit\u00e9 repr\u00e9sentative de l&rsquo;industrie de la transformation de papier en Europe. Regroupant un large \u00e9ventail de fabricants et de fournisseurs, l&rsquo;ECPA a pour objectif de soutenir les entreprises en leur offrant des solutions de papier fonctionnel de haute qualit\u00e9.<\/p>\n\n\t\t\t\n\t\n\t\n<\/div><div \n\tid=\"block-178\"\n\tclass=\"core-paragraph  block-178 position-relative\"\n\tstyle=\"\"\n\t>\n\t\n\t\n<p><strong>Mission<\/strong><\/p>\n\n\t\t\t\n\t\n\t\n<\/div><div \n\tid=\"block-180\"\n\tclass=\"core-paragraph  block-180 position-relative\"\n\tstyle=\"\"\n\t>\n\t\n\t\n<p>L&rsquo;ECPA vise \u00e0 unir les acteurs de l&rsquo;industrie autour d&rsquo;une mission commune : promouvoir la valeur des tickets de caisse en tant qu&rsquo;outils indispensables \u00e0 la transparence, la s\u00e9curit\u00e9 et la confiance des consommateurs.<\/p>\n\n\t\t\t\n\t\n\t\n<\/div><div \n\tid=\"block-182\"\n\tclass=\"core-paragraph  block-182 position-relative\"\n\tstyle=\"\"\n\t>\n\t\n\t\n<p><strong>Plaidoyer et avantages<\/strong><\/p>\n\n\t\t\t\n\t\n\t\n<\/div><div \n\tid=\"block-184\"\n\tclass=\"core-paragraph  block-184 position-relative\"\n\tstyle=\"\"\n\t>\n\t\n\t\n<p>L&rsquo;ECPA d\u00e9fend les avantages des tickets de caisse en papier, qui sont essentiels pour garantir une tarification pr\u00e9cise, une gestion claire des enregistrements et le respect de la l\u00e9gislation sur les droits des consommateurs. En repr\u00e9sentant les int\u00e9r\u00eats de ses membres au niveau europ\u00e9en, l&rsquo;ECPA favorise un dialogue constructif avec les d\u00e9cideurs, les r\u00e9gulateurs et les autres parties prenantes afin de fa\u00e7onner un avenir o\u00f9 les produits en papier demeurent essentiels au commerce moderne.<\/p>\n\n\t\t\t\n\t\n\t\n<\/div><div \n\tid=\"block-186\"\n\tclass=\"core-paragraph  block-186 position-relative\"\n\tstyle=\"\"\n\t>\n\t\n\t\n<p>Pour plus d&rsquo;informations, visitez le site web de l&rsquo;ECPA.<\/p>\n\n\t\t\t\n\t\n\t\n<\/div>\t\t\n\t\n\t\n<\/div><div \n\tid=\"block-188\"\n\tclass=\"column  block-188 col-xs-1 col-sm-1 col-md-1 col-lg-1 position-relative hidden-xs\"\n\tstyle=\"\"\n\t>\n\t\n\t\n\t\t\t\n\t\n\t\n<\/div><div \n\tid=\"block-190\"\n\tclass=\"column  block-190 position-relative col-xs-12 cc_btn-align\"\n\tstyle=\"padding-left:0px;padding-right:0px;\"\n\t>\n\t\n\t\n\n\n\t\n\t\n\t\n\t\t\n\t\t<a\n\t\t\tclass=\"button  block-191 position-relative has-link\"\n\t\t\tstyle=\"\"\n\t\t\thref=\"https:\/\/ecpaassociation.eu\/\"\n\t\t\t\t\t\t\t\t\t\t\t\t\t\t\t\t\t>\n\t\t\t\n\t\t\tecpaassociation.eu\n\t\t\t\t\t<\/a>\n\n\t\n\t\t\n\t\n\t\n<\/div>\t\t\n\t\n\t\n<\/div>\t\t\n\t\n\t\n<\/div>\t\t\n\t\n\t\n<\/div>\t\t\n\t\n\t\n<\/div>\t\t\n\t\n\t\n<\/div>","protected":false},"excerpt":{"rendered":"","protected":false},"author":1,"featured_media":0,"parent":5,"menu_order":0,"comment_status":"closed","ping_status":"closed","template":"","meta":{"_acf_changed":false,"footnotes":""},"class_list":["post-1384","page","type-page","status-publish","hentry"],"acf":[],"yoast_head":"<!-- This site is optimized with the Yoast SEO plugin v27.3 - https:\/\/yoast.com\/product\/yoast-seo-wordpress\/ -->\n<title>ECPA - Schades France<\/title>\n<meta name=\"robots\" content=\"index, follow, max-snippet:-1, max-image-preview:large, max-video-preview:-1\" \/>\n<link rel=\"canonical\" href=\"https:\/\/schades.com\/fr\/a-propos\/ecpa\/\" \/>\n<meta property=\"og:locale\" content=\"fr_FR\" \/>\n<meta property=\"og:type\" content=\"article\" \/>\n<meta property=\"og:title\" content=\"ECPA - Schades France\" \/>\n<meta property=\"og:url\" content=\"https:\/\/schades.com\/fr\/a-propos\/ecpa\/\" \/>\n<meta property=\"og:site_name\" content=\"Schades France\" \/>\n<meta property=\"article:modified_time\" content=\"2025-03-24T12:33:25+00:00\" \/>\n<meta property=\"og:image\" content=\"https:\/\/schades.com\/wp-content\/uploads\/2025\/03\/imageECPA4.jpg\" \/>\n<meta name=\"twitter:card\" content=\"summary_large_image\" \/>\n<meta name=\"twitter:label1\" content=\"Dur\u00e9e de lecture estim\u00e9e\" \/>\n\t<meta name=\"twitter:data1\" content=\"2 minutes\" \/>\n<script type=\"application\/ld+json\" class=\"yoast-schema-graph\">{\"@context\":\"https:\\\/\\\/schema.org\",\"@graph\":[{\"@type\":\"WebPage\",\"@id\":\"https:\\\/\\\/schades.com\\\/fr\\\/a-propos\\\/ecpa\\\/\",\"url\":\"https:\\\/\\\/schades.com\\\/fr\\\/a-propos\\\/ecpa\\\/\",\"name\":\"ECPA - Schades France\",\"isPartOf\":{\"@id\":\"\\\/#website\"},\"primaryImageOfPage\":{\"@id\":\"https:\\\/\\\/schades.com\\\/fr\\\/a-propos\\\/ecpa\\\/#primaryimage\"},\"image\":{\"@id\":\"https:\\\/\\\/schades.com\\\/fr\\\/a-propos\\\/ecpa\\\/#primaryimage\"},\"thumbnailUrl\":\"https:\\\/\\\/schades.com\\\/wp-content\\\/uploads\\\/2025\\\/03\\\/imageECPA4.jpg\",\"datePublished\":\"2024-04-24T14:42:39+00:00\",\"dateModified\":\"2025-03-24T12:33:25+00:00\",\"breadcrumb\":{\"@id\":\"https:\\\/\\\/schades.com\\\/fr\\\/a-propos\\\/ecpa\\\/#breadcrumb\"},\"inLanguage\":\"fr-FR\",\"potentialAction\":[{\"@type\":\"ReadAction\",\"target\":[\"https:\\\/\\\/schades.com\\\/fr\\\/a-propos\\\/ecpa\\\/\"]}]},{\"@type\":\"ImageObject\",\"inLanguage\":\"fr-FR\",\"@id\":\"https:\\\/\\\/schades.com\\\/fr\\\/a-propos\\\/ecpa\\\/#primaryimage\",\"url\":\"https:\\\/\\\/schades.com\\\/wp-content\\\/uploads\\\/2025\\\/03\\\/imageECPA4.jpg\",\"contentUrl\":\"https:\\\/\\\/schades.com\\\/wp-content\\\/uploads\\\/2025\\\/03\\\/imageECPA4.jpg\"},{\"@type\":\"BreadcrumbList\",\"@id\":\"https:\\\/\\\/schades.com\\\/fr\\\/a-propos\\\/ecpa\\\/#breadcrumb\",\"itemListElement\":[{\"@type\":\"ListItem\",\"position\":1,\"name\":\"Home\",\"item\":\"https:\\\/\\\/schades.com\\\/fr\\\/\"},{\"@type\":\"ListItem\",\"position\":2,\"name\":\"\u00c0 propos\",\"item\":\"https:\\\/\\\/schades.com\\\/fr\\\/a-propos\\\/\"},{\"@type\":\"ListItem\",\"position\":3,\"name\":\"ECPA\"}]},{\"@type\":\"WebSite\",\"@id\":\"\\\/#website\",\"url\":\"\\\/\",\"name\":\"Schades France\",\"description\":\"\",\"potentialAction\":[{\"@type\":\"SearchAction\",\"target\":{\"@type\":\"EntryPoint\",\"urlTemplate\":\"\\\/?s={search_term_string}\"},\"query-input\":{\"@type\":\"PropertyValueSpecification\",\"valueRequired\":true,\"valueName\":\"search_term_string\"}}],\"inLanguage\":\"fr-FR\"}]}<\/script>\n<!-- \/ Yoast SEO plugin. -->","yoast_head_json":{"title":"ECPA - Schades France","robots":{"index":"index","follow":"follow","max-snippet":"max-snippet:-1","max-image-preview":"max-image-preview:large","max-video-preview":"max-video-preview:-1"},"canonical":"https:\/\/schades.com\/fr\/a-propos\/ecpa\/","og_locale":"fr_FR","og_type":"article","og_title":"ECPA - Schades France","og_url":"https:\/\/schades.com\/fr\/a-propos\/ecpa\/","og_site_name":"Schades France","article_modified_time":"2025-03-24T12:33:25+00:00","og_image":[{"url":"https:\/\/schades.com\/wp-content\/uploads\/2025\/03\/imageECPA4.jpg","type":"","width":"","height":""}],"twitter_card":"summary_large_image","twitter_misc":{"Dur\u00e9e de lecture estim\u00e9e":"2 minutes"},"schema":{"@context":"https:\/\/schema.org","@graph":[{"@type":"WebPage","@id":"https:\/\/schades.com\/fr\/a-propos\/ecpa\/","url":"https:\/\/schades.com\/fr\/a-propos\/ecpa\/","name":"ECPA - Schades France","isPartOf":{"@id":"\/#website"},"primaryImageOfPage":{"@id":"https:\/\/schades.com\/fr\/a-propos\/ecpa\/#primaryimage"},"image":{"@id":"https:\/\/schades.com\/fr\/a-propos\/ecpa\/#primaryimage"},"thumbnailUrl":"https:\/\/schades.com\/wp-content\/uploads\/2025\/03\/imageECPA4.jpg","datePublished":"2024-04-24T14:42:39+00:00","dateModified":"2025-03-24T12:33:25+00:00","breadcrumb":{"@id":"https:\/\/schades.com\/fr\/a-propos\/ecpa\/#breadcrumb"},"inLanguage":"fr-FR","potentialAction":[{"@type":"ReadAction","target":["https:\/\/schades.com\/fr\/a-propos\/ecpa\/"]}]},{"@type":"ImageObject","inLanguage":"fr-FR","@id":"https:\/\/schades.com\/fr\/a-propos\/ecpa\/#primaryimage","url":"https:\/\/schades.com\/wp-content\/uploads\/2025\/03\/imageECPA4.jpg","contentUrl":"https:\/\/schades.com\/wp-content\/uploads\/2025\/03\/imageECPA4.jpg"},{"@type":"BreadcrumbList","@id":"https:\/\/schades.com\/fr\/a-propos\/ecpa\/#breadcrumb","itemListElement":[{"@type":"ListItem","position":1,"name":"Home","item":"https:\/\/schades.com\/fr\/"},{"@type":"ListItem","position":2,"name":"\u00c0 propos","item":"https:\/\/schades.com\/fr\/a-propos\/"},{"@type":"ListItem","position":3,"name":"ECPA"}]},{"@type":"WebSite","@id":"\/#website","url":"\/","name":"Schades France","description":"","potentialAction":[{"@type":"SearchAction","target":{"@type":"EntryPoint","urlTemplate":"\/?s={search_term_string}"},"query-input":{"@type":"PropertyValueSpecification","valueRequired":true,"valueName":"search_term_string"}}],"inLanguage":"fr-FR"}]}},"_links":{"self":[{"href":"https:\/\/schades.com\/fr\/wp-json\/wp\/v2\/pages\/1384","targetHints":{"allow":["GET"]}}],"collection":[{"href":"https:\/\/schades.com\/fr\/wp-json\/wp\/v2\/pages"}],"about":[{"href":"https:\/\/schades.com\/fr\/wp-json\/wp\/v2\/types\/page"}],"author":[{"embeddable":true,"href":"https:\/\/schades.com\/fr\/wp-json\/wp\/v2\/users\/1"}],"replies":[{"embeddable":true,"href":"https:\/\/schades.com\/fr\/wp-json\/wp\/v2\/comments?post=1384"}],"version-history":[{"count":4,"href":"https:\/\/schades.com\/fr\/wp-json\/wp\/v2\/pages\/1384\/revisions"}],"predecessor-version":[{"id":2790,"href":"https:\/\/schades.com\/fr\/wp-json\/wp\/v2\/pages\/1384\/revisions\/2790"}],"up":[{"embeddable":true,"href":"https:\/\/schades.com\/fr\/wp-json\/wp\/v2\/pages\/5"}],"wp:attachment":[{"href":"https:\/\/schades.com\/fr\/wp-json\/wp\/v2\/media?parent=1384"}],"curies":[{"name":"wp","href":"https:\/\/api.w.org\/{rel}","templated":true}]}}