{"id":3124,"date":"2026-04-17T14:24:43","date_gmt":"2026-04-17T14:24:43","guid":{"rendered":"https:\/\/schades.com\/fr\/?page_id=3124"},"modified":"2026-04-17T14:24:44","modified_gmt":"2026-04-17T14:24:44","slug":"carriere","status":"publish","type":"page","link":"https:\/\/schades.com\/fr\/carriere\/","title":{"rendered":"Carri\u00e8re"},"content":{"rendered":"<div \n\tid=\"block-3\"\n\tclass=\"strip  block-3 position-relative\"\n\tstyle=\"\"\n\t>\n\t\n\t\n\t<div \n\tid=\"block-4\"\n\tclass=\"container  block-4 position-relative\"\n\tstyle=\"\"\n\t>\n\t\n\t\n\n\n\t\t<style>\n\t\t.block-5:not(.v-middle):not(.v-bottom) > .column:not(.position-sticky) {\n\t\t\theight: 100%;\n\t\t}\n\t\t\n\t\t\t\t\t.block-5 {\n\t\t\t\theight: 100px !important;\n\t\t\t}\n\t\t\n\t\t\t\t\t@media ( min-width: 767px ) and ( max-width: 991px ) {\n\t\t\t\t.block-5 {\n\t\t\t\t\theight: 140px !important;\n\t\t\t\t}\n\t\t\t}\n\t\t\n\t\t\t\t\t@media ( min-width: 992px ) and ( max-width: 1199px ) {\n\t\t\t\t.block-5 {\n\t\t\t\t\theight: 140px !important;\n\t\t\t\t}\n\t\t\t}\n\t\t\n\t\t\t\t\t@media ( min-width: 1200px ) {\n\t\t\t\t.block-5 {\n\t\t\t\t\theight: 140px !important;\n\t\t\t\t}\n\t\t\t}\n\t\t\t<\/style>\n<div \n\tid=\"block-5\"\n\tclass=\"row  block-5 height-mobile height-tablet height-medium height-large position-relative\"\n\tstyle=\"\"\n\t>\n\t\n\t\n\t\t\t\n\t\n\t\n<\/div>\t\t\n\t\n\t\n<\/div>\t\t\n\t\n\t\n<\/div>\n\n<div \n\tid=\"block-35\"\n\tclass=\"strip  block-35 position-relative\"\n\tstyle=\"margin-bottom:50px;\"\n\t>\n\t\n\t\n\t<div \n\tid=\"block-36\"\n\tclass=\"container  block-36 position-relative cc-use-default-container-width\"\n\tstyle=\"\"\n\t>\n\t\n\t\n\n\n\t<div \n\tid=\"block-37\"\n\tclass=\"row  block-37 h-center position-relative\"\n\tstyle=\"\"\n\t>\n\t\n\t\n\n\n\n\n\t<div \n\tid=\"block-38\"\n\tclass=\"column  block-38 h-center position-relative col-xs-12\"\n\tstyle=\"margin-bottom:20px;\"\n\t>\n\t\n\t\n\n\n\t<div \n\tid=\"block-39\"\n\tclass=\"core-image  block-39 position-relative is-style-default\"\n\tstyle=\"\"\n\t>\n\t\n\t\n<figure class=\"wp-block-image size-full is-resized is-style-default\"><img width=\"128\" height=\"128\" data-src=\"https:\/\/schades.com\/wp-content\/uploads\/2024\/01\/emblem-colour.png\" alt=\"\" class=\"wp-image-186 lazy\" style=\"object-fit:cover;width:50px;height:50px\"\/><\/figure>\n\n\t\t\t\n\t\n\t\n<\/div>\t\t\n\t\n\t\n<\/div><div \n\tid=\"block-41\"\n\tclass=\"column  block-41 h-center position-relative col-xs-12\"\n\tstyle=\"\"\n\t>\n\t\n\t\n\n\n\n\n\n\n\t<div \n\tid=\"block-42\"\n\tclass=\"core-heading  block-42 position-relative\"\n\tstyle=\"\"\n\t>\n\t\n\t\n<h1 class=\"wp-block-heading\">Carri\u00e8re<\/h1>\n\n\t\t\t\n\t\n\t\n<\/div><div \n\tid=\"block-44\"\n\tclass=\"core-spacer  block-44 position-relative cc-certification-underline\"\n\tstyle=\"\"\n\t>\n\t\n\t\n<div style=\"height:1px\" aria-hidden=\"true\" class=\"wp-block-spacer cc-certification-underline\"><\/div>\n\n\t\t\t\n\t\n\t\n<\/div><div \n\tid=\"block-46\"\n\tclass=\"core-paragraph  block-46 position-relative\"\n\tstyle=\"\"\n\t>\n\t\n\t\n<p>De la production \u00e0 la livraison, nos rouleaux de papier et nos \u00e9tiquettes soutiennent chaque jour des secteurs essentiels \u00e0 travers toute l&rsquo;Europe. D\u00e9couvrez nos offres d&#8217;emploi actuelles et construisez d\u00e8s aujourd&rsquo;hui votre avenir avec nous.<\/p>\n\n\t\t\t\n\t\n\t\n<\/div>\t\t\n\t\n\t\n<\/div>\t\t\n\t\n\t\n<\/div>\t\t\n\t\n\t\n<\/div>\t\t\n\t\n\t\n<\/div>\n\n\n<div style=\"height:100px\" aria-hidden=\"true\" class=\"wp-block-spacer\"><\/div>\n\n\n<div \n\tid=\"block-160\"\n\tclass=\"strip  block-160 position-relative\"\n\tstyle=\"\"\n\t>\n\t\n\t\n\t<div \n\tid=\"block-161\"\n\tclass=\"container  block-161 container-fluid position-relative\"\n\tstyle=\"\"\n\t>\n\t\n\t\n\n\n\t<div \n\tid=\"block-162\"\n\tclass=\"row  block-162 v-middle position-relative\"\n\tstyle=\"\"\n\t>\n\t\n\t\n\n\n\n\n\n\n\n\n\t<div \n\tid=\"block-163\"\n\tclass=\"column  block-163 col-md-1 col-lg-1 position-relative hidden-xs hidden-sm hidden-md\"\n\tstyle=\"\"\n\t>\n\t\n\t\n\n\n\t<div \n\tid=\"block-164\"\n\tclass=\"core-paragraph  block-164 position-relative\"\n\tstyle=\"\"\n\t>\n\t\n\t\n<p><\/p>\n\n\t\t\t\n\t\n\t\n<\/div>\t\t\n\t\n\t\n<\/div><div \n\tid=\"block-166\"\n\tclass=\"column  block-166 col-xs-12 col-sm-6 col-md-6 col-lg-5 position-relative\"\n\tstyle=\"\"\n\t>\n\t\n\t\n\n\n\t<div \n\tid=\"block-167\"\n\tclass=\"row  block-167 position-relative\"\n\tstyle=\"padding-top:50px;padding-bottom:50px;\"\n\t>\n\t\n\t\n\n\n\n\n\t<div \n\tid=\"block-168\"\n\tclass=\"column  block-168 col-xs-12 col-sm-11 col-md-11 col-lg-11 position-relative\"\n\tstyle=\"padding-top:30px;padding-bottom:30px;\"\n\t>\n\t\n\t\n\n\n\n\n\n\n\n\n\n\n\n\n\n\n\t<div \n\tid=\"block-169\"\n\tclass=\"core-heading  block-169 position-relative\"\n\tstyle=\"\"\n\t>\n\t\n\t\n<h2 class=\"wp-block-heading has-secondary-color has-text-color has-link-color\" style=\"font-size:45px\">Travailler chez Schades Group<\/h2>\n\n\t\t\t\n\t\n\t\n<\/div><div \n\tid=\"block-171\"\n\tclass=\"core-separator  block-171 position-relative\"\n\tstyle=\"\"\n\t>\n\t\n\t\n<hr class=\"wp-block-separator has-alpha-channel-opacity\"\/>\n\n\t\t\t\n\t\n\t\n<\/div><div \n\tid=\"block-173\"\n\tclass=\"core-paragraph  block-173 position-relative\"\n\tstyle=\"\"\n\t>\n\t\n\t\n<p>Chez Schades Group, nous sommes passionn\u00e9s par ce que nous faisons : fournir des rouleaux de papier et des \u00e9tiquettes durables et de haute qualit\u00e9 aux entreprises de toute l&rsquo;Europe.<\/p>\n\n\t\t\t\n\t\n\t\n<\/div><div \n\tid=\"block-175\"\n\tclass=\"core-paragraph  block-175 position-relative\"\n\tstyle=\"\"\n\t>\n\t\n\t\n<p>En tant que leader du march\u00e9 des rouleaux de papier pour points de vente et de l&rsquo;\u00e9tiquetage alimentaire, notre succ\u00e8s repose sur la fiabilit\u00e9, l&rsquo;innovation et une solide culture ax\u00e9e sur le client.<\/p>\n\n\t\t\t\n\t\n\t\n<\/div><div \n\tid=\"block-177\"\n\tclass=\"core-paragraph  block-177 position-relative\"\n\tstyle=\"\"\n\t>\n\t\n\t\n<p>Avec une production annuelle de plus de 200 millions de rouleaux de papier et 50 millions de m\u00b2 d&rsquo;\u00e9tiquettes, nous sommes fiers de proposer des solutions rentables qui r\u00e9pondent \u00e0 tous les besoins.<\/p>\n\n\t\t\t\n\t\n\t\n<\/div><div \n\tid=\"block-179\"\n\tclass=\"core-paragraph  block-179 position-relative\"\n\tstyle=\"\"\n\t>\n\t\n\t\n<p>Si vous partagez notre engagement envers la qualit\u00e9 et le travail d&rsquo;\u00e9quipe, d\u00e9couvrez nos opportunit\u00e9s et \u00e9voluez avec nous.<\/p>\n\n\t\t\t\n\t\n\t\n<\/div><div \n\tid=\"block-181\"\n\tclass=\"core-paragraph  block-181 position-relative\"\n\tstyle=\"\"\n\t>\n\t\n\t\n<p><\/p>\n\n\t\t\t\n\t\n\t\n<\/div>\t\t\n\t\n\t\n<\/div><div \n\tid=\"block-183\"\n\tclass=\"column  block-183 col-xs-1 col-sm-1 col-md-1 col-lg-1 position-relative hidden-xs\"\n\tstyle=\"\"\n\t>\n\t\n\t\n\t\t\t\n\t\n\t\n<\/div>\t\t\n\t\n\t\n<\/div>\t\t\n\t\n\t\n<\/div><div \n\tid=\"block-185\"\n\tclass=\"column  block-185 col-xs-2 col-md-1 col-lg-1 position-relative hidden-sm hidden-md\"\n\tstyle=\"\"\n\t>\n\t\n\t\n\n\n\t<div \n\tid=\"block-186\"\n\tclass=\"core-paragraph  block-186 position-relative\"\n\tstyle=\"\"\n\t>\n\t\n\t\n<p><\/p>\n\n\t\t\t\n\t\n\t\n<\/div>\t\t\n\t\n\t\n<\/div><div \n\tid=\"block-188\"\n\tclass=\"column  block-188 col-xs-10 col-sm-6 col-md-6 col-lg-5 position-relative cc-curved-image-container cc-curved-image-container--right cc-with-spiral\"\n\tstyle=\"padding-left:0px;padding-right:0px;\"\n\t>\n\t\n\t\n\n\n\t<div \n\tid=\"block-189\"\n\tclass=\"core-image  block-189 position-relative\"\n\tstyle=\"\"\n\t>\n\t\n\t\n<figure class=\"wp-block-image size-full\"><img data-src=\"https:\/\/schades.com\/wp-content\/uploads\/2026\/04\/man-next-to-label-drum.jpg\" alt=\"\" class=\"wp-image-3704 lazy\"\/><\/figure>\n\n\t\t\t\n\t\n\t\n<\/div>\t\t\n\t\n\t\n<\/div>\t\t\n\t\n\t\n<\/div>\t\t\n\t\n\t\n<\/div>\t\t\n\t\n\t\n<\/div>\n\n<div \n\tid=\"block-196\"\n\tclass=\"strip  block-196 position-relative\"\n\tstyle=\"\"\n\t>\n\t\n\t\n\t<div \n\tid=\"block-197\"\n\tclass=\"container  block-197 position-relative\"\n\tstyle=\"\"\n\t>\n\t\n\t\n\n\n\t<div \n\tid=\"block-198\"\n\tclass=\"grid-row  block-198 position-relative\"\n\tstyle=\"\"\n\t>\n\t\n\t\n\n\n\t<div \n\tid=\"block-199\"\n\tclass=\"grid-column  block-199 position-relative grid-from-xs-6 grid-to-xs-12\"\n\tstyle=\"\"\n\t>\n\t\n\t\n\t\t\t\n\t\n\t\n<\/div>\t\t\n\t\n\t\n<\/div>\t\t\n\t\n\t\n<\/div>\t\t\n\t\n\t\n<\/div>\n\n<div \n\tid=\"block-228\"\n\tclass=\"strip  block-228 position-relative lazy has-background-image\"\n\tstyle=\"\"\n\t>\n\t\n\t<style>\n\t\t#background-colour-228 {\n\t\t\tbackground-color: 0;\n\t\t\topacity: 1;\n\t\t\tborder-radius: 0px;;\n\t\t\t\ttransition: all 0.25s ease-in-out;\n\t\t}\n\t\t\n\t\t\t<\/style>\n\n\t\n\t\t\t<div\n\t\t\tid=\"background-image-228\"\n\t\t\tclass=\"background-image lazy\"\n\t\t\tdata-src=\"https:\/\/schades.com\/wp-content\/uploads\/2024\/01\/emblem-shadow-outer-min.png\"\n\t\t\tstyle=\"\n\t\t\t\t\t\t\t\tbackground-position: top center;\t\t\t\t\t\t\t\topacity:1;\n\t\t\t\"\n\t\t><\/div>\n\t\n\t\n\t\n\t\n\t\n\n\t\n\t<div \n\tid=\"block-229\"\n\tclass=\"container  block-229 container-fluid position-relative\"\n\tstyle=\"\"\n\t>\n\t\n\t\n\n\n\t<div \n\tid=\"block-230\"\n\tclass=\"row  block-230 v-middle position-relative\"\n\tstyle=\"\"\n\t>\n\t\n\t\n\n\n\n\n\t<div \n\tid=\"block-231\"\n\tclass=\"column  block-231 col-md-1 col-lg-1 position-relative hidden-xs hidden-sm hidden-md\"\n\tstyle=\"\"\n\t>\n\t\n\t\n\n\n\t<div \n\tid=\"block-232\"\n\tclass=\"core-paragraph  block-232 position-relative\"\n\tstyle=\"\"\n\t>\n\t\n\t\n<p><\/p>\n\n\t\t\t\n\t\n\t\n<\/div>\t\t\n\t\n\t\n<\/div><div \n\tid=\"block-234\"\n\tclass=\"column  block-234 col-xs-12 col-sm-12 col-md-12 col-lg-10 position-relative\"\n\tstyle=\"\"\n\t>\n\t\n\t\n\n\n\t<div \n\tid=\"block-235\"\n\tclass=\"row  block-235 position-relative\"\n\tstyle=\"padding-top:50px;padding-bottom:50px;\"\n\t>\n\t\n\t\n\n\n\t<div \n\tid=\"block-236\"\n\tclass=\"column  block-236 col-xs-12 col-sm-12 col-md-12 col-lg-12 position-relative\"\n\tstyle=\"padding-top:30px;padding-bottom:30px;\"\n\t>\n\t\n\t\n\n\n\t<div \n\tid=\"block-237\"\n\tclass=\"core-paragraph  block-237 position-relative\"\n\tstyle=\"\"\n\t>\n\t\n\t\n<p class=\"has-secondary-color has-text-color has-link-color\"><p>No vacancies available at this time.<\/p><\/p>\n\n\t\t\t\n\t\n\t\n<\/div>\t\t\n\t\n\t\n<\/div>\t\t\n\t\n\t\n<\/div>\t\t\n\t\n\t\n<\/div>\t\t\n\t\n\t\n<\/div>\t\t\n\t\n\t\n<\/div>\t\t\n\t\n\t\n<\/div>","protected":false},"excerpt":{"rendered":"","protected":false},"author":1,"featured_media":0,"parent":0,"menu_order":0,"comment_status":"closed","ping_status":"closed","template":"","meta":{"_acf_changed":false,"footnotes":""},"class_list":["post-3124","page","type-page","status-publish","hentry"],"acf":[],"yoast_head":"<!-- This site is optimized with the Yoast SEO plugin v27.3 - https:\/\/yoast.com\/product\/yoast-seo-wordpress\/ -->\n<title>Carri\u00e8re - Schades France<\/title>\n<meta name=\"description\" content=\"D\u00e9couvrez nos offres d&#039;emploi actuelles et construisez d\u00e8s aujourd&#039;hui votre avenir avec nous.\" \/>\n<meta name=\"robots\" content=\"index, follow, max-snippet:-1, max-image-preview:large, max-video-preview:-1\" \/>\n<link rel=\"canonical\" href=\"https:\/\/schades.com\/fr\/carriere\/\" \/>\n<meta property=\"og:locale\" content=\"fr_FR\" \/>\n<meta property=\"og:type\" content=\"article\" \/>\n<meta property=\"og:title\" content=\"Carri\u00e8re - Schades France\" \/>\n<meta property=\"og:description\" content=\"D\u00e9couvrez nos offres d&#039;emploi actuelles et construisez d\u00e8s aujourd&#039;hui votre avenir avec nous.\" \/>\n<meta property=\"og:url\" content=\"https:\/\/schades.com\/fr\/carriere\/\" \/>\n<meta property=\"og:site_name\" content=\"Schades France\" \/>\n<meta property=\"article:modified_time\" content=\"2026-04-17T14:24:44+00:00\" \/>\n<meta property=\"og:image\" content=\"https:\/\/schades.com\/wp-content\/uploads\/2024\/01\/emblem-colour.png\" \/>\n<meta name=\"twitter:card\" content=\"summary_large_image\" \/>\n<meta name=\"twitter:label1\" content=\"Dur\u00e9e de lecture estim\u00e9e\" \/>\n\t<meta name=\"twitter:data1\" content=\"2 minutes\" \/>\n<script type=\"application\/ld+json\" class=\"yoast-schema-graph\">{\"@context\":\"https:\\\/\\\/schema.org\",\"@graph\":[{\"@type\":\"WebPage\",\"@id\":\"https:\\\/\\\/schades.com\\\/fr\\\/carriere\\\/\",\"url\":\"https:\\\/\\\/schades.com\\\/fr\\\/carriere\\\/\",\"name\":\"Carri\u00e8re - Schades France\",\"isPartOf\":{\"@id\":\"\\\/#website\"},\"primaryImageOfPage\":{\"@id\":\"https:\\\/\\\/schades.com\\\/fr\\\/carriere\\\/#primaryimage\"},\"image\":{\"@id\":\"https:\\\/\\\/schades.com\\\/fr\\\/carriere\\\/#primaryimage\"},\"thumbnailUrl\":\"https:\\\/\\\/schades.com\\\/wp-content\\\/uploads\\\/2024\\\/01\\\/emblem-colour.png\",\"datePublished\":\"2026-04-17T14:24:43+00:00\",\"dateModified\":\"2026-04-17T14:24:44+00:00\",\"description\":\"D\u00e9couvrez nos offres d'emploi actuelles et construisez d\u00e8s aujourd'hui votre avenir avec nous.\",\"breadcrumb\":{\"@id\":\"https:\\\/\\\/schades.com\\\/fr\\\/carriere\\\/#breadcrumb\"},\"inLanguage\":\"fr-FR\",\"potentialAction\":[{\"@type\":\"ReadAction\",\"target\":[\"https:\\\/\\\/schades.com\\\/fr\\\/carriere\\\/\"]}]},{\"@type\":\"ImageObject\",\"inLanguage\":\"fr-FR\",\"@id\":\"https:\\\/\\\/schades.com\\\/fr\\\/carriere\\\/#primaryimage\",\"url\":\"https:\\\/\\\/schades.com\\\/wp-content\\\/uploads\\\/2024\\\/01\\\/emblem-colour.png\",\"contentUrl\":\"https:\\\/\\\/schades.com\\\/wp-content\\\/uploads\\\/2024\\\/01\\\/emblem-colour.png\"},{\"@type\":\"BreadcrumbList\",\"@id\":\"https:\\\/\\\/schades.com\\\/fr\\\/carriere\\\/#breadcrumb\",\"itemListElement\":[{\"@type\":\"ListItem\",\"position\":1,\"name\":\"Home\",\"item\":\"https:\\\/\\\/schades.com\\\/fr\\\/\"},{\"@type\":\"ListItem\",\"position\":2,\"name\":\"Carri\u00e8re\"}]},{\"@type\":\"WebSite\",\"@id\":\"\\\/#website\",\"url\":\"\\\/\",\"name\":\"Schades France\",\"description\":\"\",\"potentialAction\":[{\"@type\":\"SearchAction\",\"target\":{\"@type\":\"EntryPoint\",\"urlTemplate\":\"\\\/?s={search_term_string}\"},\"query-input\":{\"@type\":\"PropertyValueSpecification\",\"valueRequired\":true,\"valueName\":\"search_term_string\"}}],\"inLanguage\":\"fr-FR\"}]}<\/script>\n<!-- \/ Yoast SEO plugin. -->","yoast_head_json":{"title":"Carri\u00e8re - Schades France","description":"D\u00e9couvrez nos offres d'emploi actuelles et construisez d\u00e8s aujourd'hui votre avenir avec nous.","robots":{"index":"index","follow":"follow","max-snippet":"max-snippet:-1","max-image-preview":"max-image-preview:large","max-video-preview":"max-video-preview:-1"},"canonical":"https:\/\/schades.com\/fr\/carriere\/","og_locale":"fr_FR","og_type":"article","og_title":"Carri\u00e8re - Schades France","og_description":"D\u00e9couvrez nos offres d'emploi actuelles et construisez d\u00e8s aujourd'hui votre avenir avec nous.","og_url":"https:\/\/schades.com\/fr\/carriere\/","og_site_name":"Schades France","article_modified_time":"2026-04-17T14:24:44+00:00","og_image":[{"url":"https:\/\/schades.com\/wp-content\/uploads\/2024\/01\/emblem-colour.png","type":"","width":"","height":""}],"twitter_card":"summary_large_image","twitter_misc":{"Dur\u00e9e de lecture estim\u00e9e":"2 minutes"},"schema":{"@context":"https:\/\/schema.org","@graph":[{"@type":"WebPage","@id":"https:\/\/schades.com\/fr\/carriere\/","url":"https:\/\/schades.com\/fr\/carriere\/","name":"Carri\u00e8re - Schades France","isPartOf":{"@id":"\/#website"},"primaryImageOfPage":{"@id":"https:\/\/schades.com\/fr\/carriere\/#primaryimage"},"image":{"@id":"https:\/\/schades.com\/fr\/carriere\/#primaryimage"},"thumbnailUrl":"https:\/\/schades.com\/wp-content\/uploads\/2024\/01\/emblem-colour.png","datePublished":"2026-04-17T14:24:43+00:00","dateModified":"2026-04-17T14:24:44+00:00","description":"D\u00e9couvrez nos offres d'emploi actuelles et construisez d\u00e8s aujourd'hui votre avenir avec nous.","breadcrumb":{"@id":"https:\/\/schades.com\/fr\/carriere\/#breadcrumb"},"inLanguage":"fr-FR","potentialAction":[{"@type":"ReadAction","target":["https:\/\/schades.com\/fr\/carriere\/"]}]},{"@type":"ImageObject","inLanguage":"fr-FR","@id":"https:\/\/schades.com\/fr\/carriere\/#primaryimage","url":"https:\/\/schades.com\/wp-content\/uploads\/2024\/01\/emblem-colour.png","contentUrl":"https:\/\/schades.com\/wp-content\/uploads\/2024\/01\/emblem-colour.png"},{"@type":"BreadcrumbList","@id":"https:\/\/schades.com\/fr\/carriere\/#breadcrumb","itemListElement":[{"@type":"ListItem","position":1,"name":"Home","item":"https:\/\/schades.com\/fr\/"},{"@type":"ListItem","position":2,"name":"Carri\u00e8re"}]},{"@type":"WebSite","@id":"\/#website","url":"\/","name":"Schades France","description":"","potentialAction":[{"@type":"SearchAction","target":{"@type":"EntryPoint","urlTemplate":"\/?s={search_term_string}"},"query-input":{"@type":"PropertyValueSpecification","valueRequired":true,"valueName":"search_term_string"}}],"inLanguage":"fr-FR"}]}},"_links":{"self":[{"href":"https:\/\/schades.com\/fr\/wp-json\/wp\/v2\/pages\/3124","targetHints":{"allow":["GET"]}}],"collection":[{"href":"https:\/\/schades.com\/fr\/wp-json\/wp\/v2\/pages"}],"about":[{"href":"https:\/\/schades.com\/fr\/wp-json\/wp\/v2\/types\/page"}],"author":[{"embeddable":true,"href":"https:\/\/schades.com\/fr\/wp-json\/wp\/v2\/users\/1"}],"replies":[{"embeddable":true,"href":"https:\/\/schades.com\/fr\/wp-json\/wp\/v2\/comments?post=3124"}],"version-history":[{"count":2,"href":"https:\/\/schades.com\/fr\/wp-json\/wp\/v2\/pages\/3124\/revisions"}],"predecessor-version":[{"id":3129,"href":"https:\/\/schades.com\/fr\/wp-json\/wp\/v2\/pages\/3124\/revisions\/3129"}],"wp:attachment":[{"href":"https:\/\/schades.com\/fr\/wp-json\/wp\/v2\/media?parent=3124"}],"curies":[{"name":"wp","href":"https:\/\/api.w.org\/{rel}","templated":true}]}}