{"id":807,"date":"2024-04-03T14:05:37","date_gmt":"2024-04-03T14:05:37","guid":{"rendered":"https:\/\/schades.com\/fr\/?page_id=807"},"modified":"2024-06-19T13:43:32","modified_gmt":"2024-06-19T13:43:32","slug":"cookie-policy","status":"publish","type":"page","link":"https:\/\/schades.com\/fr\/cookie-policy\/","title":{"rendered":"Politique en mati\u00e8re de cookies"},"content":{"rendered":"<div \n\tid=\"block-3\"\n\tclass=\"strip  block-3 position-relative\"\n\tstyle=\"\"\n\t>\n\t\n\t\n\t<div \n\tid=\"block-4\"\n\tclass=\"container  block-4 position-relative\"\n\tstyle=\"\"\n\t>\n\t\n\t\r\n\r\n\n\t\t<style>\n\t\t.block-5:not(.v-middle):not(.v-bottom) > .column:not(.position-sticky) {\n\t\t\theight: 100%;\n\t\t}\n\t\t\t\t\t.block-5 {\n\t\t\t\theight: 100px !important;\n\t\t\t}\n\t\t\n\t\t\t\t\t@media ( min-width: 767px ) and ( max-width: 991px ) {\n\t\t\t\t.block-5 {\n\t\t\t\t\theight: 200px !important;\n\t\t\t\t}\n\t\t\t}\n\t\t\n\t\t\t\t\t@media ( min-width: 992px ) and ( max-width: 1199px ) {\n\t\t\t\t.block-5 {\n\t\t\t\t\theight: 200px !important;\n\t\t\t\t}\n\t\t\t}\n\t\t\n\t\t\t\t\t@media ( min-width: 1200px ) {\n\t\t\t\t.block-5 {\n\t\t\t\t\theight: 170px !important;\n\t\t\t\t}\n\t\t\t}\n\t\t\t<\/style>\n<div \n\tid=\"block-5\"\n\tclass=\"row  block-5 height-mobile height-tablet height-medium height-large position-relative\"\n\tstyle=\"\"\n\t>\n\t\n\t\n\t\t\t\n\t\n\t\n<\/div>\t\t\n\t\n\t\n<\/div>\t\t\n\t\n\t\n<\/div>\r\n<div \n\tid=\"block-326\"\n\tclass=\"strip  block-326 position-relative\"\n\tstyle=\"\"\n\t>\n\t\n\t\n\t<div \n\tid=\"block-327\"\n\tclass=\"container  block-327 position-relative\"\n\tstyle=\"\"\n\t>\n\t\n\t\r\n\r\n\n\t<div \n\tid=\"block-328\"\n\tclass=\"row  block-328 position-relative\"\n\tstyle=\"\"\n\t>\n\t\n\t\r\n\r\n\r\n\n\t<div \n\tid=\"block-329\"\n\tclass=\"column  block-329 position-relative col-xs-12\"\n\tstyle=\"margin-bottom:30px;\"\n\t>\n\t\n\t\r\n\r\n\n\t<div \n\tid=\"block-330\"\n\tclass=\"core-heading  block-330 position-relative\"\n\tstyle=\"\"\n\t>\n\t\n\t\r\n<h1 class=\"wp-block-heading\">Politique en mati\u00e8re de cookies<\/h1>\r\n\n\t\t\t\n\t\n\t\n<\/div>\t\t\n\t\n\t\n<\/div><div \n\tid=\"block-332\"\n\tclass=\"column  block-332 position-relative col-xs-12\"\n\tstyle=\"margin-bottom:50px;\"\n\t>\n\t\n\t\r\n\r\n\r\n\r\n\r\n\r\n\r\n\r\n\r\n\r\n\r\n\r\n\r\n\r\n\r\n\r\n\r\n\r\n\r\n\r\n\r\n\r\n\r\n\r\n\r\n\r\n\r\n\r\n\r\n\r\n\r\n\r\n\r\n\r\n\r\n\r\n\r\n\r\n\r\n\r\n\r\n\r\n\r\n\r\n\r\n\r\n\r\n\r\n\r\n\r\n\r\n\r\n\n\t<div \n\tid=\"block-333\"\n\tclass=\"core-paragraph  block-333 position-relative\"\n\tstyle=\"\"\n\t>\n\t\n\t\r\n<p>Notre site Web utilise <strong>des cookies<\/strong> pour vous distinguer des autres utilisateurs de notre site Web. Cela nous aide \u00e0 vous offrir une bonne exp\u00e9rience lorsque vous naviguez sur notre site Web et nous permet \u00e9galement d&#39;am\u00e9liorer notre site.<\/p>\r\n\n\t\t\t\n\t\n\t\n<\/div><div \n\tid=\"block-335\"\n\tclass=\"core-paragraph  block-335 position-relative\"\n\tstyle=\"\"\n\t>\n\t\n\t\r\n<p>Un <strong>cookie<\/strong> est un petit fichier de lettres et de chiffres que nous stockons sur votre navigateur ou sur le disque dur de votre ordinateur si vous l&#39;acceptez.<\/p>\r\n\n\t\t\t\n\t\n\t\n<\/div><div \n\tid=\"block-337\"\n\tclass=\"core-paragraph  block-337 position-relative\"\n\tstyle=\"\"\n\t>\n\t\n\t\r\n<p><strong>Les cookies<\/strong> contiennent des informations qui sont transf\u00e9r\u00e9es sur le disque dur de votre ordinateur.<\/p>\r\n\n\t\t\t\n\t\n\t\n<\/div><div \n\tid=\"block-339\"\n\tclass=\"core-paragraph  block-339 position-relative\"\n\tstyle=\"\"\n\t>\n\t\n\t\r\n<p>Nous utilisons les <strong>cookies<\/strong> suivants :<\/p>\r\n\n\t\t\t\n\t\n\t\n<\/div><div \n\tid=\"block-341\"\n\tclass=\"core-paragraph  block-341 position-relative\"\n\tstyle=\"\"\n\t>\n\t\n\t\r\n<p><strong>Cookies strictement n\u00e9cessaires.<\/strong> Il s&#39;agit <strong>de cookies<\/strong> n\u00e9cessaires au fonctionnement de notre site Web. Il s&#39;agit par exemple <strong>de cookies<\/strong> qui vous permettent de vous connecter \u00e0 des zones s\u00e9curis\u00e9es de notre site Internet, d&#39;utiliser un panier d&#39;achat ou d&#39;utiliser des services de facturation \u00e9lectronique.<\/p>\r\n\n\t\t\t\n\t\n\t\n<\/div><div \n\tid=\"block-343\"\n\tclass=\"core-paragraph  block-343 position-relative\"\n\tstyle=\"\"\n\t>\n\t\n\t\r\n<p><strong>Cookies analytiques ou de performance.<\/strong> Ceux-ci nous permettent de reconna\u00eetre et de compter le nombre de visiteurs et de voir comment les visiteurs se d\u00e9placent sur notre site Internet lorsqu&#39;ils l&#39;utilisent. Cela nous aide \u00e0 am\u00e9liorer le fonctionnement de notre site Web, par exemple en garantissant que les utilisateurs trouvent facilement ce qu&#39;ils recherchent.<\/p>\r\n\n\t\t\t\n\t\n\t\n<\/div><div \n\tid=\"block-345\"\n\tclass=\"core-paragraph  block-345 position-relative\"\n\tstyle=\"\"\n\t>\n\t\n\t\r\n<p><strong>Cookies de fonctionnalit\u00e9.<\/strong> Ceux-ci sont utilis\u00e9s pour vous reconna\u00eetre lorsque vous revenez sur notre site Internet. Cela nous permet de personnaliser notre contenu pour vous, de vous saluer par votre nom et de m\u00e9moriser vos pr\u00e9f\u00e9rences.<\/p>\r\n\n\t\t\t\n\t\n\t\n<\/div><div \n\tid=\"block-347\"\n\tclass=\"core-paragraph  block-347 position-relative\"\n\tstyle=\"\"\n\t>\n\t\n\t\r\n<p><strong>Ciblage des cookies.<\/strong> Ces <strong>cookies<\/strong> enregistrent votre visite sur notre site Internet, les pages que vous avez visit\u00e9es et les liens que vous avez suivis. Nous utiliserons ces informations pour rendre notre site Web et la publicit\u00e9 qui y est affich\u00e9e plus adapt\u00e9s \u00e0 vos int\u00e9r\u00eats. Nous pouvons \u00e9galement partager ces informations avec des tiers \u00e0 cette fin.<\/p>\r\n\n\t\t\t\n\t\n\t\n<\/div><div \n\tid=\"block-349\"\n\tclass=\"core-paragraph  block-349 position-relative\"\n\tstyle=\"\"\n\t>\n\t\n\t\r\n<p>Vous pouvez trouver plus d\u2019informations sur les diff\u00e9rents <strong>cookies<\/strong> que nous utilisons et les finalit\u00e9s pour lesquelles nous les utilisons ci-dessous\u00a0:<\/p>\r\n\n\t\t\t\n\t\n\t\n<\/div><div \n\tid=\"block-351\"\n\tclass=\"core-paragraph  block-351 position-relative\"\n\tstyle=\"\"\n\t>\n\t\n\t\r\n<p><strong>Nom du cookie<\/strong><\/p>\r\n\n\t\t\t\n\t\n\t\n<\/div><div \n\tid=\"block-353\"\n\tclass=\"core-paragraph  block-353 position-relative\"\n\tstyle=\"\"\n\t>\n\t\n\t\r\n<p>Politique de cookies pour Google Analytics<\/p>\r\n\n\t\t\t\n\t\n\t\n<\/div><div \n\tid=\"block-355\"\n\tclass=\"core-paragraph  block-355 position-relative\"\n\tstyle=\"\"\n\t>\n\t\n\t\r\n<p>Nom du cookie\u00a0: _ga<\/p>\r\n\n\t\t\t\n\t\n\t\n<\/div><div \n\tid=\"block-357\"\n\tclass=\"core-paragraph  block-357 position-relative\"\n\tstyle=\"\"\n\t>\n\t\n\t\r\n<p>Ce cookie est utilis\u00e9 pour le suivi et l&#39;enregistrement des donn\u00e9es de Google Analytics et sa dur\u00e9e est de 2 ans.<\/p>\r\n\n\t\t\t\n\t\n\t\n<\/div><div \n\tid=\"block-359\"\n\tclass=\"core-paragraph  block-359 position-relative\"\n\tstyle=\"\"\n\t>\n\t\n\t\r\n<p>Finalit\u00e9 du cookie :<\/p>\r\n\n\t\t\t\n\t\n\t\n<\/div><div \n\tid=\"block-361\"\n\tclass=\"core-paragraph  block-361 position-relative\"\n\tstyle=\"\"\n\t>\n\t\n\t\r\n<p>Ce cookie est utilis\u00e9 pour :<\/p>\r\n\n\t\t\t\n\t\n\t\n<\/div><div \n\tid=\"block-363\"\n\tclass=\"core-paragraph  block-363 position-relative\"\n\tstyle=\"\"\n\t>\n\t\n\t\r\n<p>(a) Estimer la taille de notre audience et notre mod\u00e8le d&#39;utilisation.<\/p>\r\n\n\t\t\t\n\t\n\t\n<\/div><div \n\tid=\"block-365\"\n\tclass=\"core-paragraph  block-365 position-relative\"\n\tstyle=\"\"\n\t>\n\t\n\t\r\n<p>(b) Vous reconna\u00eetre lorsque vous revenez sur notre site.<\/p>\r\n\n\t\t\t\n\t\n\t\n<\/div><div \n\tid=\"block-367\"\n\tclass=\"core-paragraph  block-367 position-relative\"\n\tstyle=\"\"\n\t>\n\t\n\t\r\n<p>(c) Nous permettre de collecter des donn\u00e9es sur la fa\u00e7on dont vous utilisez notre site afin d&#39;am\u00e9liorer votre exp\u00e9rience de navigation.<\/p>\r\n\n\t\t\t\n\t\n\t\n<\/div><div \n\tid=\"block-369\"\n\tclass=\"core-paragraph  block-369 position-relative\"\n\tstyle=\"\"\n\t>\n\t\n\t\r\n<p>Les informations collect\u00e9es par ce cookie incluent, sans s&#39;y limiter, le nombre de visites sur notre site, les pages consult\u00e9es et la dur\u00e9e pass\u00e9e sur notre site. Ces informations sont utilis\u00e9es pour am\u00e9liorer le contenu et la structure de notre site, et pour vous offrir une exp\u00e9rience de navigation plus personnalis\u00e9e.<\/p>\r\n\n\t\t\t\n\t\n\t\n<\/div><div \n\tid=\"block-371\"\n\tclass=\"core-paragraph  block-371 position-relative\"\n\tstyle=\"\"\n\t>\n\t\n\t\r\n<p>Politique en mati\u00e8re de cookies des publicit\u00e9s Facebook\u00a0:<\/p>\r\n\n\t\t\t\n\t\n\t\n<\/div><div \n\tid=\"block-373\"\n\tclass=\"core-paragraph  block-373 position-relative\"\n\tstyle=\"\"\n\t>\n\t\n\t\r\n<p>Nom du cookie\u00a0: Pixel Facebook<\/p>\r\n\n\t\t\t\n\t\n\t\n<\/div><div \n\tid=\"block-375\"\n\tclass=\"core-paragraph  block-375 position-relative\"\n\tstyle=\"\"\n\t>\n\t\n\t\r\n<p>Objet et dur\u00e9e\u00a0:<\/p>\r\n\n\t\t\t\n\t\n\t\n<\/div><div \n\tid=\"block-377\"\n\tclass=\"core-paragraph  block-377 position-relative\"\n\tstyle=\"\"\n\t>\n\t\n\t\r\n<p>Ce cookie est utilis\u00e9 par Facebook Ads pour collecter des informations sur votre utilisation de notre site Web. Les informations collect\u00e9es par ce cookie sont utilis\u00e9es pour vous proposer des publicit\u00e9s cibl\u00e9es sur Facebook et les sites Internet de ses partenaires. Le cookie a une dur\u00e9e de 90 jours.<\/p>\r\n\n\t\t\t\n\t\n\t\n<\/div><div \n\tid=\"block-379\"\n\tclass=\"core-paragraph  block-379 position-relative\"\n\tstyle=\"\"\n\t>\n\t\n\t\r\n<p>Ce cookie est utilis\u00e9 pour :<\/p>\r\n\n\t\t\t\n\t\n\t\n<\/div><div \n\tid=\"block-381\"\n\tclass=\"core-paragraph  block-381 position-relative\"\n\tstyle=\"\"\n\t>\n\t\n\t\r\n<p>(a) Vous proposer des publicit\u00e9s cibl\u00e9es sur Facebook et les sites Web de ses partenaires.<\/p>\r\n\n\t\t\t\n\t\n\t\n<\/div><div \n\tid=\"block-383\"\n\tclass=\"core-paragraph  block-383 position-relative\"\n\tstyle=\"\"\n\t>\n\t\n\t\r\n<p>(b) Suivez les conversions \u00e0 partir des publicit\u00e9s Facebook.<\/p>\r\n\n\t\t\t\n\t\n\t\n<\/div><div \n\tid=\"block-385\"\n\tclass=\"core-paragraph  block-385 position-relative\"\n\tstyle=\"\"\n\t>\n\t\n\t\r\n<p>En utilisant notre site Web, vous consentez \u00e0 l&#39;utilisation du cookie Facebook Pixel par Facebook Ads.<\/p>\r\n\n\t\t\t\n\t\n\t\n<\/div><div \n\tid=\"block-387\"\n\tclass=\"core-paragraph  block-387 position-relative\"\n\tstyle=\"\"\n\t>\n\t\n\t\r\n<p>Politique en mati\u00e8re de cookies des publicit\u00e9s TikTok\u00a0:<\/p>\r\n\n\t\t\t\n\t\n\t\n<\/div><div \n\tid=\"block-389\"\n\tclass=\"core-paragraph  block-389 position-relative\"\n\tstyle=\"\"\n\t>\n\t\n\t\r\n<p>Nom du cookie\u00a0:\u00a0Pixel TikTok<\/p>\r\n\n\t\t\t\n\t\n\t\n<\/div><div \n\tid=\"block-391\"\n\tclass=\"core-paragraph  block-391 position-relative\"\n\tstyle=\"\"\n\t>\n\t\n\t\r\n<p>Objet et dur\u00e9e\u00a0:<\/p>\r\n\n\t\t\t\n\t\n\t\n<\/div><div \n\tid=\"block-393\"\n\tclass=\"core-paragraph  block-393 position-relative\"\n\tstyle=\"\"\n\t>\n\t\n\t\r\n<p>Ce cookie est utilis\u00e9 par TikTok Ads pour collecter des informations sur votre utilisation de notre site Web. Les informations collect\u00e9es par ce cookie sont utilis\u00e9es pour vous proposer des publicit\u00e9s cibl\u00e9es sur l&#39;application TikTok et les sites Internet de ses partenaires. Le cookie a une dur\u00e9e de 90 jours.<\/p>\r\n\n\t\t\t\n\t\n\t\n<\/div><div \n\tid=\"block-395\"\n\tclass=\"core-paragraph  block-395 position-relative\"\n\tstyle=\"\"\n\t>\n\t\n\t\r\n<p>Ce cookie est utilis\u00e9 pour :<\/p>\r\n\n\t\t\t\n\t\n\t\n<\/div><div \n\tid=\"block-397\"\n\tclass=\"core-paragraph  block-397 position-relative\"\n\tstyle=\"\"\n\t>\n\t\n\t\r\n<p>(a) Vous proposer des publicit\u00e9s cibl\u00e9es sur l&#39;application TikTok et les sites Web de ses partenaires.<\/p>\r\n\n\t\t\t\n\t\n\t\n<\/div><div \n\tid=\"block-399\"\n\tclass=\"core-paragraph  block-399 position-relative\"\n\tstyle=\"\"\n\t>\n\t\n\t\r\n<p>(b) Suivez les conversions \u00e0 partir des publicit\u00e9s TikTok.<\/p>\r\n\n\t\t\t\n\t\n\t\n<\/div><div \n\tid=\"block-401\"\n\tclass=\"core-paragraph  block-401 position-relative\"\n\tstyle=\"\"\n\t>\n\t\n\t\r\n<p>En utilisant notre site Web, vous consentez \u00e0 l&#39;utilisation du cookie TikTok Pixel par TikTok Ads.<\/p>\r\n\n\t\t\t\n\t\n\t\n<\/div><div \n\tid=\"block-403\"\n\tclass=\"core-paragraph  block-403 position-relative\"\n\tstyle=\"\"\n\t>\n\t\n\t\r\n<p>En utilisant notre site, vous consentez \u00e0 l&#39;utilisation de ce cookie \u00e0 ces fins. Si vous n&#39;acceptez pas l&#39;utilisation de ce cookie, vous pouvez vous d\u00e9sinscrire en d\u00e9sactivant les cookies dans les param\u00e8tres de votre navigateur.<\/p>\r\n\n\t\t\t\n\t\n\t\n<\/div><div \n\tid=\"block-405\"\n\tclass=\"core-paragraph  block-405 position-relative\"\n\tstyle=\"\"\n\t>\n\t\n\t\r\n<p>Veuillez noter que des tiers, tels que des r\u00e9seaux publicitaires et des fournisseurs de services externes tels que des services d&#39;analyse du trafic Web, peuvent \u00e9galement utiliser des cookies sur lesquels nous n&#39;avons aucun contr\u00f4le. Ces cookies tiers peuvent inclure des cookies analytiques, des cookies de performance ou des cookies de ciblage.<\/p>\r\n\n\t\t\t\n\t\n\t\n<\/div><div \n\tid=\"block-407\"\n\tclass=\"core-paragraph  block-407 position-relative\"\n\tstyle=\"\"\n\t>\n\t\n\t\r\n<p>Nous ne partageons pas les informations collect\u00e9es par les <strong>cookies<\/strong> avec des tiers.<\/p>\r\n\n\t\t\t\n\t\n\t\n<\/div><div \n\tid=\"block-409\"\n\tclass=\"core-paragraph  block-409 position-relative\"\n\tstyle=\"\"\n\t>\n\t\n\t\r\n<p>Vous pouvez choisir quels <strong>cookies<\/strong> analytiques, de fonctionnalit\u00e9 et de ciblage nous pouvons d\u00e9poser en cliquant sur le(s) bouton(s)\u00a0:<\/p>\r\n\n\t\t\t\n\t\n\t\n<\/div><div \n\tid=\"block-411\"\n\tclass=\"core-paragraph  block-411 position-relative\"\n\tstyle=\"\"\n\t>\n\t\n\t\r\n<p><strong>Cookies<\/strong> strictement essentiels <strong>OFF<\/strong><\/p>\r\n\n\t\t\t\n\t\n\t\n<\/div><div \n\tid=\"block-413\"\n\tclass=\"core-paragraph  block-413 position-relative\"\n\tstyle=\"\"\n\t>\n\t\n\t\r\n<p><strong>Cookies<\/strong> d&#39;analyse ou de performance <strong>D\u00c9SACTIV\u00c9S<\/strong><\/p>\r\n\n\t\t\t\n\t\n\t\n<\/div><div \n\tid=\"block-415\"\n\tclass=\"core-paragraph  block-415 position-relative\"\n\tstyle=\"\"\n\t>\n\t\n\t\r\n<p><strong>Cookies<\/strong> de fonctionnalit\u00e9 <strong>d\u00e9sactiv\u00e9s<\/strong><\/p>\r\n\n\t\t\t\n\t\n\t\n<\/div><div \n\tid=\"block-417\"\n\tclass=\"core-paragraph  block-417 position-relative\"\n\tstyle=\"\"\n\t>\n\t\n\t\r\n<p>Ciblage <strong>des cookies<\/strong> <strong>D\u00c9SACTIV\u00c9<\/strong><\/p>\r\n\n\t\t\t\n\t\n\t\n<\/div><div \n\tid=\"block-419\"\n\tclass=\"core-paragraph  block-419 position-relative\"\n\tstyle=\"\"\n\t>\n\t\n\t\r\n<p>Cependant, si vous utilisez les param\u00e8tres de votre navigateur pour bloquer tous <strong>les cookies<\/strong> (y compris <strong>les cookies<\/strong> essentiels), vous ne pourrez peut-\u00eatre pas acc\u00e9der \u00e0 tout ou partie de notre site Web.<\/p>\r\n\n\t\t\t\n\t\n\t\n<\/div><div \n\tid=\"block-421\"\n\tclass=\"core-paragraph  block-421 position-relative\"\n\tstyle=\"\"\n\t>\n\t\n\t\r\n<p><a href=\"https:\/\/uk.practicallaw.thomsonreuters.com\/Document\/I908b99ae555111e9adfea82903531a62\/View\/FullText.html?navigationPath=Search%2Fv1%2Fresults%2Fnavigation%2Fi0ad62af0000001831cde4ae648cd41df%3Fppcid%3Da8fe59026e454bf0b4dee9370304809f%26Nav%3DKNOWHOW_UK%26fragmentIdentifier%3DI908b99ae555111e9adfea82903531a62%26parentRank%3D0%26startIndex%3D1%26contextData%3D%2528sc.Search%2529%26transitionType%3DSearchItem&amp;listSource=Search&amp;listPageSource=36da2b9e832aca19b84ce4f168082bf6&amp;list=KNOWHOW_UK&amp;rank=1&amp;sessionScopeId=8d39f90807acd655ea1a5b313e24c93dd4c453f7fa3180a7728db956b798305e&amp;ppcid=a8fe59026e454bf0b4dee9370304809f&amp;originationContext=Search%20Result&amp;transitionType=SearchItem&amp;contextData=(sc.Search)&amp;comp=pluk&amp;navId=4113A989801747BC11C3690630419F5C&amp;view=hidealldraftingnotes\"><\/a><\/p>\r\n\n\t\t\t\n\t\n\t\n<\/div><div \n\tid=\"block-423\"\n\tclass=\"core-paragraph  block-423 position-relative\"\n\tstyle=\"\"\n\t>\n\t\n\t\r\n<p>\u00c0 l&#39;exception des <strong>cookies<\/strong> essentiels, tous <strong>les cookies<\/strong> expireront apr\u00e8s [2 ans].<\/p>\r\n\n\t\t\t\n\t\n\t\n<\/div><div \n\tid=\"block-425\"\n\tclass=\"core-heading  block-425 position-relative\"\n\tstyle=\"\"\n\t>\n\t\n\t\r\n<h4 class=\"wp-block-heading\">Plus d&#39;information.<\/h4>\r\n\n\t\t\t\n\t\n\t\n<\/div><div \n\tid=\"block-427\"\n\tclass=\"core-paragraph  block-427 position-relative\"\n\tstyle=\"\"\n\t>\n\t\n\t\r\n<p>J&#39;esp\u00e8re que cela a clarifi\u00e9 les choses pour vous et comme cela a \u00e9t\u00e9 mentionn\u00e9 pr\u00e9c\u00e9demment, si vous n&#39;\u00eates pas s\u00fbr d&#39;avoir besoin ou non, il est g\u00e9n\u00e9ralement plus s\u00fbr de laisser les cookies activ\u00e9s au cas o\u00f9 ils interagiraient avec l&#39;une des fonctionnalit\u00e9s que vous utilisez sur notre site.<\/p>\r\n\n\t\t\t\n\t\n\t\n<\/div><div \n\tid=\"block-429\"\n\tclass=\"core-paragraph  block-429 position-relative\"\n\tstyle=\"\"\n\t>\n\t\n\t\r\n<p>Cependant, si vous recherchez toujours plus d&#39;informations, vous pouvez nous contacter via l&#39;une de nos m\u00e9thodes de contact pr\u00e9f\u00e9r\u00e9es\u00a0:<\/p>\r\n\n\t\t\t\n\t\n\t\n<\/div><div \n\tid=\"block-431\"\n\tclass=\"core-list  block-431 position-relative\"\n\tstyle=\"\"\n\t>\n\t\n\t\r\n<ul><\/ul>\r\n\n\t<div \n\tid=\"block-432\"\n\tclass=\"core-list-item  block-432 position-relative\"\n\tstyle=\"\"\n\t>\n\t\n\t\r\n<li><\/li>\r\n\n\t\t\t\n\t\n\t\n<\/div>\t\t\n\t\n\t\n<\/div><div \n\tid=\"block-434\"\n\tclass=\"core-paragraph  block-434 position-relative\"\n\tstyle=\"\"\n\t>\n\t\n\t\r\n<p>Courriel\u00a0: <a href=\"mailto:info@schades.com\">schades@schades.com<\/a><\/p>\r\n\n\t\t\t\n\t\n\t\n<\/div>\t\t\n\t\n\t\n<\/div>\t\t\n\t\n\t\n<\/div>\t\t\n\t\n\t\n<\/div>\t\t\n\t\n\t\n<\/div>\r\n","protected":false},"excerpt":{"rendered":"","protected":false},"author":1,"featured_media":0,"parent":0,"menu_order":0,"comment_status":"closed","ping_status":"closed","template":"","meta":{"_acf_changed":false,"footnotes":""},"class_list":["post-807","page","type-page","status-publish","hentry"],"acf":[],"yoast_head":"<!-- This site is optimized with the Yoast SEO plugin v27.1.1 - https:\/\/yoast.com\/product\/yoast-seo-wordpress\/ -->\n<title>Cookie Policy | Schades<\/title>\n<meta name=\"description\" content=\"Our cookie policy. The cookies collected by Schades and how we use this data.\" \/>\n<meta name=\"robots\" content=\"index, follow, max-snippet:-1, max-image-preview:large, max-video-preview:-1\" \/>\n<link rel=\"canonical\" href=\"https:\/\/schades.com\/fr\/cookie-policy\/\" \/>\n<meta property=\"og:locale\" content=\"fr_FR\" \/>\n<meta property=\"og:type\" content=\"article\" \/>\n<meta property=\"og:title\" content=\"Cookie Policy | Schades\" \/>\n<meta property=\"og:description\" content=\"Our cookie policy. The cookies collected by Schades and how we use this data.\" \/>\n<meta property=\"og:url\" content=\"https:\/\/schades.com\/fr\/cookie-policy\/\" \/>\n<meta property=\"og:site_name\" content=\"Schades France\" \/>\n<meta property=\"article:modified_time\" content=\"2024-06-19T13:43:32+00:00\" \/>\n<meta name=\"twitter:card\" content=\"summary_large_image\" \/>\n<meta name=\"twitter:label1\" content=\"Dur\u00e9e de lecture estim\u00e9e\" \/>\n\t<meta name=\"twitter:data1\" content=\"4 minutes\" \/>\n<script type=\"application\/ld+json\" class=\"yoast-schema-graph\">{\"@context\":\"https:\/\/schema.org\",\"@graph\":[{\"@type\":\"WebPage\",\"@id\":\"https:\/\/schades.com\/fr\/cookie-policy\/\",\"url\":\"https:\/\/schades.com\/fr\/cookie-policy\/\",\"name\":\"Cookie Policy | Schades\",\"isPartOf\":{\"@id\":\"\/#website\"},\"datePublished\":\"2024-04-03T14:05:37+00:00\",\"dateModified\":\"2024-06-19T13:43:32+00:00\",\"description\":\"Our cookie policy. The cookies collected by Schades and how we use this data.\",\"breadcrumb\":{\"@id\":\"https:\/\/schades.com\/fr\/cookie-policy\/#breadcrumb\"},\"inLanguage\":\"fr-FR\",\"potentialAction\":[{\"@type\":\"ReadAction\",\"target\":[\"https:\/\/schades.com\/fr\/cookie-policy\/\"]}]},{\"@type\":\"BreadcrumbList\",\"@id\":\"https:\/\/schades.com\/fr\/cookie-policy\/#breadcrumb\",\"itemListElement\":[{\"@type\":\"ListItem\",\"position\":1,\"name\":\"Home\",\"item\":\"https:\/\/schades.com\/fr\/\"},{\"@type\":\"ListItem\",\"position\":2,\"name\":\"Politique en mati\u00e8re de cookies\"}]},{\"@type\":\"WebSite\",\"@id\":\"\/#website\",\"url\":\"\/\",\"name\":\"Schades France\",\"description\":\"\",\"potentialAction\":[{\"@type\":\"SearchAction\",\"target\":{\"@type\":\"EntryPoint\",\"urlTemplate\":\"\/?s={search_term_string}\"},\"query-input\":{\"@type\":\"PropertyValueSpecification\",\"valueRequired\":true,\"valueName\":\"search_term_string\"}}],\"inLanguage\":\"fr-FR\"}]}<\/script>\n<!-- \/ Yoast SEO plugin. -->","yoast_head_json":{"title":"Cookie Policy | Schades","description":"Our cookie policy. The cookies collected by Schades and how we use this data.","robots":{"index":"index","follow":"follow","max-snippet":"max-snippet:-1","max-image-preview":"max-image-preview:large","max-video-preview":"max-video-preview:-1"},"canonical":"https:\/\/schades.com\/fr\/cookie-policy\/","og_locale":"fr_FR","og_type":"article","og_title":"Cookie Policy | Schades","og_description":"Our cookie policy. The cookies collected by Schades and how we use this data.","og_url":"https:\/\/schades.com\/fr\/cookie-policy\/","og_site_name":"Schades France","article_modified_time":"2024-06-19T13:43:32+00:00","twitter_card":"summary_large_image","twitter_misc":{"Dur\u00e9e de lecture estim\u00e9e":"4 minutes"},"schema":{"@context":"https:\/\/schema.org","@graph":[{"@type":"WebPage","@id":"https:\/\/schades.com\/fr\/cookie-policy\/","url":"https:\/\/schades.com\/fr\/cookie-policy\/","name":"Cookie Policy | Schades","isPartOf":{"@id":"\/#website"},"datePublished":"2024-04-03T14:05:37+00:00","dateModified":"2024-06-19T13:43:32+00:00","description":"Our cookie policy. The cookies collected by Schades and how we use this data.","breadcrumb":{"@id":"https:\/\/schades.com\/fr\/cookie-policy\/#breadcrumb"},"inLanguage":"fr-FR","potentialAction":[{"@type":"ReadAction","target":["https:\/\/schades.com\/fr\/cookie-policy\/"]}]},{"@type":"BreadcrumbList","@id":"https:\/\/schades.com\/fr\/cookie-policy\/#breadcrumb","itemListElement":[{"@type":"ListItem","position":1,"name":"Home","item":"https:\/\/schades.com\/fr\/"},{"@type":"ListItem","position":2,"name":"Politique en mati\u00e8re de cookies"}]},{"@type":"WebSite","@id":"\/#website","url":"\/","name":"Schades France","description":"","potentialAction":[{"@type":"SearchAction","target":{"@type":"EntryPoint","urlTemplate":"\/?s={search_term_string}"},"query-input":{"@type":"PropertyValueSpecification","valueRequired":true,"valueName":"search_term_string"}}],"inLanguage":"fr-FR"}]}},"_links":{"self":[{"href":"https:\/\/schades.com\/fr\/wp-json\/wp\/v2\/pages\/807","targetHints":{"allow":["GET"]}}],"collection":[{"href":"https:\/\/schades.com\/fr\/wp-json\/wp\/v2\/pages"}],"about":[{"href":"https:\/\/schades.com\/fr\/wp-json\/wp\/v2\/types\/page"}],"author":[{"embeddable":true,"href":"https:\/\/schades.com\/fr\/wp-json\/wp\/v2\/users\/1"}],"replies":[{"embeddable":true,"href":"https:\/\/schades.com\/fr\/wp-json\/wp\/v2\/comments?post=807"}],"version-history":[{"count":11,"href":"https:\/\/schades.com\/fr\/wp-json\/wp\/v2\/pages\/807\/revisions"}],"predecessor-version":[{"id":2443,"href":"https:\/\/schades.com\/fr\/wp-json\/wp\/v2\/pages\/807\/revisions\/2443"}],"wp:attachment":[{"href":"https:\/\/schades.com\/fr\/wp-json\/wp\/v2\/media?parent=807"}],"curies":[{"name":"wp","href":"https:\/\/api.w.org\/{rel}","templated":true}]}}