{"id":1384,"date":"2024-04-24T14:42:39","date_gmt":"2024-04-24T14:42:39","guid":{"rendered":"https:\/\/schades.com\/pl\/?page_id=1384"},"modified":"2025-04-02T10:16:57","modified_gmt":"2025-04-02T10:16:57","slug":"ecpa","status":"publish","type":"page","link":"https:\/\/schades.com\/pl\/o\/ecpa\/","title":{"rendered":"ECPA"},"content":{"rendered":"<div \n\tid=\"block-3\"\n\tclass=\"strip  block-3 position-relative\"\n\tstyle=\"\"\n\t>\n\t\n\t\n\t<div \n\tid=\"block-4\"\n\tclass=\"container  block-4 position-relative\"\n\tstyle=\"\"\n\t>\n\t\n\t\n\n\n\t\t<style>\n\t\t.block-5:not(.v-middle):not(.v-bottom) > .column:not(.position-sticky) {\n\t\t\theight: 100%;\n\t\t}\n\t\t\n\t\t\t\t\t.block-5 {\n\t\t\t\theight: 56px !important;\n\t\t\t}\n\t\t\n\t\t\t\t\t@media ( min-width: 767px ) and ( max-width: 991px ) {\n\t\t\t\t.block-5 {\n\t\t\t\t\theight: 100px !important;\n\t\t\t\t}\n\t\t\t}\n\t\t\n\t\t\t\t\t@media ( min-width: 992px ) and ( max-width: 1199px ) {\n\t\t\t\t.block-5 {\n\t\t\t\t\theight: 100px !important;\n\t\t\t\t}\n\t\t\t}\n\t\t\n\t\t\t\t\t@media ( min-width: 1200px ) {\n\t\t\t\t.block-5 {\n\t\t\t\t\theight: 100px !important;\n\t\t\t\t}\n\t\t\t}\n\t\t\t<\/style>\n<div \n\tid=\"block-5\"\n\tclass=\"row  block-5 height-mobile height-tablet height-medium height-large position-relative\"\n\tstyle=\"\"\n\t>\n\t\n\t\n\t\t\t\n\t\n\t\n<\/div>\t\t\n\t\n\t\n<\/div>\t\t\n\t\n\t\n<\/div>\n\n<div \n\tid=\"block-153\"\n\tclass=\"strip  block-153 position-relative\"\n\tstyle=\"margin-bottom:50px;\"\n\t>\n\t\n\t\n\t<div \n\tid=\"block-154\"\n\tclass=\"container  block-154 container-fluid position-relative\"\n\tstyle=\"\"\n\t>\n\t\n\t\n\n\n\n\n\t<div \n\tid=\"block-155\"\n\tclass=\"row  block-155 position-relative\"\n\tstyle=\"\"\n\t>\n\t\n\t\n\n\n\t<div \n\tid=\"block-156\"\n\tclass=\"core-paragraph  block-156 position-relative\"\n\tstyle=\"\"\n\t>\n\t\n\t\n<p><\/p>\n\n\t\t\t\n\t\n\t\n<\/div>\t\t\n\t\n\t\n<\/div><div \n\tid=\"block-158\"\n\tclass=\"row  block-158 v-middle position-relative\"\n\tstyle=\"\"\n\t>\n\t\n\t\n\n\n\n\n\n\n\t<div \n\tid=\"block-159\"\n\tclass=\"column  block-159 col-sm-6 col-md-6 col-lg-6 position-relative cc-curved-image-container cc-curved-image-container--left cc-with-spiral\"\n\tstyle=\"padding-left:0px;padding-right:0px;\"\n\t>\n\t\n\t\n\n\n\t<div \n\tid=\"block-160\"\n\tclass=\"core-image  block-160 position-relative\"\n\tstyle=\"\"\n\t>\n\t\n\t\n<figure class=\"wp-block-image size-full\"><img data-src=\"https:\/\/schades.com\/wp-content\/uploads\/2025\/03\/imageECPA4.jpg\" alt=\"\" class=\"wp-image-3178 lazy\"\/><\/figure>\n\n\t\t\t\n\t\n\t\n<\/div>\t\t\n\t\n\t\n<\/div><div \n\tid=\"block-162\"\n\tclass=\"column  block-162 col-md-1 col-lg-1 position-relative hidden-xs hidden-sm hidden-md\"\n\tstyle=\"\"\n\t>\n\t\n\t\n\n\n\t<div \n\tid=\"block-163\"\n\tclass=\"core-paragraph  block-163 position-relative\"\n\tstyle=\"\"\n\t>\n\t\n\t\n<p><\/p>\n\n\t\t\t\n\t\n\t\n<\/div>\t\t\n\t\n\t\n<\/div><div \n\tid=\"block-165\"\n\tclass=\"column  block-165 col-xs-12 col-sm-6 col-md-6 col-lg-5 position-relative\"\n\tstyle=\"\"\n\t>\n\t\n\t\n\n\n\t<div \n\tid=\"block-166\"\n\tclass=\"row  block-166 position-relative\"\n\tstyle=\"\"\n\t>\n\t\n\t\n\n\n\n\n\n\n\n\n\t<div \n\tid=\"block-167\"\n\tclass=\"core-spacer  block-167 position-relative\"\n\tstyle=\"\"\n\t>\n\t\n\t\n<div style=\"height:24px\" aria-hidden=\"true\" class=\"wp-block-spacer\"><\/div>\n\n\t\t\t\n\t\n\t\n<\/div><div \n\tid=\"block-169\"\n\tclass=\"column  block-169 col-xs-12 col-sm-11 col-md-11 col-lg-11 position-relative\"\n\tstyle=\"padding-top:30px;padding-bottom:30px;\"\n\t>\n\t\n\t\n\n\n\n\n\n\n\n\n\n\n\n\n\n\n\n\n\n\n\t<div \n\tid=\"block-170\"\n\tclass=\"core-heading  block-170 position-relative\"\n\tstyle=\"\"\n\t>\n\t\n\t\n<h1 class=\"wp-block-heading has-primary-color has-text-color has-link-color\">European Converted Paper Association<\/h1>\n\n\t\t\t\n\t\n\t\n<\/div><div \n\tid=\"block-172\"\n\tclass=\"core-image  block-172 position-relative\"\n\tstyle=\"\"\n\t>\n\t\n\t\n<figure class=\"wp-block-image size-full\"><img data-src=\"https:\/\/schades.com\/wp-content\/uploads\/2025\/03\/logoECPA-Custom-1.jpg\" alt=\"\" class=\"wp-image-3189 lazy\"\/><\/figure>\n\n\t\t\t\n\t\n\t\n<\/div><div \n\tid=\"block-174\"\n\tclass=\"core-separator  block-174 position-relative\"\n\tstyle=\"\"\n\t>\n\t\n\t\n<hr class=\"wp-block-separator has-alpha-channel-opacity\"\/>\n\n\t\t\t\n\t\n\t\n<\/div><div \n\tid=\"block-176\"\n\tclass=\"core-paragraph  block-176 position-relative\"\n\tstyle=\"\"\n\t>\n\t\n\t\n<p>Zrzeszenie Europejskich Konwerter\u00f3w Papieru (European Converted Paper Association &#8211; ECPA) jest zbiorowym g\u0142osem konwerter\u00f3w przemys\u0142u papierniczego w Europie. Reprezentuj\u0105c zr\u00f3\u017cnicowan\u0105 sie\u0107 producent\u00f3w i dostawc\u00f3w, ECPA jest oddana wspieraniu przedsi\u0119biorstw w zakresie wysokiej jako\u015bci funkcjonalnych rozwi\u0105za\u0144 papierowych.<\/p>\n\n\t\t\t\n\t\n\t\n<\/div><div \n\tid=\"block-178\"\n\tclass=\"core-paragraph  block-178 position-relative\"\n\tstyle=\"\"\n\t>\n\t\n\t\n<p><strong>Misja<\/strong><\/p>\n\n\t\t\t\n\t\n\t\n<\/div><div \n\tid=\"block-180\"\n\tclass=\"core-paragraph  block-180 position-relative\"\n\tstyle=\"\"\n\t>\n\t\n\t\n<p>Celem ECPA jest zjednoczenie przedstawicieli bran\u017cy wok\u00f3\u0142 wsp\u00f3lnej misji: promowania warto\u015bci papierowych paragon\u00f3w jako niezb\u0119dnych narz\u0119dzi przejrzysto\u015bci, bezpiecze\u0144stwa i zaufania konsument\u00f3w.<\/p>\n\n\t\t\t\n\t\n\t\n<\/div><div \n\tid=\"block-182\"\n\tclass=\"core-paragraph  block-182 position-relative\"\n\tstyle=\"\"\n\t>\n\t\n\t\n<p><strong>Rzecznictwo i korzy\u015bci<\/strong><\/p>\n\n\t\t\t\n\t\n\t\n<\/div><div \n\tid=\"block-184\"\n\tclass=\"core-paragraph  block-184 position-relative\"\n\tstyle=\"\"\n\t>\n\t\n\t\n<p>ECPA opowiada si\u0119 za korzy\u015bciami p\u0142yn\u0105cymi z papierowych paragon\u00f3w, kt\u00f3re s\u0105 niezb\u0119dne do zapewnienia wiarygodnych wycen, przejrzystego prowadzenia dokumentacji i zgodno\u015bci z przepisami dotycz\u0105cymi praw konsument\u00f3w. Reprezentuj\u0105c interesy swoich cz\u0142onk\u00f3w na szczeblu europejskim, ECPA promuje konstruktywny dialog z decydentami, organami nadzorczymi i innymi interesariuszami w celu ukszta\u0142towania przysz\u0142o\u015bci, w kt\u00f3rej produkty papierowe pozostan\u0105 integraln\u0105 cz\u0119\u015bci\u0105 nowoczesnego handlu.<\/p>\n\n\t\t\t\n\t\n\t\n<\/div><div \n\tid=\"block-186\"\n\tclass=\"core-paragraph  block-186 position-relative\"\n\tstyle=\"\"\n\t>\n\t\n\t\n<p>Wi\u0119cej informacji znajdziesz na stronie internetowej ECPA.<\/p>\n\n\t\t\t\n\t\n\t\n<\/div>\t\t\n\t\n\t\n<\/div><div \n\tid=\"block-188\"\n\tclass=\"column  block-188 col-xs-1 col-sm-1 col-md-1 col-lg-1 position-relative hidden-xs\"\n\tstyle=\"\"\n\t>\n\t\n\t\n\t\t\t\n\t\n\t\n<\/div><div \n\tid=\"block-190\"\n\tclass=\"column  block-190 position-relative col-xs-12 cc_btn-align\"\n\tstyle=\"padding-left:0px;padding-right:0px;\"\n\t>\n\t\n\t\n\n\n\t\n\t\n\t\n\t\t\n\t\t<a\n\t\t\tclass=\"button  block-191 position-relative has-link\"\n\t\t\tstyle=\"\"\n\t\t\thref=\"https:\/\/ecpaassociation.eu\/\"\n\t\t\t\t\t\t\t\t\t\t\t\t\t\t\t\t\t>\n\t\t\t\n\t\t\tecpaassociation.eu\n\t\t\t\t\t<\/a>\n\n\t\n\t\t\n\t\n\t\n<\/div>\t\t\n\t\n\t\n<\/div>\t\t\n\t\n\t\n<\/div>\t\t\n\t\n\t\n<\/div>\t\t\n\t\n\t\n<\/div>\t\t\n\t\n\t\n<\/div>","protected":false},"excerpt":{"rendered":"","protected":false},"author":1,"featured_media":0,"parent":5,"menu_order":0,"comment_status":"closed","ping_status":"closed","template":"","meta":{"_acf_changed":false,"footnotes":""},"class_list":["post-1384","page","type-page","status-publish","hentry"],"acf":[],"yoast_head":"<!-- This site is optimized with the Yoast SEO plugin v27.3 - https:\/\/yoast.com\/product\/yoast-seo-wordpress\/ -->\n<title>ECPA | Schades Group<\/title>\n<meta name=\"robots\" content=\"noindex, follow, max-snippet:-1, max-image-preview:large, max-video-preview:-1\" \/>\n<meta property=\"og:locale\" content=\"pl_PL\" \/>\n<meta property=\"og:type\" content=\"article\" \/>\n<meta property=\"og:title\" content=\"ECPA | Schades Group\" \/>\n<meta property=\"og:url\" content=\"https:\/\/schades.com\/pl\/o\/ecpa\/\" \/>\n<meta property=\"og:site_name\" content=\"Schades Poland\" \/>\n<meta property=\"article:modified_time\" content=\"2025-04-02T10:16:57+00:00\" \/>\n<meta property=\"og:image\" content=\"https:\/\/schades.com\/wp-content\/uploads\/2025\/03\/imageECPA4.jpg\" \/>\n<meta name=\"twitter:card\" content=\"summary_large_image\" \/>\n<meta name=\"twitter:label1\" content=\"Szacowany czas czytania\" \/>\n\t<meta name=\"twitter:data1\" content=\"2 minuty\" \/>\n<script type=\"application\/ld+json\" class=\"yoast-schema-graph\">{\"@context\":\"https:\\\/\\\/schema.org\",\"@graph\":[{\"@type\":\"WebPage\",\"@id\":\"https:\\\/\\\/schades.com\\\/pl\\\/o\\\/ecpa\\\/\",\"url\":\"https:\\\/\\\/schades.com\\\/pl\\\/o\\\/ecpa\\\/\",\"name\":\"ECPA | Schades Group\",\"isPartOf\":{\"@id\":\"https:\\\/\\\/schades.com\\\/pl\\\/#website\"},\"primaryImageOfPage\":{\"@id\":\"https:\\\/\\\/schades.com\\\/pl\\\/o\\\/ecpa\\\/#primaryimage\"},\"image\":{\"@id\":\"https:\\\/\\\/schades.com\\\/pl\\\/o\\\/ecpa\\\/#primaryimage\"},\"thumbnailUrl\":\"https:\\\/\\\/schades.com\\\/wp-content\\\/uploads\\\/2025\\\/03\\\/imageECPA4.jpg\",\"datePublished\":\"2024-04-24T14:42:39+00:00\",\"dateModified\":\"2025-04-02T10:16:57+00:00\",\"breadcrumb\":{\"@id\":\"https:\\\/\\\/schades.com\\\/pl\\\/o\\\/ecpa\\\/#breadcrumb\"},\"inLanguage\":\"pl-PL\",\"potentialAction\":[{\"@type\":\"ReadAction\",\"target\":[\"https:\\\/\\\/schades.com\\\/pl\\\/o\\\/ecpa\\\/\"]}]},{\"@type\":\"ImageObject\",\"inLanguage\":\"pl-PL\",\"@id\":\"https:\\\/\\\/schades.com\\\/pl\\\/o\\\/ecpa\\\/#primaryimage\",\"url\":\"https:\\\/\\\/schades.com\\\/wp-content\\\/uploads\\\/2025\\\/03\\\/imageECPA4.jpg\",\"contentUrl\":\"https:\\\/\\\/schades.com\\\/wp-content\\\/uploads\\\/2025\\\/03\\\/imageECPA4.jpg\"},{\"@type\":\"BreadcrumbList\",\"@id\":\"https:\\\/\\\/schades.com\\\/pl\\\/o\\\/ecpa\\\/#breadcrumb\",\"itemListElement\":[{\"@type\":\"ListItem\",\"position\":1,\"name\":\"Home\",\"item\":\"https:\\\/\\\/schades.com\\\/pl\\\/\"},{\"@type\":\"ListItem\",\"position\":2,\"name\":\"O\",\"item\":\"https:\\\/\\\/schades.com\\\/pl\\\/o\\\/\"},{\"@type\":\"ListItem\",\"position\":3,\"name\":\"ECPA\"}]},{\"@type\":\"WebSite\",\"@id\":\"https:\\\/\\\/schades.com\\\/pl\\\/#website\",\"url\":\"https:\\\/\\\/schades.com\\\/pl\\\/\",\"name\":\"Schades Poland\",\"description\":\"\",\"potentialAction\":[{\"@type\":\"SearchAction\",\"target\":{\"@type\":\"EntryPoint\",\"urlTemplate\":\"https:\\\/\\\/schades.com\\\/pl\\\/?s={search_term_string}\"},\"query-input\":{\"@type\":\"PropertyValueSpecification\",\"valueRequired\":true,\"valueName\":\"search_term_string\"}}],\"inLanguage\":\"pl-PL\"}]}<\/script>\n<!-- \/ Yoast SEO plugin. -->","yoast_head_json":{"title":"ECPA | Schades Group","robots":{"index":"noindex","follow":"follow","max-snippet":"max-snippet:-1","max-image-preview":"max-image-preview:large","max-video-preview":"max-video-preview:-1"},"og_locale":"pl_PL","og_type":"article","og_title":"ECPA | Schades Group","og_url":"https:\/\/schades.com\/pl\/o\/ecpa\/","og_site_name":"Schades Poland","article_modified_time":"2025-04-02T10:16:57+00:00","og_image":[{"url":"https:\/\/schades.com\/wp-content\/uploads\/2025\/03\/imageECPA4.jpg","type":"","width":"","height":""}],"twitter_card":"summary_large_image","twitter_misc":{"Szacowany czas czytania":"2 minuty"},"schema":{"@context":"https:\/\/schema.org","@graph":[{"@type":"WebPage","@id":"https:\/\/schades.com\/pl\/o\/ecpa\/","url":"https:\/\/schades.com\/pl\/o\/ecpa\/","name":"ECPA | Schades Group","isPartOf":{"@id":"https:\/\/schades.com\/pl\/#website"},"primaryImageOfPage":{"@id":"https:\/\/schades.com\/pl\/o\/ecpa\/#primaryimage"},"image":{"@id":"https:\/\/schades.com\/pl\/o\/ecpa\/#primaryimage"},"thumbnailUrl":"https:\/\/schades.com\/wp-content\/uploads\/2025\/03\/imageECPA4.jpg","datePublished":"2024-04-24T14:42:39+00:00","dateModified":"2025-04-02T10:16:57+00:00","breadcrumb":{"@id":"https:\/\/schades.com\/pl\/o\/ecpa\/#breadcrumb"},"inLanguage":"pl-PL","potentialAction":[{"@type":"ReadAction","target":["https:\/\/schades.com\/pl\/o\/ecpa\/"]}]},{"@type":"ImageObject","inLanguage":"pl-PL","@id":"https:\/\/schades.com\/pl\/o\/ecpa\/#primaryimage","url":"https:\/\/schades.com\/wp-content\/uploads\/2025\/03\/imageECPA4.jpg","contentUrl":"https:\/\/schades.com\/wp-content\/uploads\/2025\/03\/imageECPA4.jpg"},{"@type":"BreadcrumbList","@id":"https:\/\/schades.com\/pl\/o\/ecpa\/#breadcrumb","itemListElement":[{"@type":"ListItem","position":1,"name":"Home","item":"https:\/\/schades.com\/pl\/"},{"@type":"ListItem","position":2,"name":"O","item":"https:\/\/schades.com\/pl\/o\/"},{"@type":"ListItem","position":3,"name":"ECPA"}]},{"@type":"WebSite","@id":"https:\/\/schades.com\/pl\/#website","url":"https:\/\/schades.com\/pl\/","name":"Schades Poland","description":"","potentialAction":[{"@type":"SearchAction","target":{"@type":"EntryPoint","urlTemplate":"https:\/\/schades.com\/pl\/?s={search_term_string}"},"query-input":{"@type":"PropertyValueSpecification","valueRequired":true,"valueName":"search_term_string"}}],"inLanguage":"pl-PL"}]}},"_links":{"self":[{"href":"https:\/\/schades.com\/pl\/wp-json\/wp\/v2\/pages\/1384","targetHints":{"allow":["GET"]}}],"collection":[{"href":"https:\/\/schades.com\/pl\/wp-json\/wp\/v2\/pages"}],"about":[{"href":"https:\/\/schades.com\/pl\/wp-json\/wp\/v2\/types\/page"}],"author":[{"embeddable":true,"href":"https:\/\/schades.com\/pl\/wp-json\/wp\/v2\/users\/1"}],"replies":[{"embeddable":true,"href":"https:\/\/schades.com\/pl\/wp-json\/wp\/v2\/comments?post=1384"}],"version-history":[{"count":6,"href":"https:\/\/schades.com\/pl\/wp-json\/wp\/v2\/pages\/1384\/revisions"}],"predecessor-version":[{"id":2788,"href":"https:\/\/schades.com\/pl\/wp-json\/wp\/v2\/pages\/1384\/revisions\/2788"}],"up":[{"embeddable":true,"href":"https:\/\/schades.com\/pl\/wp-json\/wp\/v2\/pages\/5"}],"wp:attachment":[{"href":"https:\/\/schades.com\/pl\/wp-json\/wp\/v2\/media?parent=1384"}],"curies":[{"name":"wp","href":"https:\/\/api.w.org\/{rel}","templated":true}]}}