{"id":3076,"date":"2026-04-17T14:48:51","date_gmt":"2026-04-17T14:48:51","guid":{"rendered":"https:\/\/schades.com\/pl\/?page_id=3076"},"modified":"2026-04-22T15:28:43","modified_gmt":"2026-04-22T15:28:43","slug":"careers","status":"publish","type":"page","link":"https:\/\/schades.com\/pl\/careers\/","title":{"rendered":"Kariera"},"content":{"rendered":"<div \n\tid=\"block-3\"\n\tclass=\"strip  block-3 position-relative\"\n\tstyle=\"\"\n\t>\n\t\n\t\n\t<div \n\tid=\"block-4\"\n\tclass=\"container  block-4 position-relative\"\n\tstyle=\"\"\n\t>\n\t\n\t\n\n\n\t\t<style>\n\t\t.block-5:not(.v-middle):not(.v-bottom) > .column:not(.position-sticky) {\n\t\t\theight: 100%;\n\t\t}\n\t\t\n\t\t\t\t\t.block-5 {\n\t\t\t\theight: 100px !important;\n\t\t\t}\n\t\t\n\t\t\t\t\t@media ( min-width: 767px ) and ( max-width: 991px ) {\n\t\t\t\t.block-5 {\n\t\t\t\t\theight: 140px !important;\n\t\t\t\t}\n\t\t\t}\n\t\t\n\t\t\t\t\t@media ( min-width: 992px ) and ( max-width: 1199px ) {\n\t\t\t\t.block-5 {\n\t\t\t\t\theight: 140px !important;\n\t\t\t\t}\n\t\t\t}\n\t\t\n\t\t\t\t\t@media ( min-width: 1200px ) {\n\t\t\t\t.block-5 {\n\t\t\t\t\theight: 140px !important;\n\t\t\t\t}\n\t\t\t}\n\t\t\t<\/style>\n<div \n\tid=\"block-5\"\n\tclass=\"row  block-5 height-mobile height-tablet height-medium height-large position-relative\"\n\tstyle=\"\"\n\t>\n\t\n\t\n\t\t\t\n\t\n\t\n<\/div>\t\t\n\t\n\t\n<\/div>\t\t\n\t\n\t\n<\/div>\n\n<div \n\tid=\"block-35\"\n\tclass=\"strip  block-35 position-relative\"\n\tstyle=\"margin-bottom:50px;\"\n\t>\n\t\n\t\n\t<div \n\tid=\"block-36\"\n\tclass=\"container  block-36 position-relative cc-use-default-container-width\"\n\tstyle=\"\"\n\t>\n\t\n\t\n\n\n\t<div \n\tid=\"block-37\"\n\tclass=\"row  block-37 h-center position-relative\"\n\tstyle=\"\"\n\t>\n\t\n\t\n\n\n\n\n\t<div \n\tid=\"block-38\"\n\tclass=\"column  block-38 h-center position-relative col-xs-12\"\n\tstyle=\"margin-bottom:20px;\"\n\t>\n\t\n\t\n\n\n\t<div \n\tid=\"block-39\"\n\tclass=\"core-image  block-39 position-relative is-style-default\"\n\tstyle=\"\"\n\t>\n\t\n\t\n<figure class=\"wp-block-image size-full is-resized is-style-default\"><img width=\"128\" height=\"128\" data-src=\"https:\/\/schades.com\/wp-content\/uploads\/2024\/01\/emblem-colour.png\" alt=\"\" class=\"wp-image-186 lazy\" style=\"object-fit:cover;width:50px;height:50px\"\/><\/figure>\n\n\t\t\t\n\t\n\t\n<\/div>\t\t\n\t\n\t\n<\/div><div \n\tid=\"block-41\"\n\tclass=\"column  block-41 h-center position-relative col-xs-12\"\n\tstyle=\"\"\n\t>\n\t\n\t\n\n\n\n\n\n\n\t<div \n\tid=\"block-42\"\n\tclass=\"core-heading  block-42 position-relative\"\n\tstyle=\"\"\n\t>\n\t\n\t\n<h1 class=\"wp-block-heading\">Kariera<\/h1>\n\n\t\t\t\n\t\n\t\n<\/div><div \n\tid=\"block-44\"\n\tclass=\"core-spacer  block-44 position-relative cc-certification-underline\"\n\tstyle=\"\"\n\t>\n\t\n\t\n<div style=\"height:1px\" aria-hidden=\"true\" class=\"wp-block-spacer cc-certification-underline\"><\/div>\n\n\t\t\t\n\t\n\t\n<\/div><div \n\tid=\"block-46\"\n\tclass=\"core-paragraph  block-46 position-relative\"\n\tstyle=\"\"\n\t>\n\t\n\t\n<p>Od produkcji po dostaw\u0119 \u2013 nasze rolki i etykiety codziennie wspieraj\u0105 kluczowe bran\u017ce w ca\u0142ej Europie. Zapoznaj si\u0119 z naszymi aktualnymi ofertami pracy i ju\u017c dzi\u015b zbuduj z nami swoj\u0105 przysz\u0142o\u015b\u0107.<\/p>\n\n\t\t\t\n\t\n\t\n<\/div>\t\t\n\t\n\t\n<\/div>\t\t\n\t\n\t\n<\/div>\t\t\n\t\n\t\n<\/div>\t\t\n\t\n\t\n<\/div>\n\n\n<div style=\"height:100px\" aria-hidden=\"true\" class=\"wp-block-spacer\"><\/div>\n\n\n<div \n\tid=\"block-160\"\n\tclass=\"strip  block-160 position-relative\"\n\tstyle=\"\"\n\t>\n\t\n\t\n\t<div \n\tid=\"block-161\"\n\tclass=\"container  block-161 container-fluid position-relative\"\n\tstyle=\"\"\n\t>\n\t\n\t\n\n\n\t<div \n\tid=\"block-162\"\n\tclass=\"row  block-162 v-middle position-relative\"\n\tstyle=\"\"\n\t>\n\t\n\t\n\n\n\n\n\n\n\n\n\t<div \n\tid=\"block-163\"\n\tclass=\"column  block-163 col-md-1 col-lg-1 position-relative hidden-xs hidden-sm hidden-md\"\n\tstyle=\"\"\n\t>\n\t\n\t\n\n\n\t<div \n\tid=\"block-164\"\n\tclass=\"core-paragraph  block-164 position-relative\"\n\tstyle=\"\"\n\t>\n\t\n\t\n<p><\/p>\n\n\t\t\t\n\t\n\t\n<\/div>\t\t\n\t\n\t\n<\/div><div \n\tid=\"block-166\"\n\tclass=\"column  block-166 col-xs-12 col-sm-6 col-md-6 col-lg-5 position-relative\"\n\tstyle=\"\"\n\t>\n\t\n\t\n\n\n\t<div \n\tid=\"block-167\"\n\tclass=\"row  block-167 position-relative\"\n\tstyle=\"padding-top:50px;padding-bottom:50px;\"\n\t>\n\t\n\t\n\n\n\n\n\t<div \n\tid=\"block-168\"\n\tclass=\"column  block-168 col-xs-12 col-sm-11 col-md-11 col-lg-11 position-relative\"\n\tstyle=\"padding-top:30px;padding-bottom:30px;\"\n\t>\n\t\n\t\n\n\n\n\n\n\n\n\n\n\n\n\n\n\n\t<div \n\tid=\"block-169\"\n\tclass=\"core-heading  block-169 position-relative\"\n\tstyle=\"\"\n\t>\n\t\n\t\n<h2 class=\"wp-block-heading has-secondary-color has-text-color has-link-color\" style=\"font-size:45px\">Praca w Schades Group<\/h2>\n\n\t\t\t\n\t\n\t\n<\/div><div \n\tid=\"block-171\"\n\tclass=\"core-separator  block-171 position-relative\"\n\tstyle=\"\"\n\t>\n\t\n\t\n<hr class=\"wp-block-separator has-alpha-channel-opacity\"\/>\n\n\t\t\t\n\t\n\t\n<\/div><div \n\tid=\"block-173\"\n\tclass=\"core-paragraph  block-173 position-relative\"\n\tstyle=\"\"\n\t>\n\t\n\t\n<p>W Schades Group z pasj\u0105 podchodzimy do tego co robimy \u2013 dostarczamy wysokiej jako\u015bci, ekologiczne rolki z papieru i etykiety dla firm w ca\u0142ej Europie.<\/p>\n\n\t\t\t\n\t\n\t\n<\/div><div \n\tid=\"block-175\"\n\tclass=\"core-paragraph  block-175 position-relative\"\n\tstyle=\"\"\n\t>\n\t\n\t\n<p>Jako lider rynku rolek kasowych do punkt\u00f3w sprzeda\u017cy oraz etykiet dla bran\u017cy spo\u017cywczej, nasz sukces opiera si\u0119 na niezawodno\u015bci, innowacyjno\u015bci oraz silnym nastawieniu na klienta.<\/p>\n\n\t\t\t\n\t\n\t\n<\/div><div \n\tid=\"block-177\"\n\tclass=\"core-paragraph  block-177 position-relative\"\n\tstyle=\"\"\n\t>\n\t\n\t\n<p>Produkuj\u0105c ponad 200 milion\u00f3w rolek i 50 milion\u00f3w metr\u00f3w kwadratowych etykiet rocznie, jeste\u015bmy dumni z oferowania op\u0142acalnych rozwi\u0105za\u0144, kt\u00f3re zaspokajaj\u0105 wszystkie potrzeby.<\/p>\n\n\t\t\t\n\t\n\t\n<\/div><div \n\tid=\"block-179\"\n\tclass=\"core-paragraph  block-179 position-relative\"\n\tstyle=\"\"\n\t>\n\t\n\t\n<p>Je\u015bli podzielasz nasze zaanga\u017cowanie w jako\u015b\u0107 i prac\u0119 zespo\u0142ow\u0105, zapoznaj si\u0119 z naszymi ofertami pracy i rozwijaj si\u0119 razem z nami.<\/p>\n\n\t\t\t\n\t\n\t\n<\/div><div \n\tid=\"block-181\"\n\tclass=\"core-paragraph  block-181 position-relative\"\n\tstyle=\"\"\n\t>\n\t\n\t\n<p><\/p>\n\n\t\t\t\n\t\n\t\n<\/div>\t\t\n\t\n\t\n<\/div><div \n\tid=\"block-183\"\n\tclass=\"column  block-183 col-xs-1 col-sm-1 col-md-1 col-lg-1 position-relative hidden-xs\"\n\tstyle=\"\"\n\t>\n\t\n\t\n\t\t\t\n\t\n\t\n<\/div>\t\t\n\t\n\t\n<\/div>\t\t\n\t\n\t\n<\/div><div \n\tid=\"block-185\"\n\tclass=\"column  block-185 col-xs-2 col-md-1 col-lg-1 position-relative hidden-sm hidden-md\"\n\tstyle=\"\"\n\t>\n\t\n\t\n\n\n\t<div \n\tid=\"block-186\"\n\tclass=\"core-paragraph  block-186 position-relative\"\n\tstyle=\"\"\n\t>\n\t\n\t\n<p><\/p>\n\n\t\t\t\n\t\n\t\n<\/div>\t\t\n\t\n\t\n<\/div><div \n\tid=\"block-188\"\n\tclass=\"column  block-188 col-xs-10 col-sm-6 col-md-6 col-lg-5 position-relative cc-curved-image-container cc-curved-image-container--right cc-with-spiral\"\n\tstyle=\"padding-left:0px;padding-right:0px;\"\n\t>\n\t\n\t\n\n\n\t<div \n\tid=\"block-189\"\n\tclass=\"core-image  block-189 position-relative\"\n\tstyle=\"\"\n\t>\n\t\n\t\n<figure class=\"wp-block-image size-full\"><img data-src=\"https:\/\/schades.com\/wp-content\/uploads\/2026\/04\/man-next-to-label-drum.jpg\" alt=\"\" class=\"wp-image-3704 lazy\"\/><\/figure>\n\n\t\t\t\n\t\n\t\n<\/div>\t\t\n\t\n\t\n<\/div>\t\t\n\t\n\t\n<\/div>\t\t\n\t\n\t\n<\/div>\t\t\n\t\n\t\n<\/div>\n\n<div \n\tid=\"block-196\"\n\tclass=\"strip  block-196 position-relative\"\n\tstyle=\"\"\n\t>\n\t\n\t\n\t<div \n\tid=\"block-197\"\n\tclass=\"container  block-197 position-relative\"\n\tstyle=\"\"\n\t>\n\t\n\t\n\n\n\t<div \n\tid=\"block-198\"\n\tclass=\"grid-row  block-198 position-relative\"\n\tstyle=\"\"\n\t>\n\t\n\t\n\n\n\t<div \n\tid=\"block-199\"\n\tclass=\"grid-column  block-199 position-relative grid-from-xs-6 grid-to-xs-12\"\n\tstyle=\"\"\n\t>\n\t\n\t\n\t\t\t\n\t\n\t\n<\/div>\t\t\n\t\n\t\n<\/div>\t\t\n\t\n\t\n<\/div>\t\t\n\t\n\t\n<\/div>\n\n<div \n\tid=\"block-228\"\n\tclass=\"strip  block-228 position-relative lazy has-background-image\"\n\tstyle=\"\"\n\t>\n\t\n\t<style>\n\t\t#background-colour-228 {\n\t\t\tbackground-color: 0;\n\t\t\topacity: 1;\n\t\t\tborder-radius: 0px;;\n\t\t\t\ttransition: all 0.25s ease-in-out;\n\t\t}\n\t\t\n\t\t\t<\/style>\n\n\t\n\t\t\t<div\n\t\t\tid=\"background-image-228\"\n\t\t\tclass=\"background-image lazy\"\n\t\t\tdata-src=\"https:\/\/schades.com\/wp-content\/uploads\/2024\/01\/emblem-shadow-outer-min.png\"\n\t\t\tstyle=\"\n\t\t\t\t\t\t\t\tbackground-position: top center;\t\t\t\t\t\t\t\topacity:1;\n\t\t\t\"\n\t\t><\/div>\n\t\n\t\n\t\n\t\n\t\n\n\t\n\t<div \n\tid=\"block-229\"\n\tclass=\"container  block-229 container-fluid position-relative\"\n\tstyle=\"\"\n\t>\n\t\n\t\n\n\n\t<div \n\tid=\"block-230\"\n\tclass=\"row  block-230 v-middle position-relative\"\n\tstyle=\"\"\n\t>\n\t\n\t\n\n\n\n\n\t<div \n\tid=\"block-231\"\n\tclass=\"column  block-231 col-md-1 col-lg-1 position-relative hidden-xs hidden-sm hidden-md\"\n\tstyle=\"\"\n\t>\n\t\n\t\n\n\n\t<div \n\tid=\"block-232\"\n\tclass=\"core-paragraph  block-232 position-relative\"\n\tstyle=\"\"\n\t>\n\t\n\t\n<p><\/p>\n\n\t\t\t\n\t\n\t\n<\/div>\t\t\n\t\n\t\n<\/div><div \n\tid=\"block-234\"\n\tclass=\"column  block-234 col-xs-12 col-sm-12 col-md-12 col-lg-10 position-relative\"\n\tstyle=\"\"\n\t>\n\t\n\t\n\n\n\t<div \n\tid=\"block-235\"\n\tclass=\"row  block-235 position-relative\"\n\tstyle=\"padding-top:50px;padding-bottom:50px;\"\n\t>\n\t\n\t\n\n\n\t<div \n\tid=\"block-236\"\n\tclass=\"column  block-236 col-xs-12 col-sm-12 col-md-12 col-lg-12 position-relative\"\n\tstyle=\"padding-top:30px;padding-bottom:30px;\"\n\t>\n\t\n\t\n\n\n\t<div \n\tid=\"block-237\"\n\tclass=\"core-paragraph  block-237 position-relative\"\n\tstyle=\"\"\n\t>\n\t\n\t\n<p class=\"has-secondary-color has-text-color has-link-color\"><h2 class=\"wp-block-heading has-secondary-color has-text-color has-link-color\" style=\"font-size: 45px; text-align: center\">Niemcy<\/h2><hr class=\"wp-block-separator\" style=\"margin: 0 auto\" \/><style>\n\t.career-grid {\n\t\tmargin: 50px 0;\n\t\tdisplay: grid;\n\t\tgrid-template-columns: 1fr;\n\t\tgap: 30px;\n\t}\n\t.career-item {\n\t\tborder: 2px solid #CCC;\n\t\tborder-radius: 15px;\n\t\tpadding: 30px;\n\t\tdisplay: grid;\n\t\tgrid-row: span 3;\n\t\tgap: 15px;\n\t\twidth: auto;\n\t\ttext-align: left;\n\t\tbackground: white;\n\t}\n\t@media (min-width: 768px) {\n\t\t.career-grid {\n\t\t\tgrid-template-columns: 1fr 1fr;\n\t\t\tgrid-template-rows: repeat(3, auto);\n\t\t}\n\t\t.career-item {\n\t\t\tgrid-template-rows: subgrid;\n\t\t}\n\t}\n\t@media (min-width: 1024px) {\n\t\t.career-grid {\n\t\t\tgrid-template-columns: 1fr 1fr 1fr;\n\t\t}\n\t}\n<\/style>\n\n<div class=\"career-grid\">\n\t\t\t<div class=\"career-item\">\n\t\t\t<h3>Maschinen- und Anlagenf\u00fchrer f\u00fcr heipa technische Papiere GmbH in 37308 Heilbad Heiligenstadt<\/h3>\n\t\t\t<div>\n\t\t\t\t<hr class=\"wp-block-separator\" style=\"margin: 0 0 1em\">\n\t\t\t\t<p>Die Firma &#8222;heipa &#8211; part of Schades Group&#8221; ist Europas gr\u00f6\u00dfter Produzent von Kassenrollen, Thermorollen und EC- Kreditkartenrollen. Am Standort Heiligenstadt produzieren auf dem gro\u00dfz\u00fcgigen Firmengel\u00e4nde 52 Mitarbeitende im 3-Schicht-System ihre Produkte. 31 Besch\u00e4ftigte in Verwaltung, Vertrieb und Versand sorgen f\u00fcr einen reibungslosen Betriebsablauf. Zur Erweiterung unseres Teams suchen wir zum n\u00e4chstm\u00f6glichen Zeitpunkt einen zuverl\u00e4ssigen [&hellip;]<\/p>\n\t\t\t<\/div>\n\t\t\t<div>\n\t\t\t\t<a href=\"https:\/\/schades.com\/pl\/careers\/maschinen-und-anlagenfuhrer-fur-heipa-technische-papiere-gmbh\/\" class=\"button\">\n\t\t\t\t\tApply Now\n\t\t\t\t<\/a>\n\t\t\t<\/div>\n\t\t<\/div>\n\t<\/div><\/p>\n\n\t\t\t\n\t\n\t\n<\/div>\t\t\n\t\n\t\n<\/div>\t\t\n\t\n\t\n<\/div>\t\t\n\t\n\t\n<\/div>\t\t\n\t\n\t\n<\/div>\t\t\n\t\n\t\n<\/div>\t\t\n\t\n\t\n<\/div>","protected":false},"excerpt":{"rendered":"","protected":false},"author":1,"featured_media":0,"parent":0,"menu_order":0,"comment_status":"closed","ping_status":"closed","template":"","meta":{"_acf_changed":false,"footnotes":""},"class_list":["post-3076","page","type-page","status-publish","hentry"],"acf":[],"yoast_head":"<!-- This site is optimized with the Yoast SEO plugin v27.3 - https:\/\/yoast.com\/product\/yoast-seo-wordpress\/ -->\n<title>Kariera - Schades Poland<\/title>\n<meta name=\"robots\" content=\"noindex, follow, max-snippet:-1, max-image-preview:large, max-video-preview:-1\" \/>\n<meta property=\"og:locale\" content=\"pl_PL\" \/>\n<meta property=\"og:type\" content=\"article\" \/>\n<meta property=\"og:title\" content=\"Kariera - Schades Poland\" \/>\n<meta property=\"og:url\" content=\"https:\/\/schades.com\/pl\/careers\/\" \/>\n<meta property=\"og:site_name\" content=\"Schades Poland\" \/>\n<meta property=\"article:modified_time\" content=\"2026-04-22T15:28:43+00:00\" \/>\n<meta property=\"og:image\" content=\"https:\/\/schades.com\/wp-content\/uploads\/2024\/01\/emblem-colour.png\" \/>\n<meta name=\"twitter:card\" content=\"summary_large_image\" \/>\n<meta name=\"twitter:label1\" content=\"Szacowany czas czytania\" \/>\n\t<meta name=\"twitter:data1\" content=\"2 minuty\" \/>\n<script type=\"application\/ld+json\" class=\"yoast-schema-graph\">{\"@context\":\"https:\\\/\\\/schema.org\",\"@graph\":[{\"@type\":\"WebPage\",\"@id\":\"https:\\\/\\\/schades.com\\\/pl\\\/careers\\\/\",\"url\":\"https:\\\/\\\/schades.com\\\/pl\\\/careers\\\/\",\"name\":\"Kariera - Schades Poland\",\"isPartOf\":{\"@id\":\"https:\\\/\\\/schades.com\\\/pl\\\/#website\"},\"primaryImageOfPage\":{\"@id\":\"https:\\\/\\\/schades.com\\\/pl\\\/careers\\\/#primaryimage\"},\"image\":{\"@id\":\"https:\\\/\\\/schades.com\\\/pl\\\/careers\\\/#primaryimage\"},\"thumbnailUrl\":\"https:\\\/\\\/schades.com\\\/wp-content\\\/uploads\\\/2024\\\/01\\\/emblem-colour.png\",\"datePublished\":\"2026-04-17T14:48:51+00:00\",\"dateModified\":\"2026-04-22T15:28:43+00:00\",\"breadcrumb\":{\"@id\":\"https:\\\/\\\/schades.com\\\/pl\\\/careers\\\/#breadcrumb\"},\"inLanguage\":\"pl-PL\",\"potentialAction\":[{\"@type\":\"ReadAction\",\"target\":[\"https:\\\/\\\/schades.com\\\/pl\\\/careers\\\/\"]}]},{\"@type\":\"ImageObject\",\"inLanguage\":\"pl-PL\",\"@id\":\"https:\\\/\\\/schades.com\\\/pl\\\/careers\\\/#primaryimage\",\"url\":\"https:\\\/\\\/schades.com\\\/wp-content\\\/uploads\\\/2024\\\/01\\\/emblem-colour.png\",\"contentUrl\":\"https:\\\/\\\/schades.com\\\/wp-content\\\/uploads\\\/2024\\\/01\\\/emblem-colour.png\"},{\"@type\":\"BreadcrumbList\",\"@id\":\"https:\\\/\\\/schades.com\\\/pl\\\/careers\\\/#breadcrumb\",\"itemListElement\":[{\"@type\":\"ListItem\",\"position\":1,\"name\":\"Home\",\"item\":\"https:\\\/\\\/schades.com\\\/pl\\\/\"},{\"@type\":\"ListItem\",\"position\":2,\"name\":\"Kariera\"}]},{\"@type\":\"WebSite\",\"@id\":\"https:\\\/\\\/schades.com\\\/pl\\\/#website\",\"url\":\"https:\\\/\\\/schades.com\\\/pl\\\/\",\"name\":\"Schades Poland\",\"description\":\"\",\"potentialAction\":[{\"@type\":\"SearchAction\",\"target\":{\"@type\":\"EntryPoint\",\"urlTemplate\":\"https:\\\/\\\/schades.com\\\/pl\\\/?s={search_term_string}\"},\"query-input\":{\"@type\":\"PropertyValueSpecification\",\"valueRequired\":true,\"valueName\":\"search_term_string\"}}],\"inLanguage\":\"pl-PL\"}]}<\/script>\n<!-- \/ Yoast SEO plugin. -->","yoast_head_json":{"title":"Kariera - Schades Poland","robots":{"index":"noindex","follow":"follow","max-snippet":"max-snippet:-1","max-image-preview":"max-image-preview:large","max-video-preview":"max-video-preview:-1"},"og_locale":"pl_PL","og_type":"article","og_title":"Kariera - Schades Poland","og_url":"https:\/\/schades.com\/pl\/careers\/","og_site_name":"Schades Poland","article_modified_time":"2026-04-22T15:28:43+00:00","og_image":[{"url":"https:\/\/schades.com\/wp-content\/uploads\/2024\/01\/emblem-colour.png","type":"","width":"","height":""}],"twitter_card":"summary_large_image","twitter_misc":{"Szacowany czas czytania":"2 minuty"},"schema":{"@context":"https:\/\/schema.org","@graph":[{"@type":"WebPage","@id":"https:\/\/schades.com\/pl\/careers\/","url":"https:\/\/schades.com\/pl\/careers\/","name":"Kariera - Schades Poland","isPartOf":{"@id":"https:\/\/schades.com\/pl\/#website"},"primaryImageOfPage":{"@id":"https:\/\/schades.com\/pl\/careers\/#primaryimage"},"image":{"@id":"https:\/\/schades.com\/pl\/careers\/#primaryimage"},"thumbnailUrl":"https:\/\/schades.com\/wp-content\/uploads\/2024\/01\/emblem-colour.png","datePublished":"2026-04-17T14:48:51+00:00","dateModified":"2026-04-22T15:28:43+00:00","breadcrumb":{"@id":"https:\/\/schades.com\/pl\/careers\/#breadcrumb"},"inLanguage":"pl-PL","potentialAction":[{"@type":"ReadAction","target":["https:\/\/schades.com\/pl\/careers\/"]}]},{"@type":"ImageObject","inLanguage":"pl-PL","@id":"https:\/\/schades.com\/pl\/careers\/#primaryimage","url":"https:\/\/schades.com\/wp-content\/uploads\/2024\/01\/emblem-colour.png","contentUrl":"https:\/\/schades.com\/wp-content\/uploads\/2024\/01\/emblem-colour.png"},{"@type":"BreadcrumbList","@id":"https:\/\/schades.com\/pl\/careers\/#breadcrumb","itemListElement":[{"@type":"ListItem","position":1,"name":"Home","item":"https:\/\/schades.com\/pl\/"},{"@type":"ListItem","position":2,"name":"Kariera"}]},{"@type":"WebSite","@id":"https:\/\/schades.com\/pl\/#website","url":"https:\/\/schades.com\/pl\/","name":"Schades Poland","description":"","potentialAction":[{"@type":"SearchAction","target":{"@type":"EntryPoint","urlTemplate":"https:\/\/schades.com\/pl\/?s={search_term_string}"},"query-input":{"@type":"PropertyValueSpecification","valueRequired":true,"valueName":"search_term_string"}}],"inLanguage":"pl-PL"}]}},"_links":{"self":[{"href":"https:\/\/schades.com\/pl\/wp-json\/wp\/v2\/pages\/3076","targetHints":{"allow":["GET"]}}],"collection":[{"href":"https:\/\/schades.com\/pl\/wp-json\/wp\/v2\/pages"}],"about":[{"href":"https:\/\/schades.com\/pl\/wp-json\/wp\/v2\/types\/page"}],"author":[{"embeddable":true,"href":"https:\/\/schades.com\/pl\/wp-json\/wp\/v2\/users\/1"}],"replies":[{"embeddable":true,"href":"https:\/\/schades.com\/pl\/wp-json\/wp\/v2\/comments?post=3076"}],"version-history":[{"count":2,"href":"https:\/\/schades.com\/pl\/wp-json\/wp\/v2\/pages\/3076\/revisions"}],"predecessor-version":[{"id":3084,"href":"https:\/\/schades.com\/pl\/wp-json\/wp\/v2\/pages\/3076\/revisions\/3084"}],"wp:attachment":[{"href":"https:\/\/schades.com\/pl\/wp-json\/wp\/v2\/media?parent=3076"}],"curies":[{"name":"wp","href":"https:\/\/api.w.org\/{rel}","templated":true}]}}