{"id":36,"date":"2024-01-04T16:50:55","date_gmt":"2024-01-04T16:50:55","guid":{"rendered":"https:\/\/schades.com\/pl\/become-a-reseller\/"},"modified":"2025-04-01T12:02:59","modified_gmt":"2025-04-01T12:02:59","slug":"zostan-sprzedawca","status":"publish","type":"page","link":"https:\/\/schades.com\/pl\/zostan-sprzedawca\/","title":{"rendered":"Zosta\u0144 sprzedawc\u0105"},"content":{"rendered":"<div \n\tid=\"block-143\"\n\tclass=\"strip  block-143 position-relative lazy has-background-image\"\n\tstyle=\"padding-top:60px;padding-bottom:60px;margin-top:60px;\"\n\t>\n\t\n\t<style>\n\t\t#background-colour-143 {\n\t\t\tbackground-color: 0;\n\t\t\topacity: 1;\n\t\t\tborder-radius: 0px;;\n\t\t\t\ttransition: all 0.25s ease-in-out;\n\t\t}\n\t\t\n\t\t\t<\/style>\n\n\t\n\t\t\t<div\n\t\t\tid=\"background-image-143\"\n\t\t\tclass=\"background-image lazy\"\n\t\t\tdata-src=\"https:\/\/schades.com\/pl\/wp-content\/uploads\/sites\/4\/2024\/01\/emblem-shadow-outer-min.png\"\n\t\t\tstyle=\"\n\t\t\t\tbackground-size: cover;\t\t\t\tbackground-position: top center;\t\t\t\t\t\t\t\topacity:1;\n\t\t\t\"\n\t\t><\/div>\n\t\n\t\n\t\n\t\n\t\n\n\t\n\t<div \n\tid=\"block-144\"\n\tclass=\"container  block-144 container-fluid position-relative\"\n\tstyle=\"\"\n\t>\n\t\n\t\n\n\n\t<div \n\tid=\"block-145\"\n\tclass=\"row  block-145 position-relative\"\n\tstyle=\"\"\n\t>\n\t\n\t\n\n\n\n\n\n\n\t<div \n\tid=\"block-146\"\n\tclass=\"column  block-146 col-sm-2 col-md-3 col-lg-4 position-relative hidden-xs\"\n\tstyle=\"\"\n\t>\n\t\n\t\n\n\n\t<div \n\tid=\"block-147\"\n\tclass=\"core-paragraph  block-147 position-relative\"\n\tstyle=\"\"\n\t>\n\t\n\t\n<p><\/p>\n\n\t\t\t\n\t\n\t\n<\/div>\t\t\n\t\n\t\n<\/div><div \n\tid=\"block-149\"\n\tclass=\"column  block-149 h-center col-sm-8 col-md-6 col-lg-4 position-relative\"\n\tstyle=\"padding-top:30px;padding-bottom:60px;\"\n\t>\n\t\n\t\n\n\n\n\n\n\n\t<div \n\tid=\"block-150\"\n\tclass=\"core-image  block-150 position-relative cc-title-emblem\"\n\tstyle=\"\"\n\t>\n\t\n\t\n<figure class=\"wp-block-image size-full is-resized cc-title-emblem\"><img width=\"128\" height=\"128\" data-src=\"https:\/\/schades.com\/pl\/wp-content\/uploads\/sites\/4\/2024\/01\/emblem-colour.png\" alt=\"\" class=\"wp-image-186 lazy\" style=\"width:50px\"\/><\/figure>\n\n\t\t\t\n\t\n\t\n<\/div><div \n\tid=\"block-152\"\n\tclass=\"core-heading  block-152 position-relative\"\n\tstyle=\"\"\n\t>\n\t\n\t\n<h1 class=\"wp-block-heading has-secondary-color has-text-color has-link-color\">Zosta\u0144 sprzedawc\u0105<\/h1>\n\n\t\t\t\n\t\n\t\n<\/div><div \n\tid=\"block-154\"\n\tclass=\"core-paragraph  block-154 position-relative\"\n\tstyle=\"\"\n\t>\n\t\n\t\n<p>S\u0142owa pisane nie oddaj\u0105 ca\u0142ej historii, nasi pracownicy ch\u0119tnie Ci pomog\u0105, skontaktuj si\u0119 z jednym z nich w swojej okolicy, a zrozumiesz, co mamy na my\u015bli.<\/p>\n\n\t\t\t\n\t\n\t\n<\/div>\t\t\n\t\n\t\n<\/div><div \n\tid=\"block-156\"\n\tclass=\"column  block-156 col-sm-2 col-md-3 col-lg-4 position-relative hidden-xs\"\n\tstyle=\"\"\n\t>\n\t\n\t\n\n\n\t<div \n\tid=\"block-157\"\n\tclass=\"core-paragraph  block-157 position-relative\"\n\tstyle=\"\"\n\t>\n\t\n\t\n<p><\/p>\n\n\t\t\t\n\t\n\t\n<\/div>\t\t\n\t\n\t\n<\/div>\t\t\n\t\n\t\n<\/div>\t\t\n\t\n\t\n<\/div><div \n\tid=\"block-159\"\n\tclass=\"container  block-159 container-fluid position-relative\"\n\tstyle=\"\"\n\t>\n\t\n\t\n\n\n\n\n\t<div \n\tid=\"block-160\"\n\tclass=\"row  block-160 position-relative\"\n\tstyle=\"\"\n\t>\n\t\n\t\n\t\t\t\n\t\n\t\n<\/div><div \n\tid=\"block-162\"\n\tclass=\"row  block-162 v-middle position-relative\"\n\tstyle=\"\"\n\t>\n\t\n\t\n\n\n\n\n\n\n\t<div \n\tid=\"block-163\"\n\tclass=\"column  block-163 col-md-1 col-lg-1 position-relative hidden-xs hidden-sm hidden-md\"\n\tstyle=\"\"\n\t>\n\t\n\t\n\n\n\t<div \n\tid=\"block-164\"\n\tclass=\"core-paragraph  block-164 position-relative\"\n\tstyle=\"\"\n\t>\n\t\n\t\n<p><\/p>\n\n\t\t\t\n\t\n\t\n<\/div>\t\t\n\t\n\t\n<\/div><div \n\tid=\"block-166\"\n\tclass=\"column  block-166 col-xs-12 col-sm-6 col-md-6 col-lg-5 position-relative\"\n\tstyle=\"\"\n\t>\n\t\n\t\n\n\n\t<div \n\tid=\"block-167\"\n\tclass=\"row  block-167 position-relative\"\n\tstyle=\"\"\n\t>\n\t\n\t\n\n\n\n\n\n\n\n\n\t<div \n\tid=\"block-168\"\n\tclass=\"column  block-168 col-xs-12 col-sm-11 col-md-11 col-lg-11 position-relative\"\n\tstyle=\"padding-top:30px;padding-bottom:30px;\"\n\t>\n\t\n\t\n\n\n\n\n\n\n\n\n\n\n\t<div \n\tid=\"block-169\"\n\tclass=\"core-heading  block-169 position-relative\"\n\tstyle=\"\"\n\t>\n\t\n\t\n<h2 class=\"wp-block-heading has-primary-color has-text-color has-link-color\">Razem jeste\u015bmy silniejsi<\/h2>\n\n\t\t\t\n\t\n\t\n<\/div><div \n\tid=\"block-171\"\n\tclass=\"core-separator  block-171 position-relative\"\n\tstyle=\"\"\n\t>\n\t\n\t\n<hr class=\"wp-block-separator has-alpha-channel-opacity\"\/>\n\n\t\t\t\n\t\n\t\n<\/div><div \n\tid=\"block-173\"\n\tclass=\"core-paragraph  block-173 position-relative\"\n\tstyle=\"\"\n\t>\n\t\n\t\n<p>Droga do u\u017cytkownika rolek termicznych, etykiet bezpodk\u0142adowych lub samoprzylepnych prowadzi przez wiele kana\u0142\u00f3w. W niekt\u00f3rych przypadkach duzi detaliczni odbiorcy ko\u0144cowi dokonuj\u0105 zakup\u00f3w bezpo\u015brednio od producenta (takiego jak Schades Group), w innych przypadkach za po\u015brednictwem konsolidatora, ale je\u015bli chodzi o mniejszych lokalnych sprzedawc\u00f3w detalicznych, takich jak sklepy odzie\u017cowe, puby, restauracje lub hotele, zakup odbywa si\u0119 za po\u015brednictwem innego rodzaju kana\u0142u sprzeda\u017cy.<\/p>\n\n\t\t\t\n\t\n\t\n<\/div><div \n\tid=\"block-175\"\n\tclass=\"core-paragraph  block-175 position-relative\"\n\tstyle=\"\"\n\t>\n\t\n\t\n<p>Tym kana\u0142em mo\u017ce by\u0107 sklep papierniczy, sklep internetowy lub hurtownia, ale dla wszystkich z nich g\u0142\u00f3wnym celem jest obs\u0142uga u\u017cytkownika ko\u0144cowego.<\/p>\n\n\t\t\t\n\t\n\t\n<\/div><div \n\tid=\"block-177\"\n\tclass=\"core-paragraph  block-177 position-relative\"\n\tstyle=\"\"\n\t>\n\t\n\t\n<p>Schades Group obs\u0142uguje wszystkie kana\u0142y sprzeda\u017cy, ale zawsze stara si\u0119 rozwija\u0107 relacje z dystrybutorami. Je\u015bli jeste\u015b jednym z nich, skontaktuj si\u0119 z naszym lokalnym zespo\u0142em sprzeda\u017cy.<\/p>\n\n\t\t\t\n\t\n\t\n<\/div>\t\t\n\t\n\t\n<\/div><div \n\tid=\"block-179\"\n\tclass=\"column  block-179 col-xs-1 col-sm-1 col-md-1 col-lg-1 position-relative hidden-xs\"\n\tstyle=\"\"\n\t>\n\t\n\t\n\t\t\t\n\t\n\t\n<\/div><div \n\tid=\"block-181\"\n\tclass=\"column  block-181 position-relative col-xs-12 cc_btn-align\"\n\tstyle=\"padding-left:0px;padding-right:0px;\"\n\t>\n\t\n\t\n\n\n\t\n\t\n\t\n\t\t\n\t\t<a\n\t\t\tclass=\"button  block-182 position-relative has-link\"\n\t\t\tstyle=\"\"\n\t\t\thref=\"https:\/\/schades.com\/pl\/kontakt\/\"\n\t\t\t\t\t\t\t\t\t\t\t\t\t\t\t\t\t>\n\t\t\t\n\t\t\tSkontaktuj si\u0119 z nami\n\t\t\t\t\t<\/a>\n\n\t\n\t\t\n\t\n\t\n<\/div>\t<style>\n\t\t.block-183:not(.v-middle):not(.v-bottom) > .column:not(.position-sticky) {\n\t\t\theight: 100%;\n\t\t}\n\t\t\n\t\t\t\t\t.block-183 {\n\t\t\t\theight: 30px !important;\n\t\t\t}\n\t\t\n\t\t\n\t\t\n\t\t\t<\/style>\n<div \n\tid=\"block-183\"\n\tclass=\"column  block-183 height-mobile position-relative hidden-sm hidden-md hidden-lg col-xs-12\"\n\tstyle=\"\"\n\t>\n\t\n\t\n\t\t\t\n\t\n\t\n<\/div>\t\t\n\t\n\t\n<\/div>\t\t\n\t\n\t\n<\/div><div \n\tid=\"block-185\"\n\tclass=\"column  block-185 col-sm-6 col-md-6 col-lg-6 position-relative cc-curved-image-container cc-curved-image-container--right cc-with-spiral\"\n\tstyle=\"padding-left:0px;padding-right:0px;\"\n\t>\n\t\n\t\n\n\n\t<div \n\tid=\"block-186\"\n\tclass=\"core-image  block-186 position-relative\"\n\tstyle=\"\"\n\t>\n\t\n\t\n<figure class=\"wp-block-image size-full\"><img width=\"1200\" height=\"800\" data-src=\"https:\/\/schades.com\/pl\/wp-content\/uploads\/sites\/4\/2024\/04\/Become-a-reseller-web.jpg\" alt=\"\" class=\"wp-image-908 lazy\" srcset=\"https:\/\/schades.com\/pl\/wp-content\/uploads\/sites\/4\/2024\/04\/Become-a-reseller-web.jpg 1200w, https:\/\/schades.com\/pl\/wp-content\/uploads\/sites\/4\/2024\/04\/Become-a-reseller-web-300x200.jpg 300w, https:\/\/schades.com\/pl\/wp-content\/uploads\/sites\/4\/2024\/04\/Become-a-reseller-web-1024x683.jpg 1024w, https:\/\/schades.com\/pl\/wp-content\/uploads\/sites\/4\/2024\/04\/Become-a-reseller-web-768x512.jpg 768w\" sizes=\"(max-width: 1200px) 100vw, 1200px\" \/><\/figure>\n\n\t\t\t\n\t\n\t\n<\/div>\t\t\n\t\n\t\n<\/div>\t\t\n\t\n\t\n<\/div>\t\t\n\t\n\t\n<\/div>\t\t\n\t\n\t\n<\/div>","protected":false},"excerpt":{"rendered":"","protected":false},"author":1,"featured_media":908,"parent":0,"menu_order":0,"comment_status":"closed","ping_status":"closed","template":"","meta":{"_acf_changed":false,"footnotes":""},"class_list":["post-36","page","type-page","status-publish","has-post-thumbnail","hentry"],"acf":[],"yoast_head":"<!-- This site is optimized with the Yoast SEO plugin v27.3 - https:\/\/yoast.com\/product\/yoast-seo-wordpress\/ -->\n<title>Zosta\u0144 sprzedawc\u0105 | Schades Group<\/title>\n<meta name=\"description\" content=\"Po\u0142\u0105cz si\u0119 z ko\u0144cowym u\u017cytkownikiem i dzia\u0142aj w wielu bran\u017cach, zosta\u0144 resellerem rolek papieru i etykiet ju\u017c dzi\u015b.\" \/>\n<meta name=\"robots\" content=\"noindex, follow, max-snippet:-1, max-image-preview:large, max-video-preview:-1\" \/>\n<meta property=\"og:locale\" content=\"pl_PL\" \/>\n<meta property=\"og:type\" content=\"article\" \/>\n<meta property=\"og:title\" content=\"Zosta\u0144 sprzedawc\u0105 | Schades Group\" \/>\n<meta property=\"og:description\" content=\"Po\u0142\u0105cz si\u0119 z ko\u0144cowym u\u017cytkownikiem i dzia\u0142aj w wielu bran\u017cach, zosta\u0144 resellerem rolek papieru i etykiet ju\u017c dzi\u015b.\" \/>\n<meta property=\"og:url\" content=\"https:\/\/schades.com\/pl\/zostan-sprzedawca\/\" \/>\n<meta property=\"og:site_name\" content=\"Schades Poland\" \/>\n<meta property=\"article:modified_time\" content=\"2025-04-01T12:02:59+00:00\" \/>\n<meta property=\"og:image\" content=\"https:\/\/schades.com\/pl\/wp-content\/uploads\/sites\/4\/2024\/04\/Become-a-reseller-web.jpg\" \/>\n\t<meta property=\"og:image:width\" content=\"1200\" \/>\n\t<meta property=\"og:image:height\" content=\"800\" \/>\n\t<meta property=\"og:image:type\" content=\"image\/jpeg\" \/>\n<meta name=\"twitter:card\" content=\"summary_large_image\" \/>\n<meta name=\"twitter:label1\" content=\"Szacowany czas czytania\" \/>\n\t<meta name=\"twitter:data1\" content=\"2 minuty\" \/>\n<script type=\"application\/ld+json\" class=\"yoast-schema-graph\">{\"@context\":\"https:\\\/\\\/schema.org\",\"@graph\":[{\"@type\":\"WebPage\",\"@id\":\"https:\\\/\\\/schades.com\\\/pl\\\/zostan-sprzedawca\\\/\",\"url\":\"https:\\\/\\\/schades.com\\\/pl\\\/zostan-sprzedawca\\\/\",\"name\":\"Zosta\u0144 sprzedawc\u0105 | Schades Group\",\"isPartOf\":{\"@id\":\"https:\\\/\\\/schades.com\\\/pl\\\/#website\"},\"primaryImageOfPage\":{\"@id\":\"https:\\\/\\\/schades.com\\\/pl\\\/zostan-sprzedawca\\\/#primaryimage\"},\"image\":{\"@id\":\"https:\\\/\\\/schades.com\\\/pl\\\/zostan-sprzedawca\\\/#primaryimage\"},\"thumbnailUrl\":\"https:\\\/\\\/schades.com\\\/pl\\\/wp-content\\\/uploads\\\/sites\\\/4\\\/2024\\\/04\\\/Become-a-reseller-web.jpg\",\"datePublished\":\"2024-01-04T16:50:55+00:00\",\"dateModified\":\"2025-04-01T12:02:59+00:00\",\"description\":\"Po\u0142\u0105cz si\u0119 z ko\u0144cowym u\u017cytkownikiem i dzia\u0142aj w wielu bran\u017cach, zosta\u0144 resellerem rolek papieru i etykiet ju\u017c dzi\u015b.\",\"breadcrumb\":{\"@id\":\"https:\\\/\\\/schades.com\\\/pl\\\/zostan-sprzedawca\\\/#breadcrumb\"},\"inLanguage\":\"pl-PL\",\"potentialAction\":[{\"@type\":\"ReadAction\",\"target\":[\"https:\\\/\\\/schades.com\\\/pl\\\/zostan-sprzedawca\\\/\"]}]},{\"@type\":\"ImageObject\",\"inLanguage\":\"pl-PL\",\"@id\":\"https:\\\/\\\/schades.com\\\/pl\\\/zostan-sprzedawca\\\/#primaryimage\",\"url\":\"https:\\\/\\\/schades.com\\\/pl\\\/wp-content\\\/uploads\\\/sites\\\/4\\\/2024\\\/04\\\/Become-a-reseller-web.jpg\",\"contentUrl\":\"https:\\\/\\\/schades.com\\\/pl\\\/wp-content\\\/uploads\\\/sites\\\/4\\\/2024\\\/04\\\/Become-a-reseller-web.jpg\",\"width\":1200,\"height\":800},{\"@type\":\"BreadcrumbList\",\"@id\":\"https:\\\/\\\/schades.com\\\/pl\\\/zostan-sprzedawca\\\/#breadcrumb\",\"itemListElement\":[{\"@type\":\"ListItem\",\"position\":1,\"name\":\"Home\",\"item\":\"https:\\\/\\\/schades.com\\\/pl\\\/\"},{\"@type\":\"ListItem\",\"position\":2,\"name\":\"Zosta\u0144 sprzedawc\u0105\"}]},{\"@type\":\"WebSite\",\"@id\":\"https:\\\/\\\/schades.com\\\/pl\\\/#website\",\"url\":\"https:\\\/\\\/schades.com\\\/pl\\\/\",\"name\":\"Schades Poland\",\"description\":\"\",\"potentialAction\":[{\"@type\":\"SearchAction\",\"target\":{\"@type\":\"EntryPoint\",\"urlTemplate\":\"https:\\\/\\\/schades.com\\\/pl\\\/?s={search_term_string}\"},\"query-input\":{\"@type\":\"PropertyValueSpecification\",\"valueRequired\":true,\"valueName\":\"search_term_string\"}}],\"inLanguage\":\"pl-PL\"}]}<\/script>\n<!-- \/ Yoast SEO plugin. -->","yoast_head_json":{"title":"Zosta\u0144 sprzedawc\u0105 | Schades Group","description":"Po\u0142\u0105cz si\u0119 z ko\u0144cowym u\u017cytkownikiem i dzia\u0142aj w wielu bran\u017cach, zosta\u0144 resellerem rolek papieru i etykiet ju\u017c dzi\u015b.","robots":{"index":"noindex","follow":"follow","max-snippet":"max-snippet:-1","max-image-preview":"max-image-preview:large","max-video-preview":"max-video-preview:-1"},"og_locale":"pl_PL","og_type":"article","og_title":"Zosta\u0144 sprzedawc\u0105 | Schades Group","og_description":"Po\u0142\u0105cz si\u0119 z ko\u0144cowym u\u017cytkownikiem i dzia\u0142aj w wielu bran\u017cach, zosta\u0144 resellerem rolek papieru i etykiet ju\u017c dzi\u015b.","og_url":"https:\/\/schades.com\/pl\/zostan-sprzedawca\/","og_site_name":"Schades Poland","article_modified_time":"2025-04-01T12:02:59+00:00","og_image":[{"width":1200,"height":800,"url":"https:\/\/schades.com\/pl\/wp-content\/uploads\/sites\/4\/2024\/04\/Become-a-reseller-web.jpg","type":"image\/jpeg"}],"twitter_card":"summary_large_image","twitter_misc":{"Szacowany czas czytania":"2 minuty"},"schema":{"@context":"https:\/\/schema.org","@graph":[{"@type":"WebPage","@id":"https:\/\/schades.com\/pl\/zostan-sprzedawca\/","url":"https:\/\/schades.com\/pl\/zostan-sprzedawca\/","name":"Zosta\u0144 sprzedawc\u0105 | Schades Group","isPartOf":{"@id":"https:\/\/schades.com\/pl\/#website"},"primaryImageOfPage":{"@id":"https:\/\/schades.com\/pl\/zostan-sprzedawca\/#primaryimage"},"image":{"@id":"https:\/\/schades.com\/pl\/zostan-sprzedawca\/#primaryimage"},"thumbnailUrl":"https:\/\/schades.com\/pl\/wp-content\/uploads\/sites\/4\/2024\/04\/Become-a-reseller-web.jpg","datePublished":"2024-01-04T16:50:55+00:00","dateModified":"2025-04-01T12:02:59+00:00","description":"Po\u0142\u0105cz si\u0119 z ko\u0144cowym u\u017cytkownikiem i dzia\u0142aj w wielu bran\u017cach, zosta\u0144 resellerem rolek papieru i etykiet ju\u017c dzi\u015b.","breadcrumb":{"@id":"https:\/\/schades.com\/pl\/zostan-sprzedawca\/#breadcrumb"},"inLanguage":"pl-PL","potentialAction":[{"@type":"ReadAction","target":["https:\/\/schades.com\/pl\/zostan-sprzedawca\/"]}]},{"@type":"ImageObject","inLanguage":"pl-PL","@id":"https:\/\/schades.com\/pl\/zostan-sprzedawca\/#primaryimage","url":"https:\/\/schades.com\/pl\/wp-content\/uploads\/sites\/4\/2024\/04\/Become-a-reseller-web.jpg","contentUrl":"https:\/\/schades.com\/pl\/wp-content\/uploads\/sites\/4\/2024\/04\/Become-a-reseller-web.jpg","width":1200,"height":800},{"@type":"BreadcrumbList","@id":"https:\/\/schades.com\/pl\/zostan-sprzedawca\/#breadcrumb","itemListElement":[{"@type":"ListItem","position":1,"name":"Home","item":"https:\/\/schades.com\/pl\/"},{"@type":"ListItem","position":2,"name":"Zosta\u0144 sprzedawc\u0105"}]},{"@type":"WebSite","@id":"https:\/\/schades.com\/pl\/#website","url":"https:\/\/schades.com\/pl\/","name":"Schades Poland","description":"","potentialAction":[{"@type":"SearchAction","target":{"@type":"EntryPoint","urlTemplate":"https:\/\/schades.com\/pl\/?s={search_term_string}"},"query-input":{"@type":"PropertyValueSpecification","valueRequired":true,"valueName":"search_term_string"}}],"inLanguage":"pl-PL"}]}},"_links":{"self":[{"href":"https:\/\/schades.com\/pl\/wp-json\/wp\/v2\/pages\/36","targetHints":{"allow":["GET"]}}],"collection":[{"href":"https:\/\/schades.com\/pl\/wp-json\/wp\/v2\/pages"}],"about":[{"href":"https:\/\/schades.com\/pl\/wp-json\/wp\/v2\/types\/page"}],"author":[{"embeddable":true,"href":"https:\/\/schades.com\/pl\/wp-json\/wp\/v2\/users\/1"}],"replies":[{"embeddable":true,"href":"https:\/\/schades.com\/pl\/wp-json\/wp\/v2\/comments?post=36"}],"version-history":[{"count":16,"href":"https:\/\/schades.com\/pl\/wp-json\/wp\/v2\/pages\/36\/revisions"}],"predecessor-version":[{"id":2822,"href":"https:\/\/schades.com\/pl\/wp-json\/wp\/v2\/pages\/36\/revisions\/2822"}],"wp:featuredmedia":[{"embeddable":true,"href":"https:\/\/schades.com\/pl\/wp-json\/wp\/v2\/media\/908"}],"wp:attachment":[{"href":"https:\/\/schades.com\/pl\/wp-json\/wp\/v2\/media?parent=36"}],"curies":[{"name":"wp","href":"https:\/\/api.w.org\/{rel}","templated":true}]}}