{"id":807,"date":"2024-04-03T14:05:37","date_gmt":"2024-04-03T14:05:37","guid":{"rendered":"https:\/\/schades.com\/pl\/?page_id=807"},"modified":"2025-03-26T09:42:11","modified_gmt":"2025-03-26T09:42:11","slug":"plik-cookie-polityki","status":"publish","type":"page","link":"https:\/\/schades.com\/pl\/plik-cookie-polityki\/","title":{"rendered":"Plik cookie polityki"},"content":{"rendered":"<div \n\tid=\"block-3\"\n\tclass=\"strip  block-3 position-relative\"\n\tstyle=\"\"\n\t>\n\t\n\t\n\t<div \n\tid=\"block-4\"\n\tclass=\"container  block-4 position-relative\"\n\tstyle=\"\"\n\t>\n\t\n\t\r\n\r\n\n\t\t<style>\n\t\t.block-5:not(.v-middle):not(.v-bottom) > .column:not(.position-sticky) {\n\t\t\theight: 100%;\n\t\t}\n\t\t\n\t\t\t\t\t.block-5 {\n\t\t\t\theight: 100px !important;\n\t\t\t}\n\t\t\n\t\t\t\t\t@media ( min-width: 767px ) and ( max-width: 991px ) {\n\t\t\t\t.block-5 {\n\t\t\t\t\theight: 200px !important;\n\t\t\t\t}\n\t\t\t}\n\t\t\n\t\t\t\t\t@media ( min-width: 992px ) and ( max-width: 1199px ) {\n\t\t\t\t.block-5 {\n\t\t\t\t\theight: 200px !important;\n\t\t\t\t}\n\t\t\t}\n\t\t\n\t\t\t\t\t@media ( min-width: 1200px ) {\n\t\t\t\t.block-5 {\n\t\t\t\t\theight: 170px !important;\n\t\t\t\t}\n\t\t\t}\n\t\t\t<\/style>\n<div \n\tid=\"block-5\"\n\tclass=\"row  block-5 height-mobile height-tablet height-medium height-large position-relative\"\n\tstyle=\"\"\n\t>\n\t\n\t\n\t\t\t\n\t\n\t\n<\/div>\t\t\n\t\n\t\n<\/div>\t\t\n\t\n\t\n<\/div>\r\n<div \n\tid=\"block-326\"\n\tclass=\"strip  block-326 position-relative\"\n\tstyle=\"\"\n\t>\n\t\n\t\n\t<div \n\tid=\"block-327\"\n\tclass=\"container  block-327 position-relative\"\n\tstyle=\"\"\n\t>\n\t\n\t\r\n\r\n\n\t<div \n\tid=\"block-328\"\n\tclass=\"row  block-328 position-relative\"\n\tstyle=\"\"\n\t>\n\t\n\t\r\n\r\n\r\n\n\t<div \n\tid=\"block-329\"\n\tclass=\"column  block-329 position-relative col-xs-12\"\n\tstyle=\"margin-bottom:30px;\"\n\t>\n\t\n\t\r\n\r\n\n\t<div \n\tid=\"block-330\"\n\tclass=\"core-heading  block-330 position-relative\"\n\tstyle=\"\"\n\t>\n\t\n\t\r\n<h1 class=\"wp-block-heading\">Plik cookie polityki<\/h1>\r\n\n\t\t\t\n\t\n\t\n<\/div>\t\t\n\t\n\t\n<\/div><div \n\tid=\"block-332\"\n\tclass=\"column  block-332 position-relative col-xs-12\"\n\tstyle=\"margin-bottom:50px;\"\n\t>\n\t\n\t\r\n\r\n\r\n\r\n\r\n\r\n\r\n\r\n\r\n\r\n\r\n\r\n\r\n\r\n\r\n\r\n\r\n\r\n\r\n\r\n\r\n\r\n\r\n\r\n\r\n\r\n\r\n\r\n\r\n\r\n\r\n\r\n\r\n\r\n\r\n\r\n\r\n\r\n\r\n\r\n\r\n\r\n\r\n\r\n\r\n\r\n\r\n\r\n\r\n\r\n\r\n\r\n\n\t<div \n\tid=\"block-333\"\n\tclass=\"core-paragraph  block-333 position-relative\"\n\tstyle=\"\"\n\t>\n\t\n\t\r\n<p>Nasza strona internetowa wykorzystuje <strong>pliki cookie<\/strong> , aby wyodr\u0119bni\u0107 Ci\u0119 z innych u\u017cytkownik\u00f3w naszej witryny. Umo\u017cliwia nam dost\u0119p do dobrych do\u015bwiadcze\u0144 podczas przegl\u0105dania naszej witryny, a tak\u017ce pozwala na ulepszenie naszej witryny.<\/p>\r\n\n\t\t\t\n\t\n\t\n<\/div><div \n\tid=\"block-335\"\n\tclass=\"core-paragraph  block-335 position-relative\"\n\tstyle=\"\"\n\t>\n\t\n\t\r\n<p><strong>Plik cookie<\/strong> to ma\u0142y plik tworz\u0105cy si\u0119 z litra i cyfrowy, kt\u00f3ry przechowujemy w Twojej witrynie lub na dysku twardym twojego komputera, je\u015bli wyrazisz na to drapie\u017cnik.<\/p>\r\n\n\t\t\t\n\t\n\t\n<\/div><div \n\tid=\"block-337\"\n\tclass=\"core-paragraph  block-337 position-relative\"\n\tstyle=\"\"\n\t>\n\t\n\t\r\n<p><strong>Pliki cookie<\/strong> zawieraj\u0105ce informacje przesy\u0142ane na twardy dysk Twojej komputera.<\/p>\r\n\n\t\t\t\n\t\n\t\n<\/div><div \n\tid=\"block-339\"\n\tclass=\"core-paragraph  block-339 position-relative\"\n\tstyle=\"\"\n\t>\n\t\n\t\r\n<p>U\u017cywamy <strong>plik\u00f3w cookie<\/strong> :<\/p>\r\n\n\t\t\t\n\t\n\t\n<\/div><div \n\tid=\"block-341\"\n\tclass=\"core-paragraph  block-341 position-relative\"\n\tstyle=\"\"\n\t>\n\t\n\t\r\n<p><strong>\u015aci\u015ble niezb\u0119dne pliki cookie.<\/strong> S\u0105 to <strong>pliki cookie<\/strong> niezb\u0119dne do dzia\u0142ania naszej strony internetowej. Obejmuj\u0105 jeden z przyk\u0142ad\u00f3w <strong>plik\u00f3w cookie<\/strong> , kt\u00f3re uruchamiaj\u0105 logowanie do bezpiecznych obszar\u00f3w naszej witryny internetowej, korzystaj\u0105 z koszyka lub korzystaj\u0105 z us\u0142ug e-faktur.<\/p>\r\n\n\t\t\t\n\t\n\t\n<\/div><div \n\tid=\"block-343\"\n\tclass=\"core-paragraph  block-343 position-relative\"\n\tstyle=\"\"\n\t>\n\t\n\t\r\n<p><strong>Analityczne lub wydajno\u015bciowe pliki cookie.<\/strong> Dost\u0119pne s\u0105 nazwy, kt\u00f3re s\u0105 dost\u0119pne dla odwiedzaj\u0105cych oraz w jaki spos\u00f3b odwiedzaj\u0105 nasz\u0105 witryn\u0119 internetow\u0105, gdy s\u0105 dost\u0119pne. Pomaga nam w lepszym sposobie dzia\u0142ania naszej witryny, na przyk\u0142ad, \u017ce u\u017cytkownicy z lokalizacji do miejsca, gdzie jest to mo\u017cliwe.<\/p>\r\n\n\t\t\t\n\t\n\t\n<\/div><div \n\tid=\"block-345\"\n\tclass=\"core-paragraph  block-345 position-relative\"\n\tstyle=\"\"\n\t>\n\t\n\t\r\n<p><strong>Funkcjonalne pliki cookie.<\/strong> S\u0142u\u017c\u0105 one do rozpoznania Ci\u0119, gdy wr\u00f3cisz do naszej strony internetowej. Dzi\u0119ki temu mo\u017cesz spersonalizowa\u0107 dla Ciebie nasze tre\u015bci, powita\u0107 Ci\u0119 po u\u017cytkowniku i zapami\u0119ta\u0107 Twoje tre\u015bci.<\/p>\r\n\n\t\t\t\n\t\n\t\n<\/div><div \n\tid=\"block-347\"\n\tclass=\"core-paragraph  block-347 position-relative\"\n\tstyle=\"\"\n\t>\n\t\n\t\r\n<p><strong>Targetuj\u0105ce pliki cookie.<\/strong> <strong>Pliki cookie<\/strong> rejestruj\u0105 Twoj\u0105 witryn\u0119 na naszej stronie internetowej, odwiedzone strony i linki, z kt\u00f3rych skorzysta\u0142e\u015b. Wykorzystamy te informacje, aby nasza strona internetowa by\u0142a wy\u015bwietlana na innych reklamach, kt\u00f3re s\u0105 p\u00f3\u017aniej dost\u0119pne. W tym celu mo\u017cesz udost\u0119pni\u0107 te informacje, kt\u00f3re s\u0105 dost\u0119pne.<\/p>\r\n\n\t\t\t\n\t\n\t\n<\/div><div \n\tid=\"block-349\"\n\tclass=\"core-paragraph  block-349 position-relative\"\n\tstyle=\"\"\n\t>\n\t\n\t\r\n<p>Wi\u0119cej informacji na temat poszczeg\u00f3lnych <strong>plik\u00f3w cookie<\/strong> , kt\u00f3rych znaczenie i cele mo\u017cna znale\u017a\u0107 poni\u017cej:<\/p>\r\n\n\t\t\t\n\t\n\t\n<\/div><div \n\tid=\"block-351\"\n\tclass=\"core-paragraph  block-351 position-relative\"\n\tstyle=\"\"\n\t>\n\t\n\t\r\n<p><strong>Nazwa pliku cookie<\/strong><\/p>\r\n\n\t\t\t\n\t\n\t\n<\/div><div \n\tid=\"block-353\"\n\tclass=\"core-paragraph  block-353 position-relative\"\n\tstyle=\"\"\n\t>\n\t\n\t\r\n<p>Polityka plik\u00f3w cookies dla Google Analytics<\/p>\r\n\n\t\t\t\n\t\n\t\n<\/div><div \n\tid=\"block-355\"\n\tclass=\"core-paragraph  block-355 position-relative\"\n\tstyle=\"\"\n\t>\n\t\n\t\r\n<p>Nazwa pliku cookie: _ga<\/p>\r\n\n\t\t\t\n\t\n\t\n<\/div><div \n\tid=\"block-357\"\n\tclass=\"core-paragraph  block-357 position-relative\"\n\tstyle=\"\"\n\t>\n\t\n\t\r\n<p>Ten plik cookie s\u0142u\u017cy do stosowania i rejestracji danych z Google Analytics, a jego czas trwania wynosi 2 lata.<\/p>\r\n\n\t\t\t\n\t\n\t\n<\/div><div \n\tid=\"block-359\"\n\tclass=\"core-paragraph  block-359 position-relative\"\n\tstyle=\"\"\n\t>\n\t\n\t\r\n<p>Cel pliku cookie:<\/p>\r\n\n\t\t\t\n\t\n\t\n<\/div><div \n\tid=\"block-361\"\n\tclass=\"core-paragraph  block-361 position-relative\"\n\tstyle=\"\"\n\t>\n\t\n\t\r\n<p>Ten plik cookie s\u0142u\u017cy do:<\/p>\r\n\n\t\t\t\n\t\n\t\n<\/div><div \n\tid=\"block-363\"\n\tclass=\"core-paragraph  block-363 position-relative\"\n\tstyle=\"\"\n\t>\n\t\n\t\r\n<p>(a) Oszacuj wielko\u015b\u0107 naszej grupy odbiorc\u00f3w i spos\u00f3b jej wykorzystania.<\/p>\r\n\n\t\t\t\n\t\n\t\n<\/div><div \n\tid=\"block-365\"\n\tclass=\"core-paragraph  block-365 position-relative\"\n\tstyle=\"\"\n\t>\n\t\n\t\r\n<p>(b) Rozpoznawanie Ci\u0119, gdy wracasz do naszej strony.<\/p>\r\n\n\t\t\t\n\t\n\t\n<\/div><div \n\tid=\"block-367\"\n\tclass=\"core-paragraph  block-367 position-relative\"\n\tstyle=\"\"\n\t>\n\t\n\t\r\n<p>(c) Pozw\u00f3l nam zbiera\u0107 dane o tym, jak korzysta\u0107 z naszej witryny, aby uzyska\u0107 dost\u0119p do przegl\u0105dania.<\/p>\r\n\n\t\t\t\n\t\n\t\n<\/div><div \n\tid=\"block-369\"\n\tclass=\"core-paragraph  block-369 position-relative\"\n\tstyle=\"\"\n\t>\n\t\n\t\r\n<p>Informacje gromadzone przez dziesi\u0119\u0107 plik\u00f3w cookie obejmuj\u0105 mi\u0119dzy innymi witrynami odwiedzaj\u0105cymi nasz\u0105 witryn\u0119, przegl\u0105dane strony i czas udost\u0119pniania w naszych witrynach. Informacje te s\u0142u\u017c\u0105 do ulepszania zawarto\u015bci naszej witryny oraz dodatkowego rozszerzenia przegl\u0105dania.<\/p>\r\n\n\t\t\t\n\t\n\t\n<\/div><div \n\tid=\"block-371\"\n\tclass=\"core-paragraph  block-371 position-relative\"\n\tstyle=\"\"\n\t>\n\t\n\t\r\n<p>Polityka plik\u00f3w cookie reklama na Facebooku:<\/p>\r\n\n\t\t\t\n\t\n\t\n<\/div><div \n\tid=\"block-373\"\n\tclass=\"core-paragraph  block-373 position-relative\"\n\tstyle=\"\"\n\t>\n\t\n\t\r\n<p>Nazwa pliku cookie: Piksel Facebooka<\/p>\r\n\n\t\t\t\n\t\n\t\n<\/div><div \n\tid=\"block-375\"\n\tclass=\"core-paragraph  block-375 position-relative\"\n\tstyle=\"\"\n\t>\n\t\n\t\r\n<p>Cel i czas trwania:<\/p>\r\n\n\t\t\t\n\t\n\t\n<\/div><div \n\tid=\"block-377\"\n\tclass=\"core-paragraph  block-377 position-relative\"\n\tstyle=\"\"\n\t>\n\t\n\t\r\n<p>Ten plik cookie jest u\u017cywany przez Facebook Ads do wykorzystania informacji o tym, jak korzysta\u0107 z naszej witryny. Informacje zebrane przez dziesi\u0119\u0107 plik\u00f3w cookie wysy\u0142anych do ukierunkowanych reklam na Facebooku i stronach internetowych jego partner\u00f3w. Plik cookie jest wa\u017cny przez 90 dni.<\/p>\r\n\n\t\t\t\n\t\n\t\n<\/div><div \n\tid=\"block-379\"\n\tclass=\"core-paragraph  block-379 position-relative\"\n\tstyle=\"\"\n\t>\n\t\n\t\r\n<p>Ten plik cookie s\u0142u\u017cy do:<\/p>\r\n\n\t\t\t\n\t\n\t\n<\/div><div \n\tid=\"block-381\"\n\tclass=\"core-paragraph  block-381 position-relative\"\n\tstyle=\"\"\n\t>\n\t\n\t\r\n<p>(a) kontrolowanie Ci ukierunkowane reklamy na Facebooku iw witrynach jego partner\u00f3w.<\/p>\r\n\n\t\t\t\n\t\n\t\n<\/div><div \n\tid=\"block-383\"\n\tclass=\"core-paragraph  block-383 position-relative\"\n\tstyle=\"\"\n\t>\n\t\n\t\r\n<p>(b) \u015aled\u017a konwersje z reklam\u0105 na Facebooku.<\/p>\r\n\n\t\t\t\n\t\n\t\n<\/div><div \n\tid=\"block-385\"\n\tclass=\"core-paragraph  block-385 position-relative\"\n\tstyle=\"\"\n\t>\n\t\n\t\r\n<p>wykorzystanie z naszej witryny udost\u0119pniasz plik cookie Pixel Facebooka.<\/p>\r\n\n\t\t\t\n\t\n\t\n<\/div><div \n\tid=\"block-387\"\n\tclass=\"core-paragraph  block-387 position-relative\"\n\tstyle=\"\"\n\t>\n\t\n\t\r\n<p>Polityka plik\u00f3w cookie reklama TikTok:<\/p>\r\n\n\t\t\t\n\t\n\t\n<\/div><div \n\tid=\"block-389\"\n\tclass=\"core-paragraph  block-389 position-relative\"\n\tstyle=\"\"\n\t>\n\t\n\t\r\n<p>Nazwa pliku cookie: Piksel TikTok<\/p>\r\n\n\t\t\t\n\t\n\t\n<\/div><div \n\tid=\"block-391\"\n\tclass=\"core-paragraph  block-391 position-relative\"\n\tstyle=\"\"\n\t>\n\t\n\t\r\n<p>Cel i czas trwania:<\/p>\r\n\n\t\t\t\n\t\n\t\n<\/div><div \n\tid=\"block-393\"\n\tclass=\"core-paragraph  block-393 position-relative\"\n\tstyle=\"\"\n\t>\n\t\n\t\r\n<p>Ten plik cookie jest u\u017cywany przez TikTok Ads do wykorzystania informacji o tym, jak korzysta\u0107 z naszej witryny. Informacje zebrane przez ten plik cookie udost\u0119pniany przez ukierunkowane reklamy w aplikacji TikTok i witrynach jej partner\u00f3w. Plik cookie jest wa\u017cny przez 90 dni.<\/p>\r\n\n\t\t\t\n\t\n\t\n<\/div><div \n\tid=\"block-395\"\n\tclass=\"core-paragraph  block-395 position-relative\"\n\tstyle=\"\"\n\t>\n\t\n\t\r\n<p>Ten plik cookie s\u0142u\u017cy do:<\/p>\r\n\n\t\t\t\n\t\n\t\n<\/div><div \n\tid=\"block-397\"\n\tclass=\"core-paragraph  block-397 position-relative\"\n\tstyle=\"\"\n\t>\n\t\n\t\r\n<p>(a) kontrolowane ukierunkowane reklamy w aplikacji TikTok i witrynyach jej partnerskich.<\/p>\r\n\n\t\t\t\n\t\n\t\n<\/div><div \n\tid=\"block-399\"\n\tclass=\"core-paragraph  block-399 position-relative\"\n\tstyle=\"\"\n\t>\n\t\n\t\r\n<p>(b) \u015aled\u017a konwersje z reklam TikTok.<\/p>\r\n\n\t\t\t\n\t\n\t\n<\/div><div \n\tid=\"block-401\"\n\tclass=\"core-paragraph  block-401 position-relative\"\n\tstyle=\"\"\n\t>\n\t\n\t\r\n<p>udost\u0119pnianie z naszej witryny, wyra\u017casz zgod\u0119 na u\u017cywanie przez TikTok Ads pliku cookie TikTok Pixel.<\/p>\r\n\n\t\t\t\n\t\n\t\n<\/div><div \n\tid=\"block-403\"\n\tclass=\"core-paragraph  block-403 position-relative\"\n\tstyle=\"\"\n\t>\n\t\n\t\r\n<p>udost\u0119pnianie z naszej witryny, wyra\u017casz zgod\u0119 na u\u017cycie tego pliku cookie w tych plikach. Je\u015bli nie wyrazisz zgody na u\u017cycie tego pliku cookie, mo\u017cesz wy\u0142\u0105czy\u0107 pliki cookie w ustawieniach ustawie\u0144.<\/p>\r\n\n\t\t\t\n\t\n\t\n<\/div><div \n\tid=\"block-405\"\n\tclass=\"core-paragraph  block-405 position-relative\"\n\tstyle=\"\"\n\t>\n\t\n\t\r\n<p>niezb\u0119dne, \u017ce strony trzecie, takie jak sie\u0107 reklamowa i dostawca us\u0142ug zewn\u0119trznych, takie jak us\u0142ugi analizy ruchu w sieci, mog\u0105 r\u00f3wnie\u017c kontrolowa\u0107 pliki cookie, nad kt\u00f3rymi nie mamy kontroli. Te pliki cookie mog\u0105 by\u0107 udost\u0119pniane jako pliki cookie, pliki cookie dotycz\u0105ce wydajno\u015bci lub plik\u00f3w cookie dotycz\u0105ce cel\u00f3w.<\/p>\r\n\n\t\t\t\n\t\n\t\n<\/div><div \n\tid=\"block-407\"\n\tclass=\"core-paragraph  block-407 position-relative\"\n\tstyle=\"\"\n\t>\n\t\n\t\r\n<p>Nie udost\u0119pniamy informacji zebranych przez pliki <strong>cookies<\/strong> stanowi\u0105ce podmiot.<\/p>\r\n\n\t\t\t\n\t\n\t\n<\/div><div \n\tid=\"block-409\"\n\tclass=\"core-paragraph  block-409 position-relative\"\n\tstyle=\"\"\n\t>\n\t\n\t\r\n<p>Mo\u017cesz wybra\u0107, kt\u00f3re <strong>pliki cookie s\u0105<\/strong> funkcjonalne i mog\u0105 by\u0107 stosowane, stosuj\u0105c(i):<\/p>\r\n\n\t\t\t\n\t\n\t\n<\/div><div \n\tid=\"block-411\"\n\tclass=\"core-paragraph  block-411 position-relative\"\n\tstyle=\"\"\n\t>\n\t\n\t\r\n<p>Niezb\u0119dne <strong>pliki cookie<\/strong> <strong>WY\u0141\u0104CZONE<\/strong><\/p>\r\n\n\t\t\t\n\t\n\t\n<\/div><div \n\tid=\"block-413\"\n\tclass=\"core-paragraph  block-413 position-relative\"\n\tstyle=\"\"\n\t>\n\t\n\t\r\n<p>Analityczne lub wydajno\u015bciowe <strong>pliki cookie<\/strong> <strong>WY\u0141\u0104CZONE<\/strong><\/p>\r\n\n\t\t\t\n\t\n\t\n<\/div><div \n\tid=\"block-415\"\n\tclass=\"core-paragraph  block-415 position-relative\"\n\tstyle=\"\"\n\t>\n\t\n\t\r\n<p>Funkcjonalne <strong>pliki cookie<\/strong> <strong>WY\u0141\u0104CZONE<\/strong><\/p>\r\n\n\t\t\t\n\t\n\t\n<\/div><div \n\tid=\"block-417\"\n\tclass=\"core-paragraph  block-417 position-relative\"\n\tstyle=\"\"\n\t>\n\t\n\t\r\n<p>Targetuj\u0105ce <strong>pliki cookie<\/strong> <strong>WY\u0141\u0104CZONE<\/strong><\/p>\r\n\n\t\t\t\n\t\n\t\n<\/div><div \n\tid=\"block-419\"\n\tclass=\"core-paragraph  block-419 position-relative\"\n\tstyle=\"\"\n\t>\n\t\n\t\r\n<p>Je\u015bli jednak masz ustawienia ustawie\u0144, aby zablokowa\u0107 wszystkie <strong>pliki cookie<\/strong> (w tych niezb\u0119dnych <strong>plikach cookie<\/strong> ), mo\u017cesz nie mie\u0107 dost\u0119pu do ca\u0142ego lub cz\u0119\u015bci naszej witryny.<\/p>\r\n\n\t\t\t\n\t\n\t\n<\/div><div \n\tid=\"block-421\"\n\tclass=\"core-paragraph  block-421 position-relative\"\n\tstyle=\"\"\n\t>\n\t\n\t\r\n<p><a href=\"https:\/\/uk.practicallaw.thomsonreuters.com\/Document\/I908b99ae555111e9adfea82903531a62\/View\/FullText.html?navigationPath=Search%2Fv1%2Fresults%2Fnavigation%2Fi0ad62af0000001831cde4ae648cd41df%3Fppcid%3Da8fe59026e454bf0b4dee9370304809f%26Nav%3DKNOWHOW_UK%26fragmentIdentifier%3DI908b99ae555111e9adfea82903531a62%26parentRank%3D0%26startIndex%3D1%26contextData%3D%2528sc.Search%2529%26transitionType%3DSearchItem&amp;listSource=Search&amp;listPageSource=36da2b9e832aca19b84ce4f168082bf6&amp;list=KNOWHOW_UK&amp;rank=1&amp;sessionScopeId=8d39f90807acd655ea1a5b313e24c93dd4c453f7fa3180a7728db956b798305e&amp;ppcid=a8fe59026e454bf0b4dee9370304809f&amp;originationContext=Search%20Result&amp;transitionType=SearchItem&amp;contextData=(sc.Search)&amp;comp=pluk&amp;navId=4113A989801747BC11C3690630419F5C&amp;view=hidealldraftingnotes\"><\/a><\/p>\r\n\n\t\t\t\n\t\n\t\n<\/div><div \n\tid=\"block-423\"\n\tclass=\"core-paragraph  block-423 position-relative\"\n\tstyle=\"\"\n\t>\n\t\n\t\r\n<p>Z udost\u0119pnionymi <strong>plikami cookie<\/strong> , wszystkie <strong>pliki cookie<\/strong> wygasn\u0105 po [2 lat].<\/p>\r\n\n\t\t\t\n\t\n\t\n<\/div><div \n\tid=\"block-425\"\n\tclass=\"core-heading  block-425 position-relative\"\n\tstyle=\"\"\n\t>\n\t\n\t\r\n<h4 class=\"wp-block-heading\">Wi\u0119cej informacji.<\/h4>\r\n\n\t\t\t\n\t\n\t\n<\/div><div \n\tid=\"block-427\"\n\tclass=\"core-paragraph  block-427 position-relative\"\n\tstyle=\"\"\n\t>\n\t\n\t\r\n<p>Mamy pewno\u015b\u0107, \u017ce wyja\u015bniono to, jak dosz\u0142o do wyst\u0105pienia, je\u015bli jest co\u015b, czego nie jeste\u015b pewien, czy wyst\u0105pi\u0142, czy nie, faktycznie jest to w\u0142\u0105czone, w\u0142\u0105czone pliki cookie na wypadek, gdyby nast\u0105pi\u0142o wyst\u0105pienie w interakcji z jedn\u0105 z funkcji, kt\u00f3rych u\u017cywano w naszej witrynie.<\/p>\r\n\n\t\t\t\n\t\n\t\n<\/div><div \n\tid=\"block-429\"\n\tclass=\"core-paragraph  block-429 position-relative\"\n\tstyle=\"\"\n\t>\n\t\n\t\r\n<p>Je\u015bli nadal chcesz uzyska\u0107 wi\u0119cej informacji, mo\u017cesz skontaktowa\u0107 si\u0119 z nami za pomoc\u0105 jednej z naszych preferowanych metod kontaktu:<\/p>\r\n\n\t\t\t\n\t\n\t\n<\/div><div \n\tid=\"block-431\"\n\tclass=\"core-list  block-431 position-relative\"\n\tstyle=\"\"\n\t>\n\t\n\t\r\n<ul><\/ul>\r\n\n\t<div \n\tid=\"block-432\"\n\tclass=\"core-list-item  block-432 position-relative\"\n\tstyle=\"\"\n\t>\n\t\n\t\r\n<li><\/li>\r\n\n\t\t\t\n\t\n\t\n<\/div>\t\t\n\t\n\t\n<\/div><div \n\tid=\"block-434\"\n\tclass=\"core-paragraph  block-434 position-relative\"\n\tstyle=\"\"\n\t>\n\t\n\t\r\n<p>E-mail: <a href=\"mailto:info@schades.com\">schades@schades.com<\/a><\/p>\r\n\n\t\t\t\n\t\n\t\n<\/div>\t\t\n\t\n\t\n<\/div>\t\t\n\t\n\t\n<\/div>\t\t\n\t\n\t\n<\/div>\t\t\n\t\n\t\n<\/div>\r\n","protected":false},"excerpt":{"rendered":"","protected":false},"author":1,"featured_media":0,"parent":0,"menu_order":0,"comment_status":"closed","ping_status":"closed","template":"","meta":{"_acf_changed":false,"footnotes":""},"class_list":["post-807","page","type-page","status-publish","hentry"],"acf":[],"yoast_head":"<!-- This site is optimized with the Yoast SEO plugin v27.3 - https:\/\/yoast.com\/product\/yoast-seo-wordpress\/ -->\n<title>Cookie Policy | Schades<\/title>\n<meta name=\"description\" content=\"Our cookie policy. The cookies collected by Schades and how we use this data.\" \/>\n<meta name=\"robots\" content=\"noindex, follow, max-snippet:-1, max-image-preview:large, max-video-preview:-1\" \/>\n<meta property=\"og:locale\" content=\"pl_PL\" \/>\n<meta property=\"og:type\" content=\"article\" \/>\n<meta property=\"og:title\" content=\"Cookie Policy | Schades\" \/>\n<meta property=\"og:description\" content=\"Our cookie policy. The cookies collected by Schades and how we use this data.\" \/>\n<meta property=\"og:url\" content=\"https:\/\/schades.com\/pl\/plik-cookie-polityki\/\" \/>\n<meta property=\"og:site_name\" content=\"Schades Poland\" \/>\n<meta property=\"article:modified_time\" content=\"2025-03-26T09:42:11+00:00\" \/>\n<meta name=\"twitter:card\" content=\"summary_large_image\" \/>\n<meta name=\"twitter:label1\" content=\"Szacowany czas czytania\" \/>\n\t<meta name=\"twitter:data1\" content=\"4 minuty\" \/>\n<script type=\"application\/ld+json\" class=\"yoast-schema-graph\">{\"@context\":\"https:\\\/\\\/schema.org\",\"@graph\":[{\"@type\":\"WebPage\",\"@id\":\"https:\\\/\\\/schades.com\\\/pl\\\/plik-cookie-polityki\\\/\",\"url\":\"https:\\\/\\\/schades.com\\\/pl\\\/plik-cookie-polityki\\\/\",\"name\":\"Cookie Policy | Schades\",\"isPartOf\":{\"@id\":\"https:\\\/\\\/schades.com\\\/pl\\\/#website\"},\"datePublished\":\"2024-04-03T14:05:37+00:00\",\"dateModified\":\"2025-03-26T09:42:11+00:00\",\"description\":\"Our cookie policy. The cookies collected by Schades and how we use this data.\",\"breadcrumb\":{\"@id\":\"https:\\\/\\\/schades.com\\\/pl\\\/plik-cookie-polityki\\\/#breadcrumb\"},\"inLanguage\":\"pl-PL\",\"potentialAction\":[{\"@type\":\"ReadAction\",\"target\":[\"https:\\\/\\\/schades.com\\\/pl\\\/plik-cookie-polityki\\\/\"]}]},{\"@type\":\"BreadcrumbList\",\"@id\":\"https:\\\/\\\/schades.com\\\/pl\\\/plik-cookie-polityki\\\/#breadcrumb\",\"itemListElement\":[{\"@type\":\"ListItem\",\"position\":1,\"name\":\"Home\",\"item\":\"https:\\\/\\\/schades.com\\\/pl\\\/\"},{\"@type\":\"ListItem\",\"position\":2,\"name\":\"Plik cookie polityki\"}]},{\"@type\":\"WebSite\",\"@id\":\"https:\\\/\\\/schades.com\\\/pl\\\/#website\",\"url\":\"https:\\\/\\\/schades.com\\\/pl\\\/\",\"name\":\"Schades Poland\",\"description\":\"\",\"potentialAction\":[{\"@type\":\"SearchAction\",\"target\":{\"@type\":\"EntryPoint\",\"urlTemplate\":\"https:\\\/\\\/schades.com\\\/pl\\\/?s={search_term_string}\"},\"query-input\":{\"@type\":\"PropertyValueSpecification\",\"valueRequired\":true,\"valueName\":\"search_term_string\"}}],\"inLanguage\":\"pl-PL\"}]}<\/script>\n<!-- \/ Yoast SEO plugin. -->","yoast_head_json":{"title":"Cookie Policy | Schades","description":"Our cookie policy. The cookies collected by Schades and how we use this data.","robots":{"index":"noindex","follow":"follow","max-snippet":"max-snippet:-1","max-image-preview":"max-image-preview:large","max-video-preview":"max-video-preview:-1"},"og_locale":"pl_PL","og_type":"article","og_title":"Cookie Policy | Schades","og_description":"Our cookie policy. The cookies collected by Schades and how we use this data.","og_url":"https:\/\/schades.com\/pl\/plik-cookie-polityki\/","og_site_name":"Schades Poland","article_modified_time":"2025-03-26T09:42:11+00:00","twitter_card":"summary_large_image","twitter_misc":{"Szacowany czas czytania":"4 minuty"},"schema":{"@context":"https:\/\/schema.org","@graph":[{"@type":"WebPage","@id":"https:\/\/schades.com\/pl\/plik-cookie-polityki\/","url":"https:\/\/schades.com\/pl\/plik-cookie-polityki\/","name":"Cookie Policy | Schades","isPartOf":{"@id":"https:\/\/schades.com\/pl\/#website"},"datePublished":"2024-04-03T14:05:37+00:00","dateModified":"2025-03-26T09:42:11+00:00","description":"Our cookie policy. The cookies collected by Schades and how we use this data.","breadcrumb":{"@id":"https:\/\/schades.com\/pl\/plik-cookie-polityki\/#breadcrumb"},"inLanguage":"pl-PL","potentialAction":[{"@type":"ReadAction","target":["https:\/\/schades.com\/pl\/plik-cookie-polityki\/"]}]},{"@type":"BreadcrumbList","@id":"https:\/\/schades.com\/pl\/plik-cookie-polityki\/#breadcrumb","itemListElement":[{"@type":"ListItem","position":1,"name":"Home","item":"https:\/\/schades.com\/pl\/"},{"@type":"ListItem","position":2,"name":"Plik cookie polityki"}]},{"@type":"WebSite","@id":"https:\/\/schades.com\/pl\/#website","url":"https:\/\/schades.com\/pl\/","name":"Schades Poland","description":"","potentialAction":[{"@type":"SearchAction","target":{"@type":"EntryPoint","urlTemplate":"https:\/\/schades.com\/pl\/?s={search_term_string}"},"query-input":{"@type":"PropertyValueSpecification","valueRequired":true,"valueName":"search_term_string"}}],"inLanguage":"pl-PL"}]}},"_links":{"self":[{"href":"https:\/\/schades.com\/pl\/wp-json\/wp\/v2\/pages\/807","targetHints":{"allow":["GET"]}}],"collection":[{"href":"https:\/\/schades.com\/pl\/wp-json\/wp\/v2\/pages"}],"about":[{"href":"https:\/\/schades.com\/pl\/wp-json\/wp\/v2\/types\/page"}],"author":[{"embeddable":true,"href":"https:\/\/schades.com\/pl\/wp-json\/wp\/v2\/users\/1"}],"replies":[{"embeddable":true,"href":"https:\/\/schades.com\/pl\/wp-json\/wp\/v2\/comments?post=807"}],"version-history":[{"count":12,"href":"https:\/\/schades.com\/pl\/wp-json\/wp\/v2\/pages\/807\/revisions"}],"predecessor-version":[{"id":2499,"href":"https:\/\/schades.com\/pl\/wp-json\/wp\/v2\/pages\/807\/revisions\/2499"}],"wp:attachment":[{"href":"https:\/\/schades.com\/pl\/wp-json\/wp\/v2\/media?parent=807"}],"curies":[{"name":"wp","href":"https:\/\/api.w.org\/{rel}","templated":true}]}}